{"id":73,"date":"2015-06-03T12:35:16","date_gmt":"2015-06-03T10:35:16","guid":{"rendered":"http:\/\/test.feuerwehr-muessen.de\/?page_id=73"},"modified":"2015-06-03T12:35:16","modified_gmt":"2015-06-03T10:35:16","slug":"einsaetze-2004","status":"publish","type":"page","link":"https:\/\/feuerwehr-muessen.de\/index.php\/einsaetze-2004\/","title":{"rendered":"Eins\u00e4tze 2004"},"content":{"rendered":"<table class=\"einsaetze\">\n<tbody>\n<tr>\n<th>Nr.<\/th>\n<th>Datum<\/th>\n<th>Uhrzeit<\/th>\n<th>Stra\u00dfe<\/th>\n<th>Einsatzart<\/th>\n<th>Einsatzbeschreibung<\/th>\n<th>Einsatzmittel<\/th>\n<\/tr>\n<tr>\n<td>1<\/td>\n<td>19.02.2004<\/td>\n<td>2:34<\/td>\n<td>M\u00fchlenstr.<\/td>\n<td>Techn. Hilfe<\/td>\n<td>nach umgest\u00fcrzten PKW \u00d6l auf Stra\u00dfe<\/td>\n<td>\u00d6lbindemittel, Besen, Schaufel <\/td>\n<\/tr>\n<tr>\n<td>2<\/td>\n<td>27.02.2004<\/td>\n<td>16:30<\/td>\n<td>Dorfstr.<\/td>\n<td>Sicherheit<\/td>\n<td>Ausgabe v.Toilettenpapier <\/td>\n<td><\/td>\n<\/tr>\n<tr>\n<td>3<\/td>\n<td>01.03.2004<\/td>\n<td>15:55<\/td>\n<td>Schmiedestr.4<\/td>\n<td>Feuer<\/td>\n<td>brennt Backofen<\/td>\n<td>1-C , 4 PA <\/td>\n<\/tr>\n<tr>\n<td>4<\/td>\n<td>10.04.2004<\/td>\n<td>19:00<\/td>\n<td>R\u00e4tchenweg<\/td>\n<td>Sicherheit<\/td>\n<td>Osterfeuer<\/td>\n<td>.<\/td>\n<\/tr>\n<tr>\n<td>5<\/td>\n<td>09.05.2004<\/td>\n<td>10:50<\/td>\n<td>Kiessee<\/td>\n<td>Techn. Hilfe<\/td>\n<td>\u00d6l ausgelaufen, Sand ausgehoben<\/td>\n<td>\u00d6lbindemittel, Besen, Schaufel<\/td>\n<\/tr>\n<tr>\n<td>6<\/td>\n<td>10.05.2004<\/td>\n<td>21:30<\/td>\n<td>Dorfstr.<\/td>\n<td>Techn. Hilfe<\/td>\n<td>PKW mit Motorschaden <\/td>\n<td>\u00d6lbindemittel, Besen, Schaufel<\/td>\n<\/tr>\n<tr>\n<td>7<\/td>\n<td>18.05.2004<\/td>\n<td>10:30<\/td>\n<td>Pommernweg<\/td>\n<td>Feuer<\/td>\n<td>brannte Baum auf Grundst\u00fcck<\/td>\n<td>1-C, 100 Ltr.Wasser <\/td>\n<\/tr>\n<tr>\n<td>8<\/td>\n<td>07.06.2004<\/td>\n<td>15:09<\/td>\n<td>Kiessee<\/td>\n<td>Feuer<\/td>\n<td>brannte B\u00f6schung ca 100pm<\/td>\n<td>1-C, 2000 Ltr. Wasser <\/td>\n<\/tr>\n<tr>\n<td>9<\/td>\n<td>07.06.2004<\/td>\n<td>18:45<\/td>\n<td>Raiffeisenstr.<\/td>\n<td>Feuer<\/td>\n<td>Amtswehr\u00fcbung<\/td>\n<td><\/td>\n<\/tr>\n<tr>\n<td>10<\/td>\n<td>19.06.2004<\/td>\n<td>13:00<\/td>\n<td>Pommernweg<\/td>\n<td>Sicherheit<\/td>\n<td>Sch\u00fctzenfest<\/td>\n<td><\/td>\n<\/tr>\n<tr>\n<td>11<\/td>\n<td>20.06.2004<\/td>\n<td>8:00<\/td>\n<td>im Dorf <\/td>\n<td>Sicherheit<\/td>\n<td>Sch\u00fctzenfest<\/td>\n<td><\/td>\n<\/tr>\n<tr>\n<td>12<\/td>\n<td>20.06.2004<\/td>\n<td>21:00<\/td>\n<td>zum Sportplatz<\/td>\n<td>NIL<\/td>\n<td>gest\u00fcrzte Person hilfeleistung und RTW angefordert<\/td>\n<td><\/td>\n<\/tr>\n<tr>\n<td>13<\/td>\n<td>22.06.2004<\/td>\n<td>13:35<\/td>\n<td>Am Sande <\/td>\n<td>Techn. Hilfe<\/td>\n<td>\u00d6lleitung am M\u00fcllwagen geplatzt<\/td>\n<td>\u00d6lbindemittel, Besen, Schaufel<\/td>\n<\/tr>\n<tr>\n<td>14<\/td>\n<td>28.06.2004<\/td>\n<td>18:45<\/td>\n<td>M\u00fchlenstr.<\/td>\n<td>Techn. Hilfe<\/td>\n<td>\u00d6lspur<\/td>\n<td>\u00d6lbindemittel, Besen, Schaufel<\/td>\n<\/tr>\n<tr>\n<td>15<\/td>\n<td>22.07.2004<\/td>\n<td>21:30<\/td>\n<td>Pommernweg<\/td>\n<td>Techn. Hilfe<\/td>\n<td>Olspur<\/td>\n<td>\u00d6lbindemittel, Besen, Schaufel<\/td>\n<\/tr>\n<tr>\n<td>16<\/td>\n<td>03.08.2004<\/td>\n<td>20:13<\/td>\n<td>Grabauerstr.<\/td>\n<td>Techn. Hilfe<\/td>\n<td>Person nach VU eingeklemmt<\/td>\n<td>Schere, Spreizer <\/td>\n<\/tr>\n<tr>\n<td>17<\/td>\n<td>05.08.2004<\/td>\n<td>15:50<\/td>\n<td>Alexander von Wachholz Weg<\/td>\n<td>Feuer<\/td>\n<td>brannten Holzbalken vom Dach deralten Schule (angemeldetes Feuer) ohne Aufsicht<\/td>\n<td>1-C, 5000 Ltr. Wasser <\/td>\n<\/tr>\n<tr>\n<td>18<\/td>\n<td>07.08.2004<\/td>\n<td>4:15<\/td>\n<td>Alexander von Wachholz Weg<\/td>\n<td>Feuer<\/td>\n<td>brannten Holzbalken von unbekannten angez\u00fcndet<\/td>\n<td>2-C, 5000 Ltr. Wasser <\/td>\n<\/tr>\n<tr>\n<td>19<\/td>\n<td>13.08.2004<\/td>\n<td>21:30<\/td>\n<td>Am Sande <\/td>\n<td>Techn. Hilfe<\/td>\n<td>auslaufendes \u00d6l nach Motoradunfall<\/td>\n<td>10 KG \u00d6lbindemittel, Schaufel, Besen<\/td>\n<\/tr>\n<tr>\n<td>20<\/td>\n<td>05.11.2004<\/td>\n<td>18:00<\/td>\n<td>im Dorf <\/td>\n<td>Sicherheit<\/td>\n<td>Laternenumzug 2. Klasse<\/td>\n<td><\/td>\n<\/tr>\n<tr>\n<td>21<\/td>\n<td>11.11.2004<\/td>\n<td>17:30<\/td>\n<td>im Dorf <\/td>\n<td>Sicherheit<\/td>\n<td>Laternenumzug Spielkreis u. 1.Klasse<\/td>\n<td><\/td>\n<\/tr>\n<tr>\n<td>22<\/td>\n<td>12.11.2004<\/td>\n<td>18:00<\/td>\n<td>im Dorf <\/td>\n<td>Sicherheit<\/td>\n<td>Laternenumzug Kindergarten<\/td>\n<td><\/td>\n<\/tr>\n<tr>\n<td>23<\/td>\n<td>04.12.2004<\/td>\n<td>17:00<\/td>\n<td>Schmiedestr.<\/td>\n<td>Feuer<\/td>\n<td>Papiercontainer<\/td>\n<td>4 PA, 1200 Ltr.Wasser<\/td>\n<\/tr>\n<tr>\n<td>24<\/td>\n<td>22.12.2004<\/td>\n<td>18:55<\/td>\n<td>Dorfstr.<\/td>\n<td>Feuer<\/td>\n<td>Zimmerbrand im 1.OG<\/td>\n<td>4 PA, 10 Ltr.Wasser<\/td>\n<\/tr>\n<\/tbody>\n<\/table>\n","protected":false},"excerpt":{"rendered":"<p>Nr. Datum Uhrzeit Stra\u00dfe Einsatzart Einsatzbeschreibung Einsatzmittel 1 19.02.2004 2:34 M\u00fchlenstr. Techn. Hilfe nach umgest\u00fcrzten PKW \u00d6l auf Stra\u00dfe \u00d6lbindemittel, Besen, Schaufel 2 27.02.2004 16:30 Dorfstr. Sicherheit Ausgabe v.Toilettenpapier 3 01.03.2004 15:55 Schmiedestr.4 Feuer brennt Backofen 1-C , 4 PA 4 10.04.2004 19:00 R\u00e4tchenweg Sicherheit Osterfeuer . 5 09.05.2004 10:50 Kiessee Techn. Hilfe \u00d6l ausgelaufen, &hellip; <a href=\"https:\/\/feuerwehr-muessen.de\/index.php\/einsaetze-2004\/\" class=\"more-link\"><span class=\"screen-reader-text\">Eins\u00e4tze 2004<\/span> weiterlesen <span class=\"meta-nav\">&rarr;<\/span><\/a><\/p>\n","protected":false},"author":1,"featured_media":0,"parent":0,"menu_order":0,"comment_status":"closed","ping_status":"closed","template":"","meta":{"ngg_post_thumbnail":0,"footnotes":""},"class_list":["post-73","page","type-page","status-publish","hentry"],"_links":{"self":[{"href":"https:\/\/feuerwehr-muessen.de\/index.php\/wp-json\/wp\/v2\/pages\/73","targetHints":{"allow":["GET"]}}],"collection":[{"href":"https:\/\/feuerwehr-muessen.de\/index.php\/wp-json\/wp\/v2\/pages"}],"about":[{"href":"https:\/\/feuerwehr-muessen.de\/index.php\/wp-json\/wp\/v2\/types\/page"}],"author":[{"embeddable":true,"href":"https:\/\/feuerwehr-muessen.de\/index.php\/wp-json\/wp\/v2\/users\/1"}],"replies":[{"embeddable":true,"href":"https:\/\/feuerwehr-muessen.de\/index.php\/wp-json\/wp\/v2\/comments?post=73"}],"version-history":[{"count":1,"href":"https:\/\/feuerwehr-muessen.de\/index.php\/wp-json\/wp\/v2\/pages\/73\/revisions"}],"predecessor-version":[{"id":74,"href":"https:\/\/feuerwehr-muessen.de\/index.php\/wp-json\/wp\/v2\/pages\/73\/revisions\/74"}],"wp:attachment":[{"href":"https:\/\/feuerwehr-muessen.de\/index.php\/wp-json\/wp\/v2\/media?parent=73"}],"curies":[{"name":"wp","href":"https:\/\/api.w.org\/{rel}","templated":true}]}}