{"id":71,"date":"2015-06-03T12:34:50","date_gmt":"2015-06-03T10:34:50","guid":{"rendered":"http:\/\/test.feuerwehr-muessen.de\/?page_id=71"},"modified":"2015-06-03T12:34:50","modified_gmt":"2015-06-03T10:34:50","slug":"einsaetze-2005","status":"publish","type":"page","link":"https:\/\/feuerwehr-muessen.de\/index.php\/einsaetze-2005\/","title":{"rendered":"Eins\u00e4tze 2005"},"content":{"rendered":"<br \/>\n<table class=\"einsaetze\">\n<tbody>\n<tr>\n<th>Nr.<\/th>\n<th>Datum<\/th>\n<th>Uhrzeit<\/th>\n<th>Stra\u00dfe<\/th>\n<th>Einsatzart<\/th>\n<th>Einsatzbeschreibung<\/th>\n<th>Einsatzmittel<\/th>\n<\/tr>\n<tr>\n<td>1<\/td>\n<td>04.01.2005<\/td>\n<td>23:30<\/td>\n<td>Raifeisenstr.<\/td>\n<td>Feuer<\/td>\n<td>brannte Schuppen 6&#215;8 m<\/td>\n<td>2C,6 PA, Beleuchtung<\/td>\n<\/tr>\n<tr>\n<td>2<\/td>\n<td>08.01.2005<\/td>\n<td>14:55<\/td>\n<td>Bahnhofstr.<\/td>\n<td>Techn. Hilfe<\/td>\n<td>droht Baum umzust\u00fcrzen<\/td>\n<td>Kettens\u00e4ge<\/td>\n<\/tr>\n<tr>\n<td>3<\/td>\n<td>08.01.2005<\/td>\n<td>15:05<\/td>\n<td>Louisenhof H\u00f6he\/Wachholz<\/td>\n<td>Techn. Hilfe<\/td>\n<td>Baum auf Stra\u00dfe <\/td>\n<td>Schaufel, Besen,Kettens\u00e4ge<\/td>\n<\/tr>\n<tr>\n<td>4<\/td>\n<td>08.01.2005<\/td>\n<td>15:25<\/td>\n<td>Louisenhof H\u00f6he \/ Groth<\/td>\n<td>Techn. Hilfe<\/td>\n<td>Baum auf Stra\u00dfe <\/td>\n<td>Schaufel, Besen,Kettens\u00e4ge<\/td>\n<\/tr>\n<tr>\n<td>5<\/td>\n<td>08.01.2005<\/td>\n<td>15:35<\/td>\n<td>Louisenhof H\u00f6he \/ Bollow<\/td>\n<td>Techn. Hilfe<\/td>\n<td>Baum auf Stra\u00dfe<\/td>\n<td>Schaufel, Besen,Kettens\u00e4ge<\/td>\n<\/tr>\n<tr>\n<td>6<\/td>\n<td>08.01.2005<\/td>\n<td>15:40<\/td>\n<td>Schwarzenbeker Str.<\/td>\n<td>Techn. Hilfe<\/td>\n<td>Stra\u00dfe von \u00c4sten gereinigt<\/td>\n<td>Schaufel, Besen <\/td>\n<\/tr>\n<tr>\n<td>7<\/td>\n<td>08.01.2005<\/td>\n<td>15:40<\/td>\n<td>Pommernweg \/ M\u00fchlenstr.<\/td>\n<td>Techn. Hilfe<\/td>\n<td>Stra\u00dfe von \u00c4sten gereinigt<\/td>\n<td>Schaufel, Besen <\/td>\n<\/tr>\n<tr>\n<td>8<\/td>\n<td>22.01.2005<\/td>\n<td>7:30<\/td>\n<td>B 209 <\/td>\n<td>Techn. Hilfe<\/td>\n<td>VUNF 3 PKW <\/td>\n<td>Schaufel, Besen, 40 KG \u00d6lbindemittel<\/td>\n<\/tr>\n<tr>\n<td>9<\/td>\n<td>08.02.2005<\/td>\n<td>19:00<\/td>\n<td>Dorfstr.<\/td>\n<td>HNG<\/td>\n<td>\u00d6lspur nicht zu bek\u00e4mpfen<\/td>\n<td>kein Einsatz <\/td>\n<\/tr>\n<tr>\n<td>10<\/td>\n<td>14.02.2005<\/td>\n<td>15:00<\/td>\n<td>An der Bahn <\/td>\n<td>Techn. Hilfe<\/td>\n<td>droht Baum umzust\u00fcrzen<\/td>\n<td>Kettens\u00e4ge<\/td>\n<\/tr>\n<tr>\n<td>11<\/td>\n<td>21.03.2005<\/td>\n<td>17:00<\/td>\n<td>Kiessee<\/td>\n<td>Feuer<\/td>\n<td>B\u00f6schungsbrand ca.1000m\u00b2<\/td>\n<td>S-Rohr, 1600 Ltr. Wasser, Feuerpatschen<\/td>\n<\/tr>\n<tr>\n<td>12<\/td>\n<td>26.03.2005<\/td>\n<td>18:00<\/td>\n<td>im Dorf<\/td>\n<td>Sicherheit<\/td>\n<td>Osterfeuer<\/td>\n<td><\/td>\n<\/tr>\n<tr>\n<td>13<\/td>\n<td>02.04.2005<\/td>\n<td>18:30<\/td>\n<td>Raifeisenstr.<\/td>\n<td>Feuer<\/td>\n<td>verqualmte K\u00fcche<\/td>\n<td>L\u00fcften u.entfernen der Pfanne<\/td>\n<\/tr>\n<tr>\n<td>14<\/td>\n<td>04.06.2005<\/td>\n<td>13:00<\/td>\n<td>im Dorf<\/td>\n<td>Sicherheit<\/td>\n<td>Sch\u00fctzenfest<\/td>\n<td><\/td>\n<\/tr>\n<tr>\n<td>15<\/td>\n<td>05.06.2005<\/td>\n<td>8:30<\/td>\n<td>im Dorf <\/td>\n<td>Sicherheit<\/td>\n<td>Sch\u00fctzenfest<\/td>\n<td><\/td>\n<\/tr>\n<tr>\n<td>16<\/td>\n<td>25.07.2005<\/td>\n<td>21:35<\/td>\n<td>Bergstr.48<\/td>\n<td>Techn. Hilfe<\/td>\n<td>3 ge\u00f6ffnette Gully Deckel<\/td>\n<td><\/td>\n<\/tr>\n<tr>\n<td>17<\/td>\n<td>29.07.2005<\/td>\n<td>10:35<\/td>\n<td>Bartelsdorfer Wald<\/td>\n<td>Feuer<\/td>\n<td>brannte Unrat <\/td>\n<td>S-Rohr, 700 Ltr.Wasser<\/td>\n<\/tr>\n<tr>\n<td>18<\/td>\n<td>29.07.2005<\/td>\n<td>14:40<\/td>\n<td>R\u00e4tjenweg u. B 209<\/td>\n<td>Techn. Hilfe<\/td>\n<td>Rabs\u00f6lspur in Kurven<\/td>\n<td>10 L \u00d6lbindemittel, Besen, Schaufel<\/td>\n<\/tr>\n<tr>\n<td>19<\/td>\n<td>30.07.2005<\/td>\n<td>1:02<\/td>\n<td>B\u00fcchen, Heideweg<\/td>\n<td>Feuer<\/td>\n<td>Kartoffelhalle Heilmann<\/td>\n<td>4 C, 6 PA,Beleuchtung<\/td>\n<\/tr>\n<tr>\n<td>20<\/td>\n<td>07.08.2005<\/td>\n<td>18:15<\/td>\n<td>Bahnhofstr.<\/td>\n<td>Techn. Hilfe<\/td>\n<td>Asphaltdecke untersp\u00fclt<\/td>\n<td><\/td>\n<\/tr>\n<tr>\n<td>21<\/td>\n<td>09.08.2005<\/td>\n<td>17:45<\/td>\n<td>Bahnhofstr.<\/td>\n<td>Techn. Hilfe<\/td>\n<td>Rohrleitung gesp\u00fclt<\/td>\n<td>S-Rohr,Kanalratte,1200 Ltr. Wasser<\/td>\n<\/tr>\n<tr>\n<td>22<\/td>\n<td>11.08.2005<\/td>\n<td>8:30<\/td>\n<td>Gro\u00df Pampau, Hauptstra\u00dfe 20, Bauernhof Basedow<\/td>\n<td>Feuer<\/td>\n<td>Trocknungsanlage f\u00fcr  Tabak brennt in einer Scheune<\/td>\n<td>S-Rohr, 2C, 3 PA, 2400 Ltr. Wasser<\/td>\n<\/tr>\n<tr>\n<td>23<\/td>\n<td>07.09.2005<\/td>\n<td>18:18<\/td>\n<td>Amtswehr\u00fcbung Siebeneichen<\/td>\n<td>\u00dcbung<\/td>\n<td>Amtswehr\u00fcbung in der Schule Siebeneichen<\/td>\n<td>S-Rohr, 1200 Ltr.Wasser 6 PA <\/td>\n<\/tr>\n<tr>\n<td>24<\/td>\n<td>08.09.2005<\/td>\n<td>14:45<\/td>\n<td>Kurve R\u00e4tjenweg<\/td>\n<td>Techn. Hilfe<\/td>\n<td>Tragehilfe Rettungsdienst u.Bergung Motorrad<\/td>\n<td>LF 8, Lastengurt<\/td>\n<\/tr>\n<tr>\n<td>25<\/td>\n<td>09.09.2005<\/td>\n<td>18:00<\/td>\n<td>im Dorf <\/td>\n<td>Sicherheit<\/td>\n<td>Open Air Konzert<\/td>\n<td><\/td>\n<\/tr>\n<tr>\n<td>26<\/td>\n<td>20.09.2005<\/td>\n<td>9:55<\/td>\n<td>Grabauer Str.<\/td>\n<td>Techn. Hilfe<\/td>\n<td>\u00d6lspur<\/td>\n<td>\u00d6lbindemittel, Besen, Schaufel<\/td>\n<\/tr>\n<tr>\n<td>27<\/td>\n<td>22.09.2005<\/td>\n<td>15:40<\/td>\n<td>Gel\u00e4nde am Kiesssee<\/td>\n<td>Feuer<\/td>\n<td>Fl\u00e4chenbrand<\/td>\n<td>1.000 Ltr. Wasser<\/td>\n<\/tr>\n<tr>\n<td>28<\/td>\n<td>25.10.2005<\/td>\n<td>16:20<\/td>\n<td>Kreuzung Bartelsdorf<\/td>\n<td>Techn. Hilfe<\/td>\n<td>Baum auf Stra\u00dfe<\/td>\n<td>Schaufel, Besen<\/td>\n<\/tr>\n<tr>\n<td>29<\/td>\n<td>26.10.2005<\/td>\n<td>9:30<\/td>\n<td>Grundschule<\/td>\n<td>\u00dcbung<\/td>\n<td>Feueralarm\u00fcbung<\/td>\n<td>2 PA, 1 C-Rohr <\/td>\n<\/tr>\n<tr>\n<td>30<\/td>\n<td>08.11.2005<\/td>\n<td>5:30<\/td>\n<td>Frierich-Karsten-Stieg<\/td>\n<td>Feuer<\/td>\n<td>Papiercontainer<\/td>\n<td>2 PA, 1 C-Rohr<\/td>\n<\/tr>\n<tr>\n<td>31<\/td>\n<td>04.12.2005<\/td>\n<td>13:35<\/td>\n<td>Raifeisengel\u00e4nde<\/td>\n<td>Feuer<\/td>\n<td>brannte Unrat <\/td>\n<td>S-Rohr, 500 Ltr.Wasser<\/td>\n<\/tr>\n<tr>\n<td>32<\/td>\n<td>29.12.2005<\/td>\n<td>14:30<\/td>\n<td><\/td>\n<td>&#8211;<\/td>\n<td>Fehlalarm<\/td>\n<td><\/td>\n<\/tr>\n<\/tbody>\n<\/table>\n","protected":false},"excerpt":{"rendered":"<p>Nr. Datum Uhrzeit Stra\u00dfe Einsatzart Einsatzbeschreibung Einsatzmittel 1 04.01.2005 23:30 Raifeisenstr. Feuer brannte Schuppen 6&#215;8 m 2C,6 PA, Beleuchtung 2 08.01.2005 14:55 Bahnhofstr. Techn. Hilfe droht Baum umzust\u00fcrzen Kettens\u00e4ge 3 08.01.2005 15:05 Louisenhof H\u00f6he\/Wachholz Techn. Hilfe Baum auf Stra\u00dfe Schaufel, Besen,Kettens\u00e4ge 4 08.01.2005 15:25 Louisenhof H\u00f6he \/ Groth Techn. Hilfe Baum auf Stra\u00dfe Schaufel, Besen,Kettens\u00e4ge &hellip; <a href=\"https:\/\/feuerwehr-muessen.de\/index.php\/einsaetze-2005\/\" class=\"more-link\"><span class=\"screen-reader-text\">Eins\u00e4tze 2005<\/span> weiterlesen <span class=\"meta-nav\">&rarr;<\/span><\/a><\/p>\n","protected":false},"author":1,"featured_media":0,"parent":0,"menu_order":0,"comment_status":"closed","ping_status":"closed","template":"","meta":{"ngg_post_thumbnail":0,"footnotes":""},"class_list":["post-71","page","type-page","status-publish","hentry"],"_links":{"self":[{"href":"https:\/\/feuerwehr-muessen.de\/index.php\/wp-json\/wp\/v2\/pages\/71","targetHints":{"allow":["GET"]}}],"collection":[{"href":"https:\/\/feuerwehr-muessen.de\/index.php\/wp-json\/wp\/v2\/pages"}],"about":[{"href":"https:\/\/feuerwehr-muessen.de\/index.php\/wp-json\/wp\/v2\/types\/page"}],"author":[{"embeddable":true,"href":"https:\/\/feuerwehr-muessen.de\/index.php\/wp-json\/wp\/v2\/users\/1"}],"replies":[{"embeddable":true,"href":"https:\/\/feuerwehr-muessen.de\/index.php\/wp-json\/wp\/v2\/comments?post=71"}],"version-history":[{"count":1,"href":"https:\/\/feuerwehr-muessen.de\/index.php\/wp-json\/wp\/v2\/pages\/71\/revisions"}],"predecessor-version":[{"id":72,"href":"https:\/\/feuerwehr-muessen.de\/index.php\/wp-json\/wp\/v2\/pages\/71\/revisions\/72"}],"wp:attachment":[{"href":"https:\/\/feuerwehr-muessen.de\/index.php\/wp-json\/wp\/v2\/media?parent=71"}],"curies":[{"name":"wp","href":"https:\/\/api.w.org\/{rel}","templated":true}]}}