{"id":69,"date":"2015-06-03T12:34:01","date_gmt":"2015-06-03T10:34:01","guid":{"rendered":"http:\/\/test.feuerwehr-muessen.de\/?page_id=69"},"modified":"2015-06-03T13:29:14","modified_gmt":"2015-06-03T11:29:14","slug":"einsaetze-2006","status":"publish","type":"page","link":"https:\/\/feuerwehr-muessen.de\/index.php\/einsaetze-2006\/","title":{"rendered":"Eins\u00e4tze 2006"},"content":{"rendered":"<br \/>\n<table class=\"einsaetze\">\n<tbody>\n<tr>\n<th>Nr.<\/th>\n<th>Datum<\/th>\n<th>Uhrzeit<\/th>\n<th>Stra\u00dfe<\/th>\n<th>Einsatzart<\/th>\n<th>Einsatzbeschreibung<\/th>\n<th>Einsatzmittel<\/th>\n<\/tr>\n<tr>\n<td>1<\/td>\n<td>21.02.06<\/td>\n<td>19:00<\/td>\n<td>Dorfstra\u00dfe<\/td>\n<td>Techn. Hilfe <\/td>\n<td>ca. 20m lange \u00d6lspur <\/td>\n<td>20 Kg \u00d6lbindemittel, Besen und Schaufel <\/td>\n<\/tr>\n<tr>\n<td>2<\/td>\n<td>15.04.06<\/td>\n<td>18.00<\/td>\n<td>R\u00e4thjenweg<\/td>\n<td>Sicherheitswache<\/td>\n<td>Osterfeuer<\/td>\n<td>Sicherheitswache<\/td>\n<\/tr>\n<tr>\n<td>3<\/td>\n<td>23.04.06<\/td>\n<td>09:15<\/td>\n<td>B\u00fcchener Str. <\/td>\n<td>Techn. Hilfe <\/td>\n<td>ca. 300m lange \u00d6lspur <\/td>\n<td>100 kg \u00d6lbindemittel Besen und Schaufel <\/td>\n<\/tr>\n<tr>\n<td>4<\/td>\n<td>30.04.06<\/td>\n<td>23:33<\/td>\n<td>Luisenhof<\/td>\n<td>Techn. Hilfe <\/td>\n<td>Stra\u00dfe verunreinigt <\/td>\n<td>S-Rohr, 600 Ltr.Wasser, Besen und Schaufel <\/td>\n<\/tr>\n<tr>\n<td>5<\/td>\n<td>01.05.06<\/td>\n<td>17:35<\/td>\n<td>B 209<\/td>\n<td>Techn. Hilfe <\/td>\n<td>Schweinetransporter im Graben <\/td>\n<td>Stromerzeuger, 6 Leiterteile, Beleuchtung, 2C,2400 Ltr.Wasser <\/td>\n<\/tr>\n<tr>\n<td>6<\/td>\n<td>13.05.06<\/td>\n<td>10:35<\/td>\n<td>Schmiedestr.<\/td>\n<td>Techn. Hilfe <\/td>\n<td>Geldb\u00f6rse im Papiercontainer <\/td>\n<td>Langer Arm des Wehf\u00fchrers <\/td>\n<\/tr>\n<tr>\n<td>7<\/td>\n<td>15.05.06<\/td>\n<td>19:20<\/td>\n<td>Bergstr.\/ Dorfstr. <\/td>\n<td>Techn. Hilfe <\/td>\n<td>ca. 250m lange \u00d6lspur <\/td>\n<td>60 kg \u00d6lbindemittel Besen und Schaufel, Gemeidetrecker mit Besen <\/td>\n<\/tr>\n<tr>\n<td>8<\/td>\n<td>30.05.06<\/td>\n<td>18:55<\/td>\n<td>Bahnstrecke \/ KM 246.2 <\/td>\n<td>Techn.Hilfe<\/td>\n<td>Personensuche<\/td>\n<td>&nbsp;<\/td>\n<\/tr>\n<tr>\n<td>9<\/td>\n<td>31.05.06 <\/td>\n<td>22:20<\/td>\n<td>Dorfstr.8<\/td>\n<td>Feuer<\/td>\n<td>Schornsteinbrand<\/td>\n<td>4 PA und 1 C-Rohr in Bereitstellung,Kehrgeschirr, Leiter <\/td>\n<\/tr>\n<tr>\n<td>10<\/td>\n<td>24.06.06<\/td>\n<td>12:15<\/td>\n<td>Dorfgebiet<\/td>\n<td>Sicherheitswache<\/td>\n<td>Sch\u00fctzenfest<\/td>\n<td>&nbsp;<\/td>\n<\/tr>\n<tr>\n<td>11<\/td>\n<td>25.06.06<\/td>\n<td>09:30<\/td>\n<td>Dorfgebiet<\/td>\n<td>Sicherheitswache<\/td>\n<td>Sch\u00fctzenfest<\/td>\n<td>&nbsp;<\/td>\n<\/tr>\n<tr>\n<td>12<\/td>\n<td>19.07.06<\/td>\n<td>17:45<\/td>\n<td>Dorfgebiet<\/td>\n<td>Fehlalarm<\/td>\n<td>&nbsp;<\/td>\n<td>&nbsp;<\/td>\n<\/tr>\n<tr>\n<td>13<\/td>\n<td>20.07.06<\/td>\n<td>13:45<\/td>\n<td>Dorfgebiet<\/td>\n<td>Fehlalarm<\/td>\n<td>&nbsp;<\/td>\n<td>&nbsp;<\/td>\n<\/tr>\n<tr>\n<td>14<\/td>\n<td>20.07.06<\/td>\n<td>18:34 <\/td>\n<td>Br\u00f6then<\/td>\n<td>Feuer<\/td>\n<td>Waldbrand<\/td>\n<td>2 C, Schaufeln, 4800 Ltr. Wasser <\/td>\n<\/tr>\n<tr>\n<td>15<\/td>\n<td>24.07.06<\/td>\n<td>14:50<\/td>\n<td>Louisenhof<\/td>\n<td>Techn. Hilfe <\/td>\n<td>Raps auf der Kreuzung zur B209 <\/td>\n<td>4 Besen, 2 Schaufel <\/td>\n<\/tr>\n<tr>\n<td>16<\/td>\n<td>27.07.06<\/td>\n<td>15:20<\/td>\n<td>Kl. Pampau \/ Siebeneichen <\/td>\n<td>Feuer<\/td>\n<td>Brannten ca. 2000 qm Getreidestoppel <\/td>\n<td>3 C, 2400 Ltr. Wasser, div. Feuerpatschen <\/td>\n<\/tr>\n<tr>\n<td>17<\/td>\n<td>29.07.06<\/td>\n<td>14:40<\/td>\n<td>B 209 <\/td>\n<td>Techn. Hilfe <\/td>\n<td>auslaufende Betriebsstoffe <\/td>\n<td>&nbsp;<\/td>\n<\/tr>\n<tr>\n<td>18<\/td>\n<td>29.07.06<\/td>\n<td>14:55<\/td>\n<td>Dorfgebiet<\/td>\n<td>Techn. Hilfe <\/td>\n<td>Wasser auf Stra\u00dfe <\/td>\n<td>Gulli`s gereinigt,und Absperrma\u00dfnahmen <\/td>\n<\/tr>\n<tr>\n<td>19<\/td>\n<td>17.08.06<\/td>\n<td>17:08<\/td>\n<td>Schulendorf<\/td>\n<td>Techn.Hilfe<\/td>\n<td>Person Klemmt <\/td>\n<td>&nbsp;<\/td>\n<\/tr>\n<tr>\n<td>20<\/td>\n<td>04.09.06<\/td>\n<td>08:30<\/td>\n<td>M\u00fcssen<\/td>\n<td>Techn. Hilfe <\/td>\n<td>Droht Baum umzust\u00fcrzen <\/td>\n<td>Motors\u00e4ge, Arbeitsleine, Besen <\/td>\n<\/tr>\n<tr>\n<td>21<\/td>\n<td>01.11.06<\/td>\n<td>07:30<\/td>\n<td>M\u00fcssen<\/td>\n<td>Techn. Hilfe <\/td>\n<td>Baum auf Stra\u00dfe <\/td>\n<td>Motors\u00e4ge<\/td>\n<\/tr>\n<tr>\n<td>22<\/td>\n<td>08.11.06<\/td>\n<td>18:00<\/td>\n<td>M\u00fcssen<\/td>\n<td>Sicherheitswache<\/td>\n<td>Laternenumzug<\/td>\n<td>&nbsp;<\/td>\n<\/tr>\n<tr>\n<td>23<\/td>\n<td>11.11.06<\/td>\n<td>16:00<\/td>\n<td>M\u00fcssen<\/td>\n<td>Sicherheit<\/td>\n<td>Herbstfeuer<\/td>\n<td>Sicherheitswache<\/td>\n<\/tr>\n<tr>\n<td>24<\/td>\n<td>11.11.06<\/td>\n<td>17:20<\/td>\n<td>Witzeeze<\/td>\n<td>Techn. Hilfe <\/td>\n<td>VU mit PKL<\/td>\n<td>Beleuchtung, Betreunung von Personen <\/td>\n<\/tr>\n<\/tbody>\n<\/table>\n","protected":false},"excerpt":{"rendered":"<p>Nr. Datum Uhrzeit Stra\u00dfe Einsatzart Einsatzbeschreibung Einsatzmittel 1 21.02.06 19:00 Dorfstra\u00dfe Techn. Hilfe ca. 20m lange \u00d6lspur 20 Kg \u00d6lbindemittel, Besen und Schaufel 2 15.04.06 18.00 R\u00e4thjenweg Sicherheitswache Osterfeuer Sicherheitswache 3 23.04.06 09:15 B\u00fcchener Str. Techn. Hilfe ca. 300m lange \u00d6lspur 100 kg \u00d6lbindemittel Besen und Schaufel 4 30.04.06 23:33 Luisenhof Techn. Hilfe Stra\u00dfe verunreinigt &hellip; <a href=\"https:\/\/feuerwehr-muessen.de\/index.php\/einsaetze-2006\/\" class=\"more-link\"><span class=\"screen-reader-text\">Eins\u00e4tze 2006<\/span> weiterlesen <span class=\"meta-nav\">&rarr;<\/span><\/a><\/p>\n","protected":false},"author":1,"featured_media":0,"parent":0,"menu_order":0,"comment_status":"closed","ping_status":"closed","template":"","meta":{"ngg_post_thumbnail":0,"footnotes":""},"class_list":["post-69","page","type-page","status-publish","hentry"],"_links":{"self":[{"href":"https:\/\/feuerwehr-muessen.de\/index.php\/wp-json\/wp\/v2\/pages\/69","targetHints":{"allow":["GET"]}}],"collection":[{"href":"https:\/\/feuerwehr-muessen.de\/index.php\/wp-json\/wp\/v2\/pages"}],"about":[{"href":"https:\/\/feuerwehr-muessen.de\/index.php\/wp-json\/wp\/v2\/types\/page"}],"author":[{"embeddable":true,"href":"https:\/\/feuerwehr-muessen.de\/index.php\/wp-json\/wp\/v2\/users\/1"}],"replies":[{"embeddable":true,"href":"https:\/\/feuerwehr-muessen.de\/index.php\/wp-json\/wp\/v2\/comments?post=69"}],"version-history":[{"count":2,"href":"https:\/\/feuerwehr-muessen.de\/index.php\/wp-json\/wp\/v2\/pages\/69\/revisions"}],"predecessor-version":[{"id":88,"href":"https:\/\/feuerwehr-muessen.de\/index.php\/wp-json\/wp\/v2\/pages\/69\/revisions\/88"}],"wp:attachment":[{"href":"https:\/\/feuerwehr-muessen.de\/index.php\/wp-json\/wp\/v2\/media?parent=69"}],"curies":[{"name":"wp","href":"https:\/\/api.w.org\/{rel}","templated":true}]}}