{"id":65,"date":"2015-06-03T12:33:11","date_gmt":"2015-06-03T10:33:11","guid":{"rendered":"http:\/\/test.feuerwehr-muessen.de\/?page_id=65"},"modified":"2015-06-03T12:33:11","modified_gmt":"2015-06-03T10:33:11","slug":"einsaetze-2008","status":"publish","type":"page","link":"https:\/\/feuerwehr-muessen.de\/index.php\/einsaetze-2008\/","title":{"rendered":"Eins\u00e4tze 2008"},"content":{"rendered":"<br \/>\n<table class=\"einsaetze\">\n<tbody>\n<tr>\n<th>Nr.<\/th>\n<th>Datum<\/th>\n<th>Uhrzeit<\/th>\n<th>Stra\u00dfe<\/th>\n<th>Einsatzart<\/th>\n<th>Einsatzbeschreibung<\/th>\n<th>Einsatzmittel<\/th>\n<\/tr>\n<tr>\n<td>1<\/td>\n<td>04.01.2008<\/td>\n<td>13:02<\/td>\n<td>Raiffeisenstr.20<\/td>\n<td>Techn. Hilfe<\/td>\n<td>T\u00fcr\u00f6ffnung<\/td>\n<td><\/td>\n<\/tr>\n<tr>\n<td>2<\/td>\n<td>07.01.2008<\/td>\n<td>13:10<\/td>\n<td>Schwarzenbeker Str.4<\/td>\n<td>Techn. Hilfe<\/td>\n<td>\u00d6lspur<\/td>\n<td>Bindemittel,Schaufel,Besen<\/td>\n<\/tr>\n<tr>\n<td>3<\/td>\n<td>26.01.2008<\/td>\n<td>18:15<\/td>\n<td>Bergstra\u00dfe<\/td>\n<td>Techn. Hilfe<\/td>\n<td>Wetterschaden<\/td>\n<td>Motors\u00e4ge<\/td>\n<\/tr>\n<tr>\n<td>4<\/td>\n<td>26.01.2008<\/td>\n<td>18:46<\/td>\n<td>M\u00fchlenstr.<\/td>\n<td>Techn. Hilfe<\/td>\n<td>Wetterschaden<\/td>\n<td>Motors\u00e4ge, Besen<\/td>\n<\/tr>\n<tr>\n<td>5<\/td>\n<td>18.02.2008<\/td>\n<td>14:55<\/td>\n<td>M\u00fchlenstr.<\/td>\n<td>Techn. Hilfe<\/td>\n<td>\u00d6lspur<\/td>\n<td>Bindemittel,Schaufel,Besen<\/td>\n<\/tr>\n<tr>\n<td>6<\/td>\n<td>01.03.2008<\/td>\n<td>15:53<\/td>\n<td>Bergstra\u00dfe<\/td>\n<td>Techn. Hilfe<\/td>\n<td>Wetterschaden<\/td>\n<td>Motors\u00e4ge, Besen<\/td>\n<\/tr>\n<tr>\n<td>7<\/td>\n<td>01.03.2008<\/td>\n<td>15:53<\/td>\n<td>Louisenhof\/H\u00f6he Bargmann<\/td>\n<td>Techn. Hilfe<\/td>\n<td>Wetterschaden<\/td>\n<td>Motors\u00e4ge, Besen<\/td>\n<\/tr>\n<tr>\n<td>8<\/td>\n<td>10.03.2008<\/td>\n<td>16:56<\/td>\n<td>Grabauer Str.<\/td>\n<td>Techn. Hilfe<\/td>\n<td>Mensch in Not, PKL<\/td>\n<td>Schere,Spreizer<\/td>\n<\/tr>\n<tr>\n<td>9<\/td>\n<td>22.03.2008<\/td>\n<td>17:30<\/td>\n<td>R\u00e4thenweg<\/td>\n<td>Sicherheitswache<\/td>\n<td><\/td>\n<td><\/td>\n<\/tr>\n<tr>\n<td>10<\/td>\n<td>03.05.2008<\/td>\n<td>17:00<\/td>\n<td>R\u00e4thenweg<\/td>\n<td>Fehlalarm<\/td>\n<td><\/td>\n<td><\/td>\n<\/tr>\n<tr>\n<td>11<\/td>\n<td>04.05.2008<\/td>\n<td>22:00<\/td>\n<td>Schwarzenbeker Str.\/Kurve R\u00e4thenweg <\/td>\n<td>Techn. Hilfe<\/td>\n<td>\u00d6lspur<\/td>\n<td>Bindemittel,Besen<\/td>\n<\/tr>\n<tr>\n<td>12<\/td>\n<td>07.05.2008<\/td>\n<td>18:37<\/td>\n<td>Schwarzenbeker Str.<\/td>\n<td>Feuer<\/td>\n<td>Heizungsbrand im Keller<\/td>\n<td>Schaum, Atemschutz<\/td>\n<\/tr>\n<tr>\n<td>13<\/td>\n<td>29.05.2008<\/td>\n<td>17:05<\/td>\n<td>R\u00e4thenweg<\/td>\n<td>Techn. Hilfe<\/td>\n<td>\u00d6lspur<\/td>\n<td>Bindemittel,Besen<\/td>\n<\/tr>\n<tr>\n<td>14<\/td>\n<td>31.05.2008<\/td>\n<td>13:00<\/td>\n<td>Dorfgebiet<\/td>\n<td>Sicherheitswache<\/td>\n<td>&nbsp;<\/td>\n<td><\/td>\n<\/tr>\n<tr>\n<td>15<\/td>\n<td>01.06.2008<\/td>\n<td>9:00<\/td>\n<td>Dorfgebiet<\/td>\n<td>Sicherheitswache<\/td>\n<td>&nbsp;<\/td>\n<td>&nbsp;<\/td>\n<\/tr>\n<tr>\n<td>16<\/td>\n<td>02.06.2008<\/td>\n<td>12:55<\/td>\n<td>Bahnstrecke Hamburg\/Berlin<\/td>\n<td>Fehlalarm<\/td>\n<td>&nbsp;<\/td>\n<td><\/td>\n<\/tr>\n<tr>\n<td>17<\/td>\n<td>08.06.2008<\/td>\n<td>23:40<\/td>\n<td>R\u00e4thenweg<\/td>\n<td>Feuer<\/td>\n<td>Waldbrand<\/td>\n<td>1800 l Wasser C-Rohr<\/td>\n<\/tr>\n<tr>\n<td>18<\/td>\n<td>21.06.2008<\/td>\n<td>20:50<\/td>\n<td>Grabauer Str.<\/td>\n<td>Techn. Hilfe<\/td>\n<td>\u00d6lspur<\/td>\n<td>Bindemittel, Besen<\/td>\n<\/tr>\n<tr>\n<td>19<\/td>\n<td>01.07.2008<\/td>\n<td>9:54<\/td>\n<td>Louisenhof<\/td>\n<td>Feuer<\/td>\n<td>Brennt Hofgeb\u00e4ude<\/td>\n<td>mehr als 3 C-Rohre<\/td>\n<\/tr>\n<tr>\n<td>20<\/td>\n<td>02.07.2008<\/td>\n<td>13:15<\/td>\n<td>Bahnkilometer 244,6<\/td>\n<td>Feuer<\/td>\n<td>B\u00f6schungsbrand<\/td>\n<td>C-Rohr<\/td>\n<\/tr>\n<tr>\n<td>21<\/td>\n<td>03.07.2008<\/td>\n<td>17:50<\/td>\n<td>Raiffeisenstr.<\/td>\n<td>Techn. Hilfe<\/td>\n<td>\u00d6lspur<\/td>\n<td>Bindemittel,Besen<\/td>\n<\/tr>\n<tr>\n<td>22<\/td>\n<td>03.07.2008<\/td>\n<td>20:48<\/td>\n<td>Louisenhof 1<\/td>\n<td>Feuer<\/td>\n<td>Nachl\u00f6scharbeiten<\/td>\n<td>TLF, G\u00fcllewagen<\/td>\n<\/tr>\n<tr>\n<td>23<\/td>\n<td>12.07.2008<\/td>\n<td>22:20<\/td>\n<td>B\u00fcchen,Zimmerei R\u00e4th<\/td>\n<td>Feuer<\/td>\n<td>Brennt Lagerhalle<\/td>\n<td>mehr als 3 C-Rohre<\/td>\n<\/tr>\n<tr>\n<td>24<\/td>\n<td>23.07.2008<\/td>\n<td>21:55<\/td>\n<td>B\u00fcchener Str.<\/td>\n<td>Techn. Hilfe<\/td>\n<td>\u00d6lspur<\/td>\n<td>Bindemittel,Schaufel,Besen<\/td>\n<\/tr>\n<tr>\n<td>25<\/td>\n<td>26.07.2008<\/td>\n<td>14:32<\/td>\n<td>M\u00fcssener Stra\u00dfe, Richtung Schulendorf<\/td>\n<td>Feuer<\/td>\n<td>Brennt M\u00e4hdrescher<\/td>\n<td>Feuerpatscher, Schnellangriff und Schaum<\/td>\n<\/tr>\n<tr>\n<td>26<\/td>\n<td>28.07.2008<\/td>\n<td>21:50<\/td>\n<td>Raiffeisenstra\u00dfe Ecke Dorfstra\u00dfe<\/td>\n<td>Techn. Hilfe<\/td>\n<td>Getreide innerhalb einer Kurve<\/td>\n<td>Schaufel und Besen<\/td>\n<\/tr>\n<tr>\n<td>27<\/td>\n<td>29.07.2008<\/td>\n<td>0:44<\/td>\n<td>Grabauer Star\u00dfe<\/td>\n<td>Feuer<\/td>\n<td>5m\u00b2 B\u00f6schung am Wald<\/td>\n<td>Schnellangriff mit 250l Wasser<\/td>\n<\/tr>\n<tr>\n<td>28<\/td>\n<td>02.08.2008<\/td>\n<td>12:10<\/td>\n<td>M\u00fcssen Richtung B\u00fcchen<\/td>\n<td>Fehlalarm<\/td>\n<td>Fl\u00e4chenbrand<\/td>\n<td><\/td>\n<\/tr>\n<tr>\n<td>29<\/td>\n<td>07.08.2008<\/td>\n<td>19:55<\/td>\n<td>Schwarzenbeker Stra\u00dfe<\/td>\n<td>Techn. Hilfe<\/td>\n<td>Windbruch<\/td>\n<td><\/td>\n<\/tr>\n<tr>\n<td>30<\/td>\n<td>11.08.2008<\/td>\n<td>14:55<\/td>\n<td>Dorfstra\u00dfe<\/td>\n<td>Feuer<\/td>\n<td>Brennt Matratze<\/td>\n<td>300l Wasser<\/td>\n<\/tr>\n<tr>\n<td>31<\/td>\n<td>02.10.2008<\/td>\n<td>19:00<\/td>\n<td>Dorfstra\u00dfe, Raiffeisenstra\u00dfe, Am Sande, M\u00fchlenstra\u00dfe<\/td>\n<td>Sicherheitswache<\/td>\n<td><\/td>\n<td><\/td>\n<\/tr>\n<tr>\n<td>32<\/td>\n<td>10.10.2008<\/td>\n<td>19:30<\/td>\n<td>Dorfstra\u00dfe, Bergstra\u00dfe<\/td>\n<td>Techn. Hilfe<\/td>\n<td>\u00d6lspur<\/td>\n<td>Bindemittel,Schaufel,Besen<\/td>\n<\/tr>\n<tr>\n<td>33<\/td>\n<td>08.12.2008<\/td>\n<td>8:17<\/td>\n<td>Gro\u00df Pampau<\/td>\n<td>Feuer<\/td>\n<td>Brennt Bauernhof<\/td>\n<td>3 PA Tr\u00e4ger, 2 C-Rohre<\/td>\n<\/tr>\n<tr>\n<td>34<\/td>\n<td>10.12.2008<\/td>\n<td>9:34<\/td>\n<td>Klusterriede, Neue M\u00fchle<\/td>\n<td>Techn. Hilfe<\/td>\n<td>\u00d6lspur<\/td>\n<td>Bindemittel,Schaufel,Besen<\/td>\n<\/tr>\n<tr>\n<td>35<\/td>\n<td>12.12.2008<\/td>\n<td>15:04<\/td>\n<td>Lousienhof<\/td>\n<td>Techn. Hilfe<\/td>\n<td>\u00d6lspur<\/td>\n<td>Bindemittel,Schaufel,Besen<\/td>\n<\/tr>\n<tr>\n<td>36<\/td>\n<td>18.12.2008<\/td>\n<td>18:45<\/td>\n<td>Raiffeisenstra\u00dfe<\/td>\n<td>Techn. Hilfe<\/td>\n<td>\u00d6lspur<\/td>\n<td>Bindemittel,Schaufel,Besen<\/td>\n<\/tr>\n<\/tbody>\n<\/table>\n","protected":false},"excerpt":{"rendered":"<p>Nr. Datum Uhrzeit Stra\u00dfe Einsatzart Einsatzbeschreibung Einsatzmittel 1 04.01.2008 13:02 Raiffeisenstr.20 Techn. Hilfe T\u00fcr\u00f6ffnung 2 07.01.2008 13:10 Schwarzenbeker Str.4 Techn. Hilfe \u00d6lspur Bindemittel,Schaufel,Besen 3 26.01.2008 18:15 Bergstra\u00dfe Techn. Hilfe Wetterschaden Motors\u00e4ge 4 26.01.2008 18:46 M\u00fchlenstr. Techn. Hilfe Wetterschaden Motors\u00e4ge, Besen 5 18.02.2008 14:55 M\u00fchlenstr. Techn. Hilfe \u00d6lspur Bindemittel,Schaufel,Besen 6 01.03.2008 15:53 Bergstra\u00dfe Techn. Hilfe Wetterschaden &hellip; <a href=\"https:\/\/feuerwehr-muessen.de\/index.php\/einsaetze-2008\/\" class=\"more-link\"><span class=\"screen-reader-text\">Eins\u00e4tze 2008<\/span> weiterlesen <span class=\"meta-nav\">&rarr;<\/span><\/a><\/p>\n","protected":false},"author":1,"featured_media":0,"parent":0,"menu_order":0,"comment_status":"closed","ping_status":"closed","template":"","meta":{"ngg_post_thumbnail":0,"footnotes":""},"class_list":["post-65","page","type-page","status-publish","hentry"],"_links":{"self":[{"href":"https:\/\/feuerwehr-muessen.de\/index.php\/wp-json\/wp\/v2\/pages\/65","targetHints":{"allow":["GET"]}}],"collection":[{"href":"https:\/\/feuerwehr-muessen.de\/index.php\/wp-json\/wp\/v2\/pages"}],"about":[{"href":"https:\/\/feuerwehr-muessen.de\/index.php\/wp-json\/wp\/v2\/types\/page"}],"author":[{"embeddable":true,"href":"https:\/\/feuerwehr-muessen.de\/index.php\/wp-json\/wp\/v2\/users\/1"}],"replies":[{"embeddable":true,"href":"https:\/\/feuerwehr-muessen.de\/index.php\/wp-json\/wp\/v2\/comments?post=65"}],"version-history":[{"count":1,"href":"https:\/\/feuerwehr-muessen.de\/index.php\/wp-json\/wp\/v2\/pages\/65\/revisions"}],"predecessor-version":[{"id":66,"href":"https:\/\/feuerwehr-muessen.de\/index.php\/wp-json\/wp\/v2\/pages\/65\/revisions\/66"}],"wp:attachment":[{"href":"https:\/\/feuerwehr-muessen.de\/index.php\/wp-json\/wp\/v2\/media?parent=65"}],"curies":[{"name":"wp","href":"https:\/\/api.w.org\/{rel}","templated":true}]}}