{"id":617,"date":"2017-02-26T14:18:46","date_gmt":"2017-02-26T13:18:46","guid":{"rendered":"http:\/\/test.feuerwehr-muessen.de\/?page_id=617"},"modified":"2017-12-19T16:44:38","modified_gmt":"2017-12-19T15:44:38","slug":"berichte-2017","status":"publish","type":"page","link":"https:\/\/feuerwehr-muessen.de\/index.php\/berichte-2017\/","title":{"rendered":"Berichte 2017"},"content":{"rendered":"<h3 class=\"berichte\">19.12.2017 &#8211; 15.28 Uhr<\/h3>\n<p>Um 15:28 Uhr wurden wir zu einer \u00d6lspur im Bereich Klusterriede \/M\u00fchlenstra\u00dfe alarmiert. Mit allen drei Fahrzeugen und 12 Kameraden wurde das \u00d6l, welches sich \u00fcber ca. 250 m ausgebreitet hatte, abgestreut. Um 16:27 Uhr war f\u00fcr alle Kameraden Einsatzende.<\/p>\n<h3 class=\"berichte\">08.12.2017 &#8211; 15.49 Uhr<\/h3>\n<p>Um 15:49 Uhr wurden wir \u00fcber Meldeempf\u00e4nger in die Dorfstra\u00dfe alarmiert, dort befand sich eine \u00d6lspur auf der Stra\u00dfe. 14 Kameraden streuten sie ab und reinigten die Strasseneinl\u00e4ufe. F\u00fcr ca. 1,5 Stunden waren die Stra\u00dfen Dorfstra\u00dfe\/M\u00fchlenstra\u00dfe f\u00fcr den Durchgangsverkehr gesperrt.<\/p>\n<h3 class=\"berichte\">31.10.2017 &#8211; 14.45 Uhr<\/h3>\n<p>Um 14:45 wurden wir \u00fcber Meldeempf\u00e4nger und Sirene unter dem Stichwort &#8222;ausgel\u00f6ster Rauchmelder&#8220; nach Klein Pampau alarmiert. Z\u00fcgig r\u00fcckten 18 Kameraden mit allen 3 Fahrzeugen aus. Vorort in Klein Pampau ergab sich in R\u00fccksprache mit dem Einsatzleiter Klein Pampau, dass wir nicht mehr t\u00e4tig werden mussten, da es sich gl\u00fccklicherweise um ein Fehlalarm handelte.<\/p>\n<h3 class=\"berichte\">29.10.2017 &#8211; 12.08 Uhr<\/h3>\n<p>Um 12:08 Uhr wurde durch &#8222;Sturm Herwert&#8220; die Feuerwehr M\u00fcssen wiederholt an diesem Tag \u00fcber Sirene und Meldeempf\u00e4nger alarmiert. In der Alten Ziegelei drohte ein gro\u00dfer Ast auf eine Garage zu st\u00fcrzen. Die mitalarmierte Feuerwehr Schulendorf musste nicht mehr t\u00e4tig werden und wurde w\u00e4hrend der Anfahrt abbestellt. Um den Einsatz gefahrlos abzuarbeiten, wurde die Feuerwehr Schwarzenbek mit ihrer Drehleiter hinzugezogen. Einsatzende war f\u00fcr die 18 Kameraden um 13:15 Uhr.<\/p>\n<p>Fotos zu diesem Einsatz finden Sie in der <a href=\"http:\/\/feuerwehr-muessen.de\/index.php\/galerie\/\">Galerie<\/a><\/p>\n<h3 class=\"berichte\">29.10.2017 &#8211; 8.18 Uhr<\/h3>\n<p>Um 8:18 Uhr wurden wir \u00fcber Meldeempf\u00e4nger zu einem umgest\u00fcrzten Baum im R\u00e4thjenweg alarmiert. Mit 10 Kameraden wurde dieser Baum beseitigt. Um 9:00 Uhr waren die Kameraden wieder Einsatzbereit.<\/p>\n<h3 class=\"berichte\">16.10.2017 &#8211; 15.05 Uhr<\/h3>\n<p>Um 15:05, wurden wir \u00fcber Sirene und Meldeempf\u00e4nger zu einem Garagenbrand nach Klein Pampau alarmiert. Z\u00fcgig r\u00fcckten alle 3 Fahrzeuge nach Klein Pampau aus.<\/p>\n<p>Bei Ankunft der Feuerwehr brannte die Giebelseite der Holzgarage. Vor Ort nahm der Zugf\u00fchrer M\u00fcssen sofort Kontakt mit dem \u00f6rtlichen Einsatzleiter auf. Die L\u00f6scharbeiten \u00fcbernahm die FF Klein Pampau.<\/p>\n<p>Die Feuerwehr M\u00fcssen war bei der Nachsuche von Glutnestern im Dach- und Innenbereich eingesetzt. Einsatzende f\u00fcr die Feuerwehr M\u00fcssen war nach 45 Minuten.<\/p>\n<p>Eingesetzte Kr\u00e4fte: FF Klein Pampau, FF M\u00fcssen, FF Roseburg, FF Schulendorf, Amtswehrf\u00fchrer Amt B\u00fcchen, Polizei B\u00fcchen, Polizei Schwarzenbek, RTW Schwarzenbek.<\/p>\n<h3 class=\"berichte\">06.10.2017<\/h3>\n<p>06.10. weitere Eins\u00e4tze durch &#8222;Xavier\u00b4s Sturmsch\u00e4den&#8220;.<\/p>\n<p>Fotos zu diesem Einsatz finden Sie in der <a href=\"http:\/\/feuerwehr-muessen.de\/index.php\/galerie\/\">Galerie<\/a><\/p>\n<h3 class=\"berichte\">05.10.2017<\/h3>\n<p>Am 5.10. wurde durch &#8222;Sturm Xavier&#8220; die Feuerwehr M\u00fcssen zu mehreren Eins\u00e4tzen alarmiert.<br \/>\nFotos zu diesem Einsatz finden Sie in der <a href=\"http:\/\/feuerwehr-muessen.de\/index.php\/galerie\/\">Galerie<\/a><\/p>\n<p>&nbsp;<\/p>\n<h3 class=\"berichte\">23.9.2017 &#8211; 21:33 Uhr<\/h3>\n<p>Um 21:33 wurden wir \u00fcber Sirene und Meldeempf\u00e4nger zu einem gemeldeten Feuer in die Bahnhofstra\u00dfe alarmiert. Alle 3 Fahrzeuge r\u00fcckten z\u00fcgig aus. Nach einer umfangreichen Erkundung durch den Einsatzleiter konnte kein Feuer festgestellt werden. In R\u00fccksprache mit der Leitstelle S\u00fcd wurde versucht, den Anrufer zu kontaktieren. Der Anrufer konnte auch vor Ort nicht angetroffen werden. Wir r\u00fcckten nach 20 Minuten wieder ein.<\/p>\n<h3 class=\"berichte\">18.9.2017 &#8211; 18.14 Uhr<\/h3>\n<p>Um 18:14 wurden wir \u00fcber Melder und Sirene zu einer unklaren Rauchentwicklung in der Lauenburger&nbsp; Stra\u00dfe alarmiert.\u2028 Z\u00fcgig r\u00fcckten wir mit allen drei Fahrzeugen aus. Die Ursache der Rauchentwicklung wurde nach einer umfangreichen Erkundung in einem Waldst\u00fcck aufgefunden. Dort wurde Unrat verbrannt. Die 20 Kameraden waren nach 70 Minuten wieder im Ger\u00e4tehaus.<\/p>\n<h3 class=\"berichte\">01.9.2017 &#8211; 11.00 Uhr<\/h3>\n<p>Am 01.09.2017 um 11.00 Uhr wurde die Feuerwehr M\u00fcssen zu einer \u00d6lspur alarmiert. Diese zog sich von der Raiffeisenstrasse bis in die Schwarzenbeker Strasse. Die 13 Kameraden waren knapp eine Stunde mit dem Abstreuen besch\u00e4ftigt. Die Einsatzstelle wurde dann an die Polizei \u00fcbergeben.<\/p>\n<h3 class=\"berichte\">27.08.2017 &#8211; 17.00 Uhr<\/h3>\n<p>Um 17.00 Uhr wurde die Feuerwehr M\u00fcssen in die Grabauer Strasse alarmiert. Dort brannte eine ca. 2 m<sup>2<\/sup> gro\u00dfe Fl\u00e4che.<br \/>\nAlle drei Fahrzeuge r\u00fcckten z\u00fcgig aus und nach 30 Minuten konnte die M\u00fcssener Wehr wieder einr\u00fccken.<\/p>\n<h3 class=\"berichte\">22.08.2017 &#8211; 19.00 Uhr<\/h3>\n<p>Am 22.08.2017 um 19.00 Uhr wurde die Feuerwehr M\u00fcssen durch die Leitstelle S\u00fcd alarmiert. Hierbei handelte es sich um ein 24 h Voralarm der 1. Allgemeinen Feuerwehrbereitschaft. Durch eine kurze Absprache des Zugf\u00fchrers wurde das F\u00fchrungspersonal f\u00fcr den Folgetag zusammengestellt und das F\u00fchrungsfahrzeug 44\/14\/01 traf sich mit den restlichen Fahrzeugen am 23.08.17 im Bereitstellungsraum. Vor Ort wurden die einzelnen Z\u00fcge ihren Zugf\u00fchrer zugeordnet. Das Ziel der \u00dcbung war, das erste Zusammenspiel aller Z\u00fcge zu \u00fcben. Einsatzende der 4 M\u00fcssener Kameraden war 20:17 Uhr.<\/p>\n<h3 class=\"berichte\">26.07.2017 &#8211; 12:08 Uhr<\/h3>\n<p>Um 12:08 Uhr wurde die Feuerwehr M\u00fcssen mit den Feuerwehren B\u00fcchen, B\u00fcchen Dorf zum Bahnhof B\u00fcchen alarmiert. Vor Ort war eine Person mit Kind im Fahrstuhl eingesperrt. Nach R\u00fccksprache des stellv. Wehrf\u00fchrers M\u00fcssen und der Feuerwehr B\u00fcchen war keine T\u00e4tigkeit mehr erforderlich und die 13 M\u00fcssener Kameraden konnten wieder einr\u00fccken.<\/p>\n<h3 class=\"berichte\">30.06.2017 &#8211; 12:08 Uhr<\/h3>\n<p>Am 30.06.2017 um 12:08 Uhr wurde die Feuerwehr M\u00fcssen, \u00fcber die Meldeempf\u00e4nger zu einem Wohnheim im Ortsteil Louisenhof alarmiert.<br \/>\nDurch den stark anhaltenden Regen liefen viele Fl\u00e4chen, Gr\u00e4ben und Gullis voll bzw. \u00fcber und \u00fcberschwemmten somit die Stra\u00dfe. Teile der angrenzenden Wohnanlage Louisenhof waren ebenso betroffen. Um 12:27 Uhr wurde dann Vollalarm f\u00fcr die Feuerwehr M\u00fcssen ausgel\u00f6st. Einsatzende war f\u00fcr die eingesetzten Kr\u00e4fte 14:30 Uhr.<\/p>\n<h3 class=\"berichte\">28.06.2017 &#8211; 11.40 Uhr<\/h3>\n<p>Am 28.06.2017 um 11:40 Uhr wurde die Wehrf\u00fchrung informiert, dass die Kriminalpolizei mit der Tauchergruppe zur Nachsuche der vermissten Person am Badesee in M\u00fcssen eintreffen wird.<br \/>\nDer stellv. Wehrf\u00fchrer traf sich um 12 Uhr zur Besprechung mit dem Leiter der Tauchereinheit Eutin, der Kripo Geesthacht und dem Einsatzleiter der Polizei.<\/p>\n<p>Es gab eine kurze Lagebeurteilung mit dem Hundertschaftsf\u00fchrer. Da es zu diesem Zeitpunkt noch nicht absehbar war, ob es eventuell zu einer weiteren Alarmierung der Feuerwehr M\u00fcssen zur Nachsuche und f\u00fcr Absperrma\u00dfnahmen kommen wird, verblieb der stellv. Wehrf\u00fchrer in R\u00fccksprache mit der Kriminalpolizei und dem Einsatzleiter der Polizei vor Ort.<\/p>\n<p>Dann die traurige Gewissheit; der Leichnam der vermissten Person wurde von den Tauchern geborgen. Ein Bestatter brachte diesen dann in die Gerichtsmedizin.<\/p>\n<p>Die Bergungsma\u00dfnahmen wurden um 14:45 Uhr abgeschlossen.<\/p>\n<h3 class=\"berichte\">24.06.2017 &#8211; 23.40 Uhr<\/h3>\n<p>Die Feuerwehr M\u00fcssen, wurde um 23:40 mit dem Einsatzstichwort: \u201cPerson im Wasser \u201can den Badesee in M\u00fcssen alarmiert. Vor Ort wurde dann eine Gruppe von 15 Personen angetroffen. Die ersten eintreffenden Kr\u00e4fte setzten sofort das Boot zur Suche ein.<\/p>\n<p>Da laut Befragung der weiteren Badeg\u00e4ste gesagt wurde, dass 1 Person vermisst wird, wurde kurze Zeit sp\u00e4ter ein Gro\u00dfaufgebot an Einsatzkr\u00e4ften an die Einsatzstelle hinzugerufen.<br \/>\nEs kamen Feuerwehren aus Schulendorf, Klein Pampau, B\u00fcchen, Witzeeze, M\u00f6lln, Ratzeburg sowie die Technische Einsatzleitung des Kreisfeuerwehrverbandes.<br \/>\nDer gesamte Wasserrettungszug sowie DLRG mit Booten und Tauchern des Kreises Herzogtum Lauenburg. Die Rettungshundestaffeln aus den Kreisen Herzogtum Lauenburg und Kreis Stormarn. Die Polizei f\u00fchrte Nachtsichtger\u00e4te und Personen-sp\u00fcrhunde an die Einsatzstelle. Alle Einsatzkr\u00e4fte waren am und auf dem Wasser im Einsatz. Ebenso standen 3 Rettungswagen und ein Notarzt bereit.<\/p>\n<p>In Absprache mit der Polizei und allen Hilfsorganisationen beendete die Einsatzleitung den Einsatz ohne Erfolg am 25.06.2017 morgens um 6 Uhr.<\/p>\n<p>Die Polizei \u00fcbernimmt zurzeit die weiteren Ermittlungen.<\/p>\n<h3 class=\"berichte\">22.06.2017 &#8211; 12:35 Uhr<\/h3>\n<p>Die Feuerwehr M\u00fcssen wurde nach einem Unwetter, welches \u00fcber Norddeutschland zog, in die M\u00fchlenstrasse alarmiert. Dort stand h\u00f6he des Abwasserpumpwerkes die Stra\u00dfe unter Wasser. Die Stra\u00dfensiele wurden daraufhin gezogen und Unrat von der Fahrbahn ger\u00e4umt. Einsatzende f\u00fcr die 16 Einsatzkr\u00e4fte war um 13:03 Uhr.<\/p>\n<h3 class=\"berichte\">15.06.2017 &#8211; 17:01 Uhr<\/h3>\n<p>Um 17:01 Uhr wurde die Feuerwehr M\u00fcssen zusammen mit den Feuerwehren Klein Pampau und Schulendorf zu einem Fl\u00e4chenbrand in der M\u00fcssener Stra\u00dfe in Klein Pampau alarmiert. Alle drei Fahrzeuge r\u00fcckten z\u00fcgig aus. Durch einen Anwohner wurden die Einsatzkr\u00e4fte eingewiesen und das Feuer abgel\u00f6scht. Alle Kr\u00e4fte konnten danach wieder einr\u00fccken.<\/p>\n<h3 class=\"berichte\">11.06.2017 &#8211; 12:07 Uhr<\/h3>\n<p>Um 12:07 wurde die Feuerwehr M\u00fcssen zu einem brennendem St\u00fcck Hecke alarmiert. Die 21 Kameraden die mit allen 3 Fahrzeugen ausr\u00fcckten, l\u00f6schten die Hecke ab und w\u00e4sserten zur Vorbeugung den r\u00fcckw\u00e4rtigen Bereich. Die mitalarmierte Feuerwehr B\u00fcchen konnte ihre Einsatzfahrt abbrechen.<\/p>\n<h3 class=\"berichte\">27.05.2017 &#8211; 15:06 Uhr<\/h3>\n<p>Um 15:06 Uhr wurde die Feuerwehr M\u00fcssen zu einem Heckenbrand in Klein Pampau alarmiert. Da die Feuerwehr Klein Pampau schon vor Ort war, r\u00fcckte die Einsatzleitung der Feuerwehr M\u00fcssen und das STIF zum Einsatz nach Klein Pampau aus. Das zweite Fahrzeug blieb in Bereitstellung mit acht Kameraden am Ger\u00e4tehaus. Die Feuerwehr M\u00fcssen musste nicht mehr t\u00e4tig werden und r\u00fcckte wieder ein.<\/p>\n<h3 class=\"berichte\">28.04.2017 &#8211; 15:18 Uhr<\/h3>\n<p>Um 15:18 Uhr wurde die Feuerwehr M\u00fcssen zu einer Getreidespur im Kurvenbereich des R\u00e4thjenwegs alarmiert.<br \/>\nSie wurde von 11 Einsatzkr\u00e4ften beseitigt.<\/p>\n<h3 class=\"berichte\">20.04.2017 &#8211; 18:12 Uhr<\/h3>\n<p>Um 18:12 Uhr wurde die Feuerwehr M\u00fcssen zu einem Feuer in Louisenhof alarmiert.<br \/>\nDort brannte eine Halle. Nach der Erkundung des Einsatzleiters und des Zugf\u00fchrers wurde an die Leitstelle S\u00fcd das Einsatzstichwort &#8222;Feuer Y&#8220;, Menschenleben in Gefahr gegeben.<br \/>\nDadurch wurden die Feuerwehren Klein Pampau, Schulendorf und B\u00fcchen, sowie zwei Rettungswagen an die Einsatzstelle entsandt. Es stellte sich schnell heraus, dass es sich um eine gro\u00df angelegte \u00dcbung handelte, die verschiedene \u00dcbungsziele beinhaltete, wie:<\/p>\n<p>&#8211; Wasserf\u00f6rderung \u00fcber lange Wegstrecken<br \/>\n&#8211; Menschrettung unter Atemschutz<br \/>\n&#8211; Zusammenspiel Rettungsdienst<br \/>\n&#8211; Verhalten der geistig behinderten Bewohner vor Ort<\/p>\n<p>Der Verkehr wurde im Bereich Louisenhof f\u00fcr ca. eine Stunde komplett gesperrt, da sich dort 60 Einsatzkr\u00e4fte im Bereich der Einsatzstelle aufhielten.<br \/>\n\u00dcbungsende, war f\u00fcr alle eingesetzten Kr\u00e4fte um 20.00 Uhr. Danach gab es f\u00fcr alle eine Nachbesprechung im Ger\u00e4tehaus zur Auswertung der Einsatzziele.<\/p>\n<p>&gt;&gt;&gt; <a href=\"http:\/\/feuerwehr-muessen.de\/index.php\/galerie\/\">Fotos von dieser \u00dcbung<\/a><\/p>\n<h3 class=\"berichte\">06.04.2017 &#8211; 15:53 Uhr<\/h3>\n<p>Die Feuerwehr M\u00fcssen wurde wegen eines Fl\u00e4chenbrandes am M\u00fcssener Bahnhof alarmiert.<br \/>\nZ\u00fcgig r\u00fcckten alle 3 Fahrzeuge aus. An der Einsatzstelle brannten ca. 25 qm Wallfl\u00e4che. Durch die Hitzeeinwirkung zerbrachen mehrere Scheiben des Wartehauses. Der Einsatzleiter informierte die Leitstelle S\u00dcD \u00fcber die starke Rauchentwicklung im Gleisbereich. Um eine Gefahr f\u00fcr die Einsatzkr\u00e4fte durch den Zugverkehr zu verhindern wurde vom Fahrdienstleiter Durchfahrt nur mit geringer Geschwindigkeit angeordnet. Einsatzende f\u00fcr die 13 Kameraden war um 16:50 Uhr.<\/p>\n<div class=\"su-row\">\n<div class=\"su-column su-column-size-1-2\"><div class=\"su-column-inner su-u-clearfix su-u-trim\">\n<a href=\"http:\/\/feuerwehr-muessen.de\/wp-content\/uploads\/2017\/02\/01.png\"><img loading=\"lazy\" decoding=\"async\" class=\"aligncenter size-medium wp-image-740\" src=\"http:\/\/feuerwehr-muessen.de\/wp-content\/uploads\/2017\/02\/01-450x337.png\" alt=\"\" width=\"450\" height=\"337\" srcset=\"https:\/\/feuerwehr-muessen.de\/wp-content\/uploads\/2017\/02\/01-450x337.png 450w, https:\/\/feuerwehr-muessen.de\/wp-content\/uploads\/2017\/02\/01.png 832w\" sizes=\"auto, (max-width: 450px) 100vw, 450px\" \/><\/a><br \/>\n<\/div><\/div>\n<div class=\"su-column su-column-size-1-2\"><div class=\"su-column-inner su-u-clearfix su-u-trim\">\n<a href=\"http:\/\/feuerwehr-muessen.de\/wp-content\/uploads\/2017\/02\/02.png\"><img loading=\"lazy\" decoding=\"async\" class=\"aligncenter size-medium wp-image-741\" src=\"http:\/\/feuerwehr-muessen.de\/wp-content\/uploads\/2017\/02\/02-450x338.png\" alt=\"\" width=\"450\" height=\"338\" srcset=\"https:\/\/feuerwehr-muessen.de\/wp-content\/uploads\/2017\/02\/02-450x338.png 450w, https:\/\/feuerwehr-muessen.de\/wp-content\/uploads\/2017\/02\/02.png 832w\" sizes=\"auto, (max-width: 450px) 100vw, 450px\" \/><\/a><br \/>\n<\/div><\/div>\n<\/div>\n<h3 class=\"berichte\">01.04.2017 &#8211; 3:26 Uhr<\/h3>\n<p>Um 3:26 wurde die Feuerwehr M\u00fcssen \u00fcber Sirene und Meldeempf\u00e4nger nach Klein Pampau alarmiert. Dort piepte in einem Mehrfamilienhaus ein Rauchmelder. Wir unterst\u00fctzen die \u00d6rtliche Feuerwehr Klein Pampau bei der genauen Lagefeststellung und Erkundung. Wir stellten 1 Atemschutztrupp in Bereitstellung. Nach 35 Minuten konnten alle 3 Fahrzeuge wieder Einr\u00fccken.<\/p>\n<h3 class=\"berichte\">28.03.2017 &#8211; 11:28 Uhr<\/h3>\n<p>Um 11:28 wurde die Feuerwehr M\u00fcssen \u00fcber Sirene zu einer \u00d6lspur von M\u00fcssen nach Gro\u00df Pampau alarmiert. Alle 3 Fahrzeuge r\u00fcckten z\u00fcgig aus.<br \/>\nDer 1. Gruppenf\u00fchrer \u00fcbernahm die Erkundung der Einsatzstelle, die am Kreuzungbereich der Bergstra\u00dfe begann. Die Kreuzung wurde gesperrt, da dort Metallkugellager verteilt lagen und eine Gefahr f\u00fcr Fahrzeuge darstellte. Da die \u00d6lspur bis in das Einsatzgebiet von Gro\u00df Pampau verlief, wurde die Feuerwehr Gro\u00df Pampau zus\u00e4tzlich alarmiert.Die Einsatzsstelle wurde an die Polizei \u00fcbergeben. Einsatzende war um 13:23 Uhr.<\/p>\n<h3 class=\"berichte\">17.03.2017 &#8211; 6:58 Uhr<\/h3>\n<p>Um 6:58 Uhr wurde die Feuerwehr M\u00fcssen durch die Polizei zu einer \u00d6lspur im Bereich Bergstra\u00dfe Ecke An der Bahn und B\u00fcchener Stra\u00dfe \u00fcber die Meldeempf\u00e4nger alarmiert. Mit 7 Kameraden wurde dies abgearbeitet. Die Kreuzung B\u00fcchener Stra\u00dfe\/Grabauer Stra\u00dfe wurde f\u00fcr die Dauer der Arbeiten durch die Polizei f\u00fcr 20 Minuten komplett gesperrt.<\/p>\n<h3 class=\"berichte\">01.03.2017 &#8211; 15:00 Uhr<\/h3>\n<p>Am 01.03.2017 wurde um 15 Uhr der stellvertretende Wehrf\u00fchrer \u00fcber eine Dieselspur im Kreuzungsbereich Dorfstra\u00dfe\/ Ecke Bergstra\u00dfe informiert. Die zwei Kameraden, die dies meldeten, hatten vor Ort in Absprache schon mit den Aufnehmarbeiten begonnen. Es wurde nicht \u00fcber Sirene oder Meldeempf\u00e4nger alarmiert, da es sich um nur 2,5 m handelte. Einsatz Ende 15:37 Uhr.<\/p>\n<h3 class=\"berichte\">06.02.2017 &#8211; 21:44 Uhr<\/h3>\n<p>Am 06.02.2017 wurde die FF M\u00fcssen um 21:44 Uhr \u00fcber Sirene und Melder zu einem vermeintlichen Gasalarm in die Schwarzenbeker Str. gerufen.&nbsp; Mit alarmiert wurde der L\u00f6schzug Gefahrgut vom Kreis Hzgt. Lauenburg. Beim Eintreffen an der Einsatzstelle und der ersten Erkundung sowie der Befragung von Nachbarn und der Person, die den Gasgeruch gemeldet hatte, konnte erst einmal kein Gasgeruch festgestellt werden. Aus Sicherheitsgr\u00fcnden wurden die Fahrzeuge dennoch in einen Sicherheitsbereich von ca. 100 m verlegt. Nach einer weiteren Erkundung durch die Kameraden vom LZG, die bereits eingetroffen waren und mit einem Gasometer Messungen durchf\u00fchrten, konnte auch hier kein Gas festgestellt werden, so dass der Einsatz um 22:33 Uhr beendet wurde und die 27 M\u00fcssener Kameraden wieder in die Wache einr\u00fccken konnten.<\/p>\n<h3 class=\"berichte\">01.02.2017 &#8211; 17:04 Uhr<\/h3>\n<p>Am 01.02.2017 wurde die FF M\u00fcssen erneut zu einer \u00d6lspur gerufen. Um 17:04 Uhr wurde die FF M\u00fcssen \u00fcber Melder in die Stra\u00dfe &#8222;Neue M\u00fchle &#8220; zusammen mit der FF Schulendorf alarmiert. Die FF M\u00fcssen r\u00fcckte mit 3 Fahrzeugen sowie mit 12 Kr\u00e4ften zur Einsatzstelle aus. In Absprache mit der Polizei B\u00fcchen wurde der Kreuzungsbereich an der K73 sowie die Stra\u00dfe zur &#8222;Neuen M\u00fchle&#8220; gesperrt, so dass die Einsatzkr\u00e4fte gefahrlos die betroffenen Stellen auf der Fahrbahn abstreuen und das kontaminierte \u00d6lbindemittel wieder aufnehmen konnten. Einsatzende war hier um 18:15 Uhr.<\/p>\n<h3 class=\"berichte\">06.01.2017 &#8211; 23:27 Uhr<\/h3>\n<p>Am 06.01.2017 wurde im Von-Wachholz-Weg eine \u00d6lspur festgestellt, die sich \u00fcber die Dorfsta\u00dfe bis in den Bereich Dorfstr.\/Bergstr. zog. \u00dcber Melder wurden um 23:27 Uhr 20 Kameraden alarmiert, die mit allen drei Fahrzeugen die Einsatzstelle abarbeiteten. Die betroffenen Bereiche wurden abgesperrt und mit \u00d6lbindemittel abgestreut. Einsatzende f\u00fcr die 20 Kameraden war um 00:15 Uhr.<\/p>\n<h3 class=\"berichte\">03.01.2017 &#8211; 15:11 Uhr<\/h3>\n<p>Am 03.01.2017 wurde die FF M\u00fcssen zu einer ausgel\u00f6sten Brandmeldeanlage nach B\u00fcchen in die Parkstra\u00dfe zur Unterst\u00fctzung f\u00fcr die FF B\u00fcchen gerufen. Die M\u00fcssener Kameraden r\u00fcckten um 15:11 Uhr mit dem LF 8 und dem STLF und somit mit insgesamt 12 Mann zur Einsatzstelle aus. Auf der Anfahrt bekam die FF M\u00fcssen aber bereits die R\u00fcckmeldung das es sich um einen Fehlalarm handelt.&nbsp; Die M\u00fcssener Fahrzeuge konnten ihre Einsatzfahrt beenden und wieder zur Wache zur\u00fcckkehren. Einsatzende f\u00fcr die 12 Kameraden war um 15:20 Uhr.<\/p>\n","protected":false},"excerpt":{"rendered":"<p>19.12.2017 &#8211; 15.28 Uhr Um 15:28 Uhr wurden wir zu einer \u00d6lspur im Bereich Klusterriede \/M\u00fchlenstra\u00dfe alarmiert. Mit allen drei Fahrzeugen und 12 Kameraden wurde das \u00d6l, welches sich \u00fcber ca. 250 m ausgebreitet hatte, abgestreut. Um 16:27 Uhr war f\u00fcr alle Kameraden Einsatzende. 08.12.2017 &#8211; 15.49 Uhr Um 15:49 Uhr wurden wir \u00fcber Meldeempf\u00e4nger &hellip; <a href=\"https:\/\/feuerwehr-muessen.de\/index.php\/berichte-2017\/\" class=\"more-link\"><span class=\"screen-reader-text\">Berichte 2017<\/span> weiterlesen <span class=\"meta-nav\">&rarr;<\/span><\/a><\/p>\n","protected":false},"author":1,"featured_media":0,"parent":0,"menu_order":0,"comment_status":"closed","ping_status":"closed","template":"","meta":{"ngg_post_thumbnail":0,"footnotes":""},"class_list":["post-617","page","type-page","status-publish","hentry"],"_links":{"self":[{"href":"https:\/\/feuerwehr-muessen.de\/index.php\/wp-json\/wp\/v2\/pages\/617","targetHints":{"allow":["GET"]}}],"collection":[{"href":"https:\/\/feuerwehr-muessen.de\/index.php\/wp-json\/wp\/v2\/pages"}],"about":[{"href":"https:\/\/feuerwehr-muessen.de\/index.php\/wp-json\/wp\/v2\/types\/page"}],"author":[{"embeddable":true,"href":"https:\/\/feuerwehr-muessen.de\/index.php\/wp-json\/wp\/v2\/users\/1"}],"replies":[{"embeddable":true,"href":"https:\/\/feuerwehr-muessen.de\/index.php\/wp-json\/wp\/v2\/comments?post=617"}],"version-history":[{"count":54,"href":"https:\/\/feuerwehr-muessen.de\/index.php\/wp-json\/wp\/v2\/pages\/617\/revisions"}],"predecessor-version":[{"id":940,"href":"https:\/\/feuerwehr-muessen.de\/index.php\/wp-json\/wp\/v2\/pages\/617\/revisions\/940"}],"wp:attachment":[{"href":"https:\/\/feuerwehr-muessen.de\/index.php\/wp-json\/wp\/v2\/media?parent=617"}],"curies":[{"name":"wp","href":"https:\/\/api.w.org\/{rel}","templated":true}]}}