{"id":611,"date":"2017-02-15T11:48:03","date_gmt":"2017-02-15T10:48:03","guid":{"rendered":"http:\/\/test.feuerwehr-muessen.de\/?page_id=611"},"modified":"2026-01-12T07:41:01","modified_gmt":"2026-01-12T06:41:01","slug":"verwaltungsabteilung-der-freiwilligen-feuerwehr-muessen","status":"publish","type":"page","link":"https:\/\/feuerwehr-muessen.de\/index.php\/verwaltungsabteilung-der-freiwilligen-feuerwehr-muessen\/","title":{"rendered":"Verwaltungsabteilung der Freiwilligen Feuerwehr M\u00fcssen"},"content":{"rendered":"<p>Aufgaben und Ziele der Verwaltungsabteilung sind zurzeit insbesondere:<\/p>\n<ul style=\"margin-left: 30px;\">\n<li>Allgemeine Verwaltung und Organisation<\/li>\n<li>Logistische Unterst\u00fctzung<\/li>\n<li>Mitgliederbetreuung der Freiwilligen Feuerwehr M\u00fcssen<\/li>\n<li>Mitwirkung bei der Nachwuchsf\u00f6rderung und der Mitgliederwerbung (\u00d6ffentlichkeitsarbeit)<\/li>\n<\/ul>\n<p>Die Verwaltungsabteilung darf Aufgaben, die im direkten Zusammenhang mit Einsatzaufgaben der Feuerwehr gem\u00e4\u00df \u00a7 6 Abs. 1 BrSchG stehen, nicht wahrnehmen ebenso keine Teilnahme an Feuerwehreinsatz\u00fcbungen.<\/p>\n<p>Bei Interesse benutzen Sie unser <a href=\"http:\/\/feuerwehr-muessen.de\/index.php\/kontakt\/\">Kontaktformular<\/a>.<\/p>\n","protected":false},"excerpt":{"rendered":"<p>Aufgaben und Ziele der Verwaltungsabteilung sind zurzeit insbesondere: Allgemeine Verwaltung und Organisation Logistische Unterst\u00fctzung Mitgliederbetreuung der Freiwilligen Feuerwehr M\u00fcssen Mitwirkung bei der Nachwuchsf\u00f6rderung und der Mitgliederwerbung (\u00d6ffentlichkeitsarbeit) Die Verwaltungsabteilung darf Aufgaben, die im direkten Zusammenhang mit Einsatzaufgaben der Feuerwehr gem\u00e4\u00df \u00a7 6 Abs. 1 BrSchG stehen, nicht wahrnehmen ebenso keine Teilnahme an Feuerwehreinsatz\u00fcbungen. Bei Interesse &hellip; <a href=\"https:\/\/feuerwehr-muessen.de\/index.php\/verwaltungsabteilung-der-freiwilligen-feuerwehr-muessen\/\" class=\"more-link\"><span class=\"screen-reader-text\">Verwaltungsabteilung der Freiwilligen Feuerwehr M\u00fcssen<\/span> weiterlesen <span class=\"meta-nav\">&rarr;<\/span><\/a><\/p>\n","protected":false},"author":1,"featured_media":0,"parent":0,"menu_order":0,"comment_status":"closed","ping_status":"closed","template":"templet-no-sidebar.php","meta":{"ngg_post_thumbnail":0,"footnotes":""},"class_list":["post-611","page","type-page","status-publish","hentry"],"_links":{"self":[{"href":"https:\/\/feuerwehr-muessen.de\/index.php\/wp-json\/wp\/v2\/pages\/611","targetHints":{"allow":["GET"]}}],"collection":[{"href":"https:\/\/feuerwehr-muessen.de\/index.php\/wp-json\/wp\/v2\/pages"}],"about":[{"href":"https:\/\/feuerwehr-muessen.de\/index.php\/wp-json\/wp\/v2\/types\/page"}],"author":[{"embeddable":true,"href":"https:\/\/feuerwehr-muessen.de\/index.php\/wp-json\/wp\/v2\/users\/1"}],"replies":[{"embeddable":true,"href":"https:\/\/feuerwehr-muessen.de\/index.php\/wp-json\/wp\/v2\/comments?post=611"}],"version-history":[{"count":7,"href":"https:\/\/feuerwehr-muessen.de\/index.php\/wp-json\/wp\/v2\/pages\/611\/revisions"}],"predecessor-version":[{"id":2139,"href":"https:\/\/feuerwehr-muessen.de\/index.php\/wp-json\/wp\/v2\/pages\/611\/revisions\/2139"}],"wp:attachment":[{"href":"https:\/\/feuerwehr-muessen.de\/index.php\/wp-json\/wp\/v2\/media?parent=611"}],"curies":[{"name":"wp","href":"https:\/\/api.w.org\/{rel}","templated":true}]}}