{"id":568,"date":"2017-02-06T21:02:55","date_gmt":"2017-02-06T20:02:55","guid":{"rendered":"http:\/\/test.feuerwehr-muessen.de\/?page_id=568"},"modified":"2017-12-19T22:29:48","modified_gmt":"2017-12-19T21:29:48","slug":"einsaetze-2017","status":"publish","type":"page","link":"https:\/\/feuerwehr-muessen.de\/index.php\/einsaetze-2017\/","title":{"rendered":"Eins\u00e4tze 2017"},"content":{"rendered":"<table class=\"einsaetze\">\n<tbody>\n<tr>\n<th>Nr.<\/th>\n<th>Datum<\/th>\n<th>Uhrzeit<\/th>\n<th>Stra\u00dfe<\/th>\n<th>Einsatzart<\/th>\n<th>Einsatzbeschreibung<\/th>\n<th>Einsatzmittel<\/th>\n<\/tr>\n<tr>\n<td>\t1\t<\/td>\n<td>\t03.01.2017\t<\/td>\n<td>\t15:11\t<\/td>\n<td>\tParkstra\u00dfe in B\u00fcchen\t<\/td>\n<td>\tTH\t<\/td>\n<td>\tBrandmeldeanlage\/Fehlalarm\t<\/td>\n<td>\tSTLF, LF8 und MTW\t<\/td>\n<\/tr>\n<tr>\n<td>\t2\t<\/td>\n<td>\t06.01.2017\t<\/td>\n<td>\t23:27\t<\/td>\n<td>\tVon Wachholtz Weg  \t<\/td>\n<td>\tTH\t<\/td>\n<td>\t\u00d6lspur beseitigt\t<\/td>\n<td>\tSTLF, LF8 und MTW\t<\/td>\n<\/tr>\n<tr>\n<td>\t3\t<\/td>\n<td>\t01.02.2017\t<\/td>\n<td>\t17:04\t<\/td>\n<td>\tK73 Neue M\u00fchle\t<\/td>\n<td>\tTH\t<\/td>\n<td>\t\u00d6lspur im Kreuzungsbereich \t<\/td>\n<td>\tSTLF, LF8 und MTW\t<\/td>\n<\/tr>\n<tr>\n<td>\t4\t<\/td>\n<td>\t06.02.2017\t<\/td>\n<td>\t21:44\t<\/td>\n<td>\tSchwarzenbeker Stra\u00dfe\t<\/td>\n<td>\tTHGas\t<\/td>\n<td>\tGasgeruch von Anwohner gemeldet\t<\/td>\n<td>\tMessger\u00e4t, LZG (kein Gas)\t<\/td>\n<\/tr>\n<tr>\n<td>\t5\t<\/td>\n<td>\t01.03.2017\t<\/td>\n<td>\t15:00\t<\/td>\n<td>\tDorfstra\u00dfe\/Bergstra\u00dfe\t<\/td>\n<td>\tTH\t<\/td>\n<td>\tDieselspur\t<\/td>\n<td>\tBindemittel\t<\/td>\n<\/tr>\n<tr>\n<td>\t6\t<\/td>\n<td>\t17.03.2017\t<\/td>\n<td>\t06:58\t<\/td>\n<td>\tBergstra\u00dfe\/B\u00fcchener Stra\u00dfe\t<\/td>\n<td>\tTH\t<\/td>\n<td>\t\u00d6lspur\t<\/td>\n<td>\tBindemittel\t<\/td>\n<\/tr>\n<tr>\n<td>\t7\t<\/td>\n<td>\t28.03.2017\t<\/td>\n<td>\t11:28\t<\/td>\n<td>\tKreuzung Bergstr.\/Grabauer Str.\t<\/td>\n<td>\tTH\t<\/td>\n<td>\t\u00d6lspur bis Gro\u00df Pampau\t<\/td>\n<td>\tSTLF, LF8 und MTW\t<\/td>\n<\/tr>\n<tr>\n<td>\t8\t<\/td>\n<td>\t01.04.2017\t<\/td>\n<td>\t03:26\t<\/td>\n<td>\tKlein Pampau\t<\/td>\n<td>\tTH\t<\/td>\n<td>\tBrandmelder ausgel\u00f6st\t<\/td>\n<td>\tSTLF, LF8 und MTW\t<\/td>\n<\/tr>\n<tr>\n<td>\t9\t<\/td>\n<td>\t06.04.2017\t<\/td>\n<td>\t15:53\t<\/td>\n<td>\tBahnhof M\u00fcssen\t<\/td>\n<td>\tFEU\t<\/td>\n<td>\t Wallfl\u00e4che am Bahnhof brannte\t<\/td>\n<td>\tSTLF, LF8 und MTW\t<\/td>\n<\/tr>\n<tr>\n<td>\t10\t<\/td>\n<td>\t20.04.2017\t<\/td>\n<td>\t18:12\t<\/td>\n<td>\tLouisenhof\t<\/td>\n<td>\tFEU Y\t<\/td>\n<td>\tAlarm\u00fcbung auf Louisenhof\t<\/td>\n<td>\tSTLF, LF8 und MTW\/2 RTW \t<\/td>\n<\/tr>\n<tr>\n<td>\t11\t<\/td>\n<td>\t28.04.2017\t<\/td>\n<td>\t15:18\t<\/td>\n<td>\tR\u00e4thjenweg\/ Kurvenbereich\t<\/td>\n<td>\tTH\t<\/td>\n<td>\tGetreidespur im Kurvenbereich\t<\/td>\n<td>\tSTLF, LF8 und MTW\t<\/td>\n<\/tr>\n<tr>\n<td>\t12\t<\/td>\n<td>\t27.05.2017\t<\/td>\n<td>\t15:06\t<\/td>\n<td>\tKlein Pampau\t<\/td>\n<td>\tFEU\t<\/td>\n<td>\tHeckenbrand\t<\/td>\n<td>\tSTLF, LF8 und MTW\t<\/td>\n<\/tr>\n<tr>\n<td>\t13\t<\/td>\n<td>\t11.06.2017\t<\/td>\n<td>\t12:07\t<\/td>\n<td>\tM\u00fcssen &#8211; M\u00fchlenstra\u00dfe\t<\/td>\n<td>\tFEU\t<\/td>\n<td>\tHeckenbrand\t<\/td>\n<td>\tSTLF, LF8 und MTW\t<\/td>\n<\/tr>\n<tr>\n<td>\t14\t<\/td>\n<td>\t22.06.2017\t<\/td>\n<td>\t12:35\t<\/td>\n<td>\tM\u00fcssen &#8211; M\u00fchlenstra\u00dfe\t<\/td>\n<td>\tTH\t<\/td>\n<td>\tStra\u00dfe unter Wasser, Siele ges\u00e4ub.\t<\/td>\n<td>\tSTLF, LF8 und MTW\t<\/td>\n<\/tr>\n<tr>\n<td>\t15\t<\/td>\n<td>\t24.06.2017\t<\/td>\n<td>\t23:40\t<\/td>\n<td>\tM\u00fcssen- Badesee\t<\/td>\n<td>\tTH Wasser Y\t<\/td>\n<td>\tPerson Im Wasser &#8211; Gro\u00dfeinsatz\t<\/td>\n<td>\tM\u00fcssen u. Boot u. div. Kr\u00e4fte\t<\/td>\n<\/tr>\n<tr>\n<td>\t16\t<\/td>\n<td>\t28.06.2017\t<\/td>\n<td>\t11:40\t<\/td>\n<td>\tM\u00fcssen &#8211; Badesee\t<\/td>\n<td>\tAmtshilfe\t<\/td>\n<td>\tLagebeurteilung\/Amtshilfe\t<\/td>\n<td>\t \t<\/td>\n<\/tr>\n<tr>\n<td>\t17\t<\/td>\n<td>\t30.06.2017\t<\/td>\n<td>\t12:08\t<\/td>\n<td>\tM\u00fcssen &#8211; Louisenhof\t<\/td>\n<td>\tTH \t<\/td>\n<td>\tStra\u00dfe u. Wohnanl. teils u. Wasser\t<\/td>\n<td>\tSTLF, LF8 und MTW\t<\/td>\n<\/tr>\n<tr>\n<td>\t18\t<\/td>\n<td>\t26.07.2017\t<\/td>\n<td>\t12:08\t<\/td>\n<td>\tBahnhof B\u00fcchen\t<\/td>\n<td>\tTH\t<\/td>\n<td>\tPerson im Fahrstuhl eingesperrt\t<\/td>\n<td>\tSTLF, LF8 und MTW\t<\/td>\n<\/tr>\n<tr>\n<td>\t19\t<\/td>\n<td>\t22.08.2017\t<\/td>\n<td>\t19:00\t<\/td>\n<td>\tDassendorf\t<\/td>\n<td>\t\u00dcbung\t<\/td>\n<td>\t1. Zusammentreffen aller Fahrzeuge\t<\/td>\n<td>\tMTW\t<\/td>\n<\/tr>\n<tr>\n<td>\t20\t<\/td>\n<td>\t27.08.2017\t<\/td>\n<td>\t17:00\t<\/td>\n<td>\tM\u00fcssen-Grabauer Stra\u00dfe\t<\/td>\n<td>\tFEU klein\t<\/td>\n<td>\tFl\u00e4chenbrand\t<\/td>\n<td>\tSTLF,LF8 u. MTW &#8211; K\u00fcbelspritze\t<\/td>\n<\/tr>\n<tr>\n<td>\t21\t<\/td>\n<td>\t01.09.2017\t<\/td>\n<td>\t11:00\t<\/td>\n<td>\tM\u00fcssen-Raiffeisen &#8211; Schwarzenb.-str.\t<\/td>\n<td>\tTH\t<\/td>\n<td>\t\u00d6lspur \t<\/td>\n<td>\tBindemittel\t<\/td>\n<\/tr>\n<tr>\n<td>\t22\t<\/td>\n<td>\t18.09.2017\t<\/td>\n<td>\t18:14\t<\/td>\n<td>\tM\u00fcssen-Lauenburger Str.\t<\/td>\n<td>\tFEU klein\t<\/td>\n<td>\tUnrat im Waldst\u00fcck verbrannt\t<\/td>\n<td>\tSTLF, LF8 und MTW\t<\/td>\n<\/tr>\n<tr>\n<td>\t23\t<\/td>\n<td>\t23.09.2017\t<\/td>\n<td>\t21:33\t<\/td>\n<td>\tM\u00fcssen &#8211; Bahnhofstra\u00dfe \t<\/td>\n<td>\tFEU &#8211; Fehlalarm\t<\/td>\n<td>\tgemeldetes Feuer &#8211; Fehlalarm\t<\/td>\n<td>\tSTLF, LF8 und MTW\t<\/td>\n<\/tr>\n<tr>\n<td>\t24\t<\/td>\n<td>\t05.10.2017\t<\/td>\n<td>\t14:30\t<\/td>\n<td>\tM\u00fcssen \t<\/td>\n<td>\tTH \t<\/td>\n<td>\tSturm Xavier\t<\/td>\n<td>\tSTLF, LF8 und MTW\t<\/td>\n<\/tr>\n<tr>\n<td>\t25\t<\/td>\n<td>\t06.10.2017\t<\/td>\n<td>\t09:30\t<\/td>\n<td>\tM\u00fcssen\t<\/td>\n<td>\tTH\t<\/td>\n<td>\tSturm Xavier\t<\/td>\n<td>\tSTLF, LF8 und MTW\t<\/td>\n<\/tr>\n<tr>\n<td>\t26\t<\/td>\n<td>\t16.10.2017\t<\/td>\n<td>\t15:05\t<\/td>\n<td>\tKlein Pampau\t<\/td>\n<td>\tFEU\t<\/td>\n<td>\tGaragenbrand\t<\/td>\n<td>\tSTLF, TSF-GW und MTW\t<\/td>\n<\/tr>\n<tr>\n<td>\t27\t<\/td>\n<td>\t29.10.2017\t<\/td>\n<td>\t08:18\t<\/td>\n<td>\tM\u00fcssen &#8211; R\u00e4thjenweg\t<\/td>\n<td>\tTH\t<\/td>\n<td>\tumgest\u00fcrzter Baum\t<\/td>\n<td>\tSTLF,TSF-GW und MTW\t<\/td>\n<\/tr>\n<tr>\n<td>\t28\t<\/td>\n<td>\t29.10.2017\t<\/td>\n<td>\t12:08\t<\/td>\n<td>\tM\u00fcssen &#8211; Alte Ziegelei\t<\/td>\n<td>\tTH\t<\/td>\n<td>\tAst drohte auf Garage zu st\u00fcrzen\t<\/td>\n<td>\tSTLF,TSF-GW und MTW\t<\/td>\n<\/tr>\n<tr>\n<td>\t29\t<\/td>\n<td>\t31.10.2017\t<\/td>\n<td>\t14:45\t<\/td>\n<td>\tKlein Pampau\t<\/td>\n<td>\tFEU &#8211; Fehlalarm\t<\/td>\n<td>\tRauchmelder ausgel\u00f6st\t<\/td>\n<td>\tSTLF, TSF-GW und MTW\t<\/td>\n<\/tr>\n<tr>\n<td>\t30\t<\/td>\n<td>\t08.12.2017\t<\/td>\n<td>\t15:49\t<\/td>\n<td>\tM\u00fcssen &#8211; Dorfstra\u00dfe \t<\/td>\n<td>\tTH\t<\/td>\n<td>\t\u00d6lspur\t<\/td>\n<td>\tSTLF, TSF-GW und MTW\t<\/td>\n<\/tr>\n<tr>\n<td>\t31\t<\/td>\n<td>\t19.12.2017\t<\/td>\n<td>\t15:28\t<\/td>\n<td>\tM\u00fcssen &#8211; Klusterriede\/M\u00fchlenstr.\t<\/td>\n<td>\tTH\t<\/td>\n<td>\t\u00d6lspur\t<\/td>\n<td>\tSTLF, TSF-GW und MTW\t<\/td>\n<\/tr>\n<\/tbody>\n<\/table>\n","protected":false},"excerpt":{"rendered":"<p>Nr. Datum Uhrzeit Stra\u00dfe Einsatzart Einsatzbeschreibung Einsatzmittel 1 03.01.2017 15:11 Parkstra\u00dfe in B\u00fcchen TH Brandmeldeanlage\/Fehlalarm STLF, LF8 und MTW 2 06.01.2017 23:27 Von Wachholtz Weg TH \u00d6lspur beseitigt STLF, LF8 und MTW 3 01.02.2017 17:04 K73 Neue M\u00fchle TH \u00d6lspur im Kreuzungsbereich STLF, LF8 und MTW 4 06.02.2017 21:44 Schwarzenbeker Stra\u00dfe THGas Gasgeruch von Anwohner &hellip; <a href=\"https:\/\/feuerwehr-muessen.de\/index.php\/einsaetze-2017\/\" class=\"more-link\"><span class=\"screen-reader-text\">Eins\u00e4tze 2017<\/span> weiterlesen <span class=\"meta-nav\">&rarr;<\/span><\/a><\/p>\n","protected":false},"author":1,"featured_media":0,"parent":0,"menu_order":0,"comment_status":"closed","ping_status":"closed","template":"","meta":{"ngg_post_thumbnail":0,"footnotes":""},"class_list":["post-568","page","type-page","status-publish","hentry"],"_links":{"self":[{"href":"https:\/\/feuerwehr-muessen.de\/index.php\/wp-json\/wp\/v2\/pages\/568","targetHints":{"allow":["GET"]}}],"collection":[{"href":"https:\/\/feuerwehr-muessen.de\/index.php\/wp-json\/wp\/v2\/pages"}],"about":[{"href":"https:\/\/feuerwehr-muessen.de\/index.php\/wp-json\/wp\/v2\/types\/page"}],"author":[{"embeddable":true,"href":"https:\/\/feuerwehr-muessen.de\/index.php\/wp-json\/wp\/v2\/users\/1"}],"replies":[{"embeddable":true,"href":"https:\/\/feuerwehr-muessen.de\/index.php\/wp-json\/wp\/v2\/comments?post=568"}],"version-history":[{"count":22,"href":"https:\/\/feuerwehr-muessen.de\/index.php\/wp-json\/wp\/v2\/pages\/568\/revisions"}],"predecessor-version":[{"id":942,"href":"https:\/\/feuerwehr-muessen.de\/index.php\/wp-json\/wp\/v2\/pages\/568\/revisions\/942"}],"wp:attachment":[{"href":"https:\/\/feuerwehr-muessen.de\/index.php\/wp-json\/wp\/v2\/media?parent=568"}],"curies":[{"name":"wp","href":"https:\/\/api.w.org\/{rel}","templated":true}]}}