{"id":56,"date":"2015-06-03T12:28:40","date_gmt":"2015-06-03T10:28:40","guid":{"rendered":"http:\/\/test.feuerwehr-muessen.de\/?page_id=56"},"modified":"2015-06-03T12:28:40","modified_gmt":"2015-06-03T10:28:40","slug":"einsaetze-2012","status":"publish","type":"page","link":"https:\/\/feuerwehr-muessen.de\/index.php\/einsaetze-2012\/","title":{"rendered":"Eins\u00e4tze 2012"},"content":{"rendered":"<br \/>\n<table class=\"einsaetze\">\n<tbody>\n<tr>\n<th>Nr.<\/th>\n<th>Datum<\/th>\n<th>Uhrzeit<\/th>\n<th>Stra\u00dfe<\/th>\n<th>Einsatzart<\/th>\n<th>Einsatzbeschreibung<\/th>\n<th>Einsatzmittel<\/th>\n<\/tr>\n<tr>\n<td>1<\/td>\n<td>08.02.2012<\/td>\n<td>12:41<\/td>\n<td>Dorfstra\u00dfe, Klein Pampau<\/td>\n<td>Feuer<\/td>\n<td>starke Rauchentwicklung im Kuhstall<\/td>\n<td>2 PA-Tr\u00e4ger, 1 C-Rohre<\/td>\n<\/tr>\n<tr>\n<td>2<\/td>\n<td>07.03.2012<\/td>\n<td>16:31<\/td>\n<td>B209 Lauenburgerstra\u00dfe, Louisenhof<\/td>\n<td>Techn. Hilfe<\/td>\n<td>Abr\u00e4umung der Unfallstelle<\/td>\n<td>Besen, Schuttmulde<\/td>\n<\/tr>\n<tr>\n<td>3<\/td>\n<td>21.04.2012<\/td>\n<td>9:00<\/td>\n<td>Bundes\u00fcbungsgel\u00e4nde B\u00fcchen<\/td>\n<td>Techn. Hilfe<\/td>\n<td>Kathastrophenschutz\u00fcbung<\/td>\n<td>Krankentrage<\/td>\n<\/tr>\n<tr>\n<td>4<\/td>\n<td>19.05.2012<\/td>\n<td>22:49<\/td>\n<td>Louisenhof<\/td>\n<td>Techn. Hilfe<\/td>\n<td>Abstreuen auslaufender Betriebsmittel<\/td>\n<td>\u00d6lbindemittel, Besen<\/td>\n<\/tr>\n<tr>\n<td>4<\/td>\n<td>02.06.2012<\/td>\n<td>09:25<\/td>\n<td>Witzeeze, Dorfstra\u00dfe<\/td>\n<td>Alarm\u00fcbung<\/td>\n<td>Feuer Einfamilienhaus<\/td>\n<td>2 C-Rohre, 1 PA-Trupp<\/td>\n<\/tr>\n<tr>\n<td>5<\/td>\n<td>06.06.2012<\/td>\n<td>13:27<\/td>\n<td>Pommernweg<\/td>\n<td>Notfalleinsatz<\/td>\n<td>Unterst\u00fctzung Tragehilfe<\/td>\n<td><\/td>\n<\/tr>\n<tr>\n<td>6<\/td>\n<td>29.06.2012<\/td>\n<td>18:26<\/td>\n<td>h\u00f6he Dorfstra\u00dfe 1<\/td>\n<td>Techn. Hilfe<\/td>\n<td>Stra\u00dfe unter Wasser<\/td>\n<td><\/td>\n<\/tr>\n<tr>\n<td>7<\/td>\n<td>29.06.2012<\/td>\n<td>18:26<\/td>\n<td>h\u00f6he Dorfstra\u00dfe 22<\/td>\n<td>Techn. Hilfe<\/td>\n<td>Stra\u00dfe unter Wasser<\/td>\n<td><\/td>\n<\/tr>\n<tr>\n<td>8<\/td>\n<td>29.06.2012<\/td>\n<td>18:26<\/td>\n<td>h\u00f6he Pumpstation M\u00fchlenstra\u00dfe<\/td>\n<td>Techn. Hilfe<\/td>\n<td>Stra\u00dfe unter Wasser<\/td>\n<td><\/td>\n<\/tr>\n<tr>\n<td>9<\/td>\n<td>06.07.2012<\/td>\n<td>17:56<\/td>\n<td>h\u00f6he Dorfstra\u00dfe 22<\/td>\n<td>Techn. Hilfe<\/td>\n<td>Stra\u00dfe unter Wasser<\/td>\n<td><\/td>\n<\/tr>\n<tr>\n<td>10<\/td>\n<td>10.07.2012<\/td>\n<td>11:38<\/td>\n<td>Klein Pampau<br \/>Wotersener Weg<\/td>\n<td>Feuer<\/td>\n<td>brennende Reifen<\/td>\n<td>550 Liter Wasser <br \/>4 Liter Schaummittel<\/td>\n<\/tr>\n<tr>\n<td>11<\/td>\n<td>10.07.2012<\/td>\n<td>22:05<\/td>\n<td>Klein Pampau<br \/>Wotersener Weg<\/td>\n<td>Feuer<\/td>\n<td>brennende Reifen<\/td>\n<td>Wasser <br \/>2 Liter Schaummittel<\/td>\n<\/tr>\n<tr>\n<td>12<\/td>\n<td>29.07.2012<\/td>\n<td>11:51<\/td>\n<td>h\u00f6he Bergstra\u00dfe 1<\/td>\n<td>Techn. Hilfe<\/td>\n<td>GAS-Geruch<\/td>\n<td><\/td>\n<\/tr>\n<tr>\n<td>13<\/td>\n<td>23.08.2012<\/td>\n<td>13:51<\/td>\n<td>Schwarzenbeker Stra\u00dfe<\/td>\n<td>Feuer<\/td>\n<td>B\u00f6schungsbrand<\/td>\n<td>10l Wasser<\/td>\n<\/tr>\n<tr>\n<td>14<\/td>\n<td>05.10.2012<\/td>\n<td>18:34<\/td>\n<td>Grabauer Stra\u00dfe<\/td>\n<td>Techn. Hilfe<\/td>\n<td>Baum auf Radweg<\/td>\n<td>Motors\u00e4ge<\/td>\n<\/tr>\n<tr>\n<td>15<\/td>\n<td>06.10.2012<\/td>\n<td>04:48<\/td>\n<td>Hasenb\u00f6ge<br \/>Kl. Pampau<\/td>\n<td>Feuer<\/td>\n<td>brennt PKW<\/td>\n<td>2 C-Rohre<br \/> Brechstange<\/td>\n<\/tr>\n<tr>\n<td>16<\/td>\n<td>14.11.2012<\/td>\n<td>11:16<\/td>\n<td>R\u00e4tjenweg<\/td>\n<td>Feuer<\/td>\n<td>brennt Buschwerk<\/td>\n<td>Fehlalarm<\/td>\n<\/tr>\n<tr>\n<td>17<\/td>\n<td>29.11.2012<\/td>\n<td>13:04<\/td>\n<td>An der Bahn<\/td>\n<td>Techn. Hilfe<\/td>\n<td>T\u00fcr\u00f6ffnung<\/td>\n<td>Hooligantool<\/td>\n<\/tr>\n<tr>\n<td>18<\/td>\n<td>29.11.2012<\/td>\n<td>16:34<\/td>\n<td>Dorfgebiet<\/td>\n<td>Techn. Hilfe<\/td>\n<td>\u00d6lspur<\/td>\n<td>150Kg \u00d6lbindemittel<br \/>Schaufel, Besen<\/td>\n<\/tr>\n<tr>\n<td>19<\/td>\n<td>15.12.2012<\/td>\n<td>21:24<\/td>\n<td>Raiffeisenstra\u00dfe<\/td>\n<td>Feuer<\/td>\n<td>brennt Zweifamilienhaus<\/td>\n<td>3 C-Rohre<br \/>Tiegers\u00e4ge<br \/>Hooligantool<\/td>\n<\/tr>\n<\/tbody>\n<\/table>\n","protected":false},"excerpt":{"rendered":"<p>Nr. Datum Uhrzeit Stra\u00dfe Einsatzart Einsatzbeschreibung Einsatzmittel 1 08.02.2012 12:41 Dorfstra\u00dfe, Klein Pampau Feuer starke Rauchentwicklung im Kuhstall 2 PA-Tr\u00e4ger, 1 C-Rohre 2 07.03.2012 16:31 B209 Lauenburgerstra\u00dfe, Louisenhof Techn. Hilfe Abr\u00e4umung der Unfallstelle Besen, Schuttmulde 3 21.04.2012 9:00 Bundes\u00fcbungsgel\u00e4nde B\u00fcchen Techn. Hilfe Kathastrophenschutz\u00fcbung Krankentrage 4 19.05.2012 22:49 Louisenhof Techn. Hilfe Abstreuen auslaufender Betriebsmittel \u00d6lbindemittel, Besen &hellip; <a href=\"https:\/\/feuerwehr-muessen.de\/index.php\/einsaetze-2012\/\" class=\"more-link\"><span class=\"screen-reader-text\">Eins\u00e4tze 2012<\/span> weiterlesen <span class=\"meta-nav\">&rarr;<\/span><\/a><\/p>\n","protected":false},"author":1,"featured_media":0,"parent":0,"menu_order":0,"comment_status":"closed","ping_status":"closed","template":"","meta":{"ngg_post_thumbnail":0,"footnotes":""},"class_list":["post-56","page","type-page","status-publish","hentry"],"_links":{"self":[{"href":"https:\/\/feuerwehr-muessen.de\/index.php\/wp-json\/wp\/v2\/pages\/56","targetHints":{"allow":["GET"]}}],"collection":[{"href":"https:\/\/feuerwehr-muessen.de\/index.php\/wp-json\/wp\/v2\/pages"}],"about":[{"href":"https:\/\/feuerwehr-muessen.de\/index.php\/wp-json\/wp\/v2\/types\/page"}],"author":[{"embeddable":true,"href":"https:\/\/feuerwehr-muessen.de\/index.php\/wp-json\/wp\/v2\/users\/1"}],"replies":[{"embeddable":true,"href":"https:\/\/feuerwehr-muessen.de\/index.php\/wp-json\/wp\/v2\/comments?post=56"}],"version-history":[{"count":1,"href":"https:\/\/feuerwehr-muessen.de\/index.php\/wp-json\/wp\/v2\/pages\/56\/revisions"}],"predecessor-version":[{"id":57,"href":"https:\/\/feuerwehr-muessen.de\/index.php\/wp-json\/wp\/v2\/pages\/56\/revisions\/57"}],"wp:attachment":[{"href":"https:\/\/feuerwehr-muessen.de\/index.php\/wp-json\/wp\/v2\/media?parent=56"}],"curies":[{"name":"wp","href":"https:\/\/api.w.org\/{rel}","templated":true}]}}