{"id":52,"date":"2015-06-03T12:27:14","date_gmt":"2015-06-03T10:27:14","guid":{"rendered":"http:\/\/test.feuerwehr-muessen.de\/?page_id=52"},"modified":"2015-06-03T12:27:14","modified_gmt":"2015-06-03T10:27:14","slug":"einsaetze-2014","status":"publish","type":"page","link":"https:\/\/feuerwehr-muessen.de\/index.php\/einsaetze-2014\/","title":{"rendered":"Eins\u00e4tze 2014"},"content":{"rendered":"<br \/>\n<table class=\"einsaetze\">\n<tbody>\n<tr>\n<th>Nr.<\/th>\n<th>Datum<\/th>\n<th>Uhrzeit<\/th>\n<th>Stra\u00dfe<\/th>\n<th>Einsatzart<\/th>\n<th>Einsatzbeschreibung<\/th>\n<th>Einsatzmittel<\/th>\n<\/tr>\n<tr>\n<td>1<\/td>\n<td>07.02.2014<\/td>\n<td>18:39<\/td>\n<td>Ortsausgang Grabauer Stra\u00dfe<\/td>\n<td>Techn. Hilfe<\/td>\n<td>Baum auf Stra\u00dfe<\/td>\n<td>Motorkettens\u00e4ge<\/td>\n<\/tr>\n<tr>\n<td>2<\/td>\n<td>24.02.2014<\/td>\n<td>08:44<\/td>\n<td>Louisenhof<br \/> Bauernhof Groth<\/td>\n<td>Feuer<\/td>\n<td>brennt Heizungsraum<\/td>\n<td>1 C-Hohlstrahlrohr<br \/>150 Liter Wasser<\/td>\n<\/tr>\n<tr>\n<td>3<\/td>\n<td>04.04.2014<\/td>\n<td>18:50<\/td>\n<td>Dorfstra\u00dfe<\/td>\n<td>Techn. Hilfe<\/td>\n<td>Katze im Baum<\/td>\n<td>Motorkettens\u00e4ge<\/td>\n<\/tr>\n<tr>\n<td>4<\/td>\n<td>22.05.2014<\/td>\n<td>18:26<\/td>\n<td>M\u00fchlenstra\u00df,e, H\u00f6ltig<\/td>\n<td>Alarm\u00fcbung<\/td>\n<td>brennt Traktor in Scheune, Person vermisst<\/td>\n<td>3 C Rohre, 3 PA-Trupps<\/td>\n<\/tr>\n<tr>\n<td>5<\/td>\n<td>25.05.2014<\/td>\n<td>02:43<\/td>\n<td>Bergstra\u00dfe<\/td>\n<td>Techn. Hilfe<\/td>\n<td>VU, Laterne umgefahren<\/td>\n<td>Schaufel, Besen<\/td>\n<\/tr>\n<tr>\n<td>6<\/td>\n<td>08.07.2014<\/td>\n<td>19:16<\/td>\n<td>Dorfgebiet<\/td>\n<td>Techn. Hilfe<\/td>\n<td>Hochwasser<\/td>\n<td><\/td>\n<\/tr>\n<tr>\n<td>7<\/td>\n<td>10.07.2014<\/td>\n<td>16:39<\/td>\n<td>Sahms<\/td>\n<td>Feuer Mittel<\/td>\n<td>Feldbrand<\/td>\n<td><\/td>\n<\/tr>\n<tr>\n<td>9<\/td>\n<td>12.07.2014<\/td>\n<td>16:28<\/td>\n<td>M\u00fchlenstra\u00dfe<\/td>\n<td>Feuer<\/td>\n<td>brennt K\u00fcche<\/td>\n<td>Decke, 50 Liter Wasser<\/td>\n<\/tr>\n<tr>\n<td>9<\/td>\n<td>28.07.2014<\/td>\n<td>20:00<\/td>\n<td>Bergstra\u00dfe<\/td>\n<td>Techn. Hilfe<\/td>\n<td>Verstopfung der Oberfl\u00e4chenentw\u00e4sserung<\/td>\n<td>Sp\u00fcratte, C-Schlauch<\/td>\n<\/tr>\n<tr>\n<td>10<\/td>\n<td>02.08.2014<\/td>\n<td>11:00<\/td>\n<td>Bergstra\u00dfe<\/td>\n<td>Techn. Hilfe<\/td>\n<td>Raps auf der Stra\u00dfe<\/td>\n<td>Besen, Schaufel<\/td>\n<\/tr>\n<tr>\n<td>11<\/td>\n<td>02.08.2014<\/td>\n<td>11:30<\/td>\n<td>Raiffeisenstra\u00dfe<\/td>\n<td>Techn. Hilfe<\/td>\n<td>Getreide auf der Stra\u00dfe<\/td>\n<td>Besen, Schaufel<\/td>\n<\/tr>\n<tr>\n<td>12<\/td>\n<td>02.08.2014<\/td>\n<td>11:45<\/td>\n<td>R\u00e4tjenweg<\/td>\n<td>Techn. Hilfe<\/td>\n<td>Getreide auf der Stra\u00dfe<\/td>\n<td>Besen, Schaufel<\/td>\n<\/tr>\n<tr>\n<td>13<\/td>\n<td>30.08.2014<\/td>\n<td>00:17<\/td>\n<td>Schulendorf, Birkenallee<\/td>\n<td>Feuer klein<\/td>\n<td>brennt Wohnwagen<\/td>\n<td>1 C-Rohr, Einreizhaken<\/td>\n<\/tr>\n<tr>\n<td>14<\/td>\n<td>02.09.2014<\/td>\n<td>13:59<\/td>\n<td>Bahnstrecke KM 242<\/td>\n<td>Techn. Hilfe<\/td>\n<td>Person unter Zug<\/td>\n<td><\/td>\n<\/tr>\n<tr>\n<td>16<\/td>\n<td>07.10.2013<\/td>\n<td>21:45 Uhr<\/td>\n<td>Sahms &#8211; An der Kirche<\/td>\n<td>Feuer Gross<\/td>\n<td>brennt Scheune<\/td>\n<td>B-Schl\u00e4uche,<br \/>Stromerzeuger<br \/>10 PA-Tr\u00e4ger<\/td>\n<\/tr>\n<tr>\n<td>17<\/td>\n<td>24.09.2014<\/td>\n<td>13:27 Uhr<\/td>\n<td>Louisenhof<\/td>\n<td>Techn. Hilfe<\/td>\n<td>Trecker umgekickt<br \/>Betriebsstoffe ausgelaufen<\/td>\n<td>\u00d6lbindemittel<\/td>\n<\/tr>\n<tr>\n<td>18<\/td>\n<td>16.12.2014<\/td>\n<td>14:15 Uhr<\/td>\n<td>Schwarzenbeker Stra\u00dfe<\/td>\n<td>Techn. Hilfe<\/td>\n<td>T\u00fcr\u00f6ffnung<\/td>\n<td>Haaligantool<\/td>\n<\/tr>\n<\/tbody>\n<\/table>\n","protected":false},"excerpt":{"rendered":"<p>Nr. Datum Uhrzeit Stra\u00dfe Einsatzart Einsatzbeschreibung Einsatzmittel 1 07.02.2014 18:39 Ortsausgang Grabauer Stra\u00dfe Techn. Hilfe Baum auf Stra\u00dfe Motorkettens\u00e4ge 2 24.02.2014 08:44 Louisenhof Bauernhof Groth Feuer brennt Heizungsraum 1 C-Hohlstrahlrohr150 Liter Wasser 3 04.04.2014 18:50 Dorfstra\u00dfe Techn. Hilfe Katze im Baum Motorkettens\u00e4ge 4 22.05.2014 18:26 M\u00fchlenstra\u00df,e, H\u00f6ltig Alarm\u00fcbung brennt Traktor in Scheune, Person vermisst 3 &hellip; <a href=\"https:\/\/feuerwehr-muessen.de\/index.php\/einsaetze-2014\/\" class=\"more-link\"><span class=\"screen-reader-text\">Eins\u00e4tze 2014<\/span> weiterlesen <span class=\"meta-nav\">&rarr;<\/span><\/a><\/p>\n","protected":false},"author":1,"featured_media":0,"parent":0,"menu_order":0,"comment_status":"closed","ping_status":"closed","template":"","meta":{"ngg_post_thumbnail":0,"footnotes":""},"class_list":["post-52","page","type-page","status-publish","hentry"],"_links":{"self":[{"href":"https:\/\/feuerwehr-muessen.de\/index.php\/wp-json\/wp\/v2\/pages\/52","targetHints":{"allow":["GET"]}}],"collection":[{"href":"https:\/\/feuerwehr-muessen.de\/index.php\/wp-json\/wp\/v2\/pages"}],"about":[{"href":"https:\/\/feuerwehr-muessen.de\/index.php\/wp-json\/wp\/v2\/types\/page"}],"author":[{"embeddable":true,"href":"https:\/\/feuerwehr-muessen.de\/index.php\/wp-json\/wp\/v2\/users\/1"}],"replies":[{"embeddable":true,"href":"https:\/\/feuerwehr-muessen.de\/index.php\/wp-json\/wp\/v2\/comments?post=52"}],"version-history":[{"count":1,"href":"https:\/\/feuerwehr-muessen.de\/index.php\/wp-json\/wp\/v2\/pages\/52\/revisions"}],"predecessor-version":[{"id":53,"href":"https:\/\/feuerwehr-muessen.de\/index.php\/wp-json\/wp\/v2\/pages\/52\/revisions\/53"}],"wp:attachment":[{"href":"https:\/\/feuerwehr-muessen.de\/index.php\/wp-json\/wp\/v2\/media?parent=52"}],"curies":[{"name":"wp","href":"https:\/\/api.w.org\/{rel}","templated":true}]}}