{"id":297,"date":"2016-05-10T10:52:49","date_gmt":"2016-05-10T08:52:49","guid":{"rendered":"http:\/\/test.feuerwehr-muessen.de\/?page_id=297"},"modified":"2023-03-22T21:15:25","modified_gmt":"2023-03-22T20:15:25","slug":"wehrfuehrung","status":"publish","type":"page","link":"https:\/\/feuerwehr-muessen.de\/index.php\/wehrfuehrung\/","title":{"rendered":"Wehrf\u00fchrung"},"content":{"rendered":"<p>Die Wehrf\u00fchrung ist eine wichtige Funktion innerhalb einer freiwilligen Feuerwehr. Sie ist verantwortlich f\u00fcr die Einsatzbereitschaft, Einsatzplanung und F\u00fchrung der Feuerwehr im Einsatzfall.&nbsp;Die Wehrf\u00fchrung besteht in der Regel aus dem Wehrf\u00fchrer und seinem Stellvertreter. Sie werden von den Mitgliedern der Feuerwehr (Mitgliederversammlung) gew\u00e4hlt und stehen f\u00fcr eine bestimmte Amtszeit zur Verf\u00fcgung.<\/p>\n<div class=\"symple-column symple-one-half symple-column-first  \">\n<div style=\"text-align: center;\">\n<p><a href=\"http:\/\/feuerwehr-muessen.de\/wp-content\/uploads\/2016\/05\/Ingwer-Paulsen.jpg\"><img loading=\"lazy\" decoding=\"async\" class=\"aligncenter wp-image-306 size-medium\" src=\"http:\/\/feuerwehr-muessen.de\/wp-content\/uploads\/2016\/05\/Ingwer-Paulsen-450x248.jpg\" alt=\"Ingwer-Paulsen\" width=\"450\" height=\"248\" srcset=\"https:\/\/feuerwehr-muessen.de\/wp-content\/uploads\/2016\/05\/Ingwer-Paulsen-450x248.jpg 450w, https:\/\/feuerwehr-muessen.de\/wp-content\/uploads\/2016\/05\/Ingwer-Paulsen.jpg 1000w\" sizes=\"auto, (max-width: 450px) 100vw, 450px\" \/><\/a><\/p>\n<p><strong class=\"dienstgrad\">Wehrf\u00fchrer:<\/strong><br \/>\nIngwer Paulsen<\/p>\n<\/div>\n<\/div>\n<div class=\"symple-column symple-one-half symple-column-last  \">\n<div style=\"text-align: center;\">\n<p><a href=\"http:\/\/feuerwehr-muessen.de\/wp-content\/uploads\/2016\/05\/Jan-Droese.jpg\"><img loading=\"lazy\" decoding=\"async\" class=\"aligncenter wp-image-305 size-medium\" src=\"http:\/\/feuerwehr-muessen.de\/wp-content\/uploads\/2016\/05\/Jan-Droese-450x248.jpg\" alt=\"Jan-Droese\" width=\"450\" height=\"248\" srcset=\"https:\/\/feuerwehr-muessen.de\/wp-content\/uploads\/2016\/05\/Jan-Droese-450x248.jpg 450w, https:\/\/feuerwehr-muessen.de\/wp-content\/uploads\/2016\/05\/Jan-Droese.jpg 1000w\" sizes=\"auto, (max-width: 450px) 100vw, 450px\" \/><\/a><\/p>\n<p><strong class=\"dienstgrad\">stellv. Wehrf\u00fchrer:<\/strong><br \/>\nJan Dr\u00f6se<\/p>\n<\/div>\n<\/div><div class=\"symple-clear-floats\"><\/div>\n<p>Zu den Aufgaben der Wehrf\u00fchrung geh\u00f6ren unter anderem:<\/p>\n<ul>\n<li>F\u00fchrung und Organisation der Feuerwehr<\/li>\n<li>Einsatzplanung und -koordination<\/li>\n<li>Einsatzleitung bei Eins\u00e4tzen<\/li>\n<li>Sicherstellung der Einsatzbereitschaft und Ausstattung der Feuerwehr<\/li>\n<li>Planung und Durchf\u00fchrung von Ausbildungen und \u00dcbungen<\/li>\n<li>Vertretung der Feuerwehr in der \u00d6ffentlichkeit<\/li>\n<li>Zusammenarbeit mit anderen Organisationen, z.B. Polizei und Rettungsdienst<\/li>\n<\/ul>\n<p>Die Wehrf\u00fchrung ist somit eine Schl\u00fcsselfunktion innerhalb der freiwilligen Feuerwehr und tr\u00e4gt dazu bei, dass im Ernstfall schnelle und effektive Hilfe geleistet werden kann.<\/p>\n","protected":false},"excerpt":{"rendered":"<p>Die Wehrf\u00fchrung ist eine wichtige Funktion innerhalb einer freiwilligen Feuerwehr. Sie ist verantwortlich f\u00fcr die Einsatzbereitschaft, Einsatzplanung und F\u00fchrung der Feuerwehr im Einsatzfall.&nbsp;Die Wehrf\u00fchrung besteht in der Regel aus dem Wehrf\u00fchrer und seinem Stellvertreter. Sie werden von den Mitgliedern der Feuerwehr (Mitgliederversammlung) gew\u00e4hlt und stehen f\u00fcr eine bestimmte Amtszeit zur Verf\u00fcgung. Zu den Aufgaben der &hellip; <a href=\"https:\/\/feuerwehr-muessen.de\/index.php\/wehrfuehrung\/\" class=\"more-link\"><span class=\"screen-reader-text\">Wehrf\u00fchrung<\/span> weiterlesen <span class=\"meta-nav\">&rarr;<\/span><\/a><\/p>\n","protected":false},"author":1,"featured_media":0,"parent":0,"menu_order":0,"comment_status":"closed","ping_status":"closed","template":"templet-no-sidebar.php","meta":{"ngg_post_thumbnail":0,"footnotes":""},"class_list":["post-297","page","type-page","status-publish","hentry"],"_links":{"self":[{"href":"https:\/\/feuerwehr-muessen.de\/index.php\/wp-json\/wp\/v2\/pages\/297","targetHints":{"allow":["GET"]}}],"collection":[{"href":"https:\/\/feuerwehr-muessen.de\/index.php\/wp-json\/wp\/v2\/pages"}],"about":[{"href":"https:\/\/feuerwehr-muessen.de\/index.php\/wp-json\/wp\/v2\/types\/page"}],"author":[{"embeddable":true,"href":"https:\/\/feuerwehr-muessen.de\/index.php\/wp-json\/wp\/v2\/users\/1"}],"replies":[{"embeddable":true,"href":"https:\/\/feuerwehr-muessen.de\/index.php\/wp-json\/wp\/v2\/comments?post=297"}],"version-history":[{"count":21,"href":"https:\/\/feuerwehr-muessen.de\/index.php\/wp-json\/wp\/v2\/pages\/297\/revisions"}],"predecessor-version":[{"id":1888,"href":"https:\/\/feuerwehr-muessen.de\/index.php\/wp-json\/wp\/v2\/pages\/297\/revisions\/1888"}],"wp:attachment":[{"href":"https:\/\/feuerwehr-muessen.de\/index.php\/wp-json\/wp\/v2\/media?parent=297"}],"curies":[{"name":"wp","href":"https:\/\/api.w.org\/{rel}","templated":true}]}}