{"id":2130,"date":"2025-12-31T11:53:33","date_gmt":"2025-12-31T10:53:33","guid":{"rendered":"https:\/\/feuerwehr-muessen.de\/?page_id=2130"},"modified":"2026-05-06T20:50:24","modified_gmt":"2026-05-06T18:50:24","slug":"einsaetze-2026","status":"publish","type":"page","link":"https:\/\/feuerwehr-muessen.de\/index.php\/einsaetze-2026\/","title":{"rendered":"Eins\u00e4tze 2026"},"content":{"rendered":"<table class=\"einsaetze\">\n<tbody>\n<tr>\n<th>Datum \/ Zeit<\/th>\n<th>Nummer<\/th>\n<th>Einsatzart<\/th>\n<th>Einsatzort<\/th>\n<\/tr>\n<tr>\n<td>21.01.2026 06:18 Uhr<\/td>\n<td>1\/2026<\/td>\n<td>Brandmeldeanlage<\/td>\n<td>B\u00fcchen, Lauenburger Stra\u00dfe<\/td>\n<\/tr>\n<tr>\n<td>22.01.2026 17:02 Uhr<\/td>\n<td>2\/2026<\/td>\n<td>Technische Hilfe (Sonstige Technische Hilfe)<\/td>\n<td>M\u00fcssen, Schwarzenbeker Stra\u00dfe<\/td>\n<\/tr>\n<tr>\n<td>24.01.2026 08:45 Uhr<\/td>\n<td>3\/2026<\/td>\n<td>Sonstiger Einsatz (Sicherheitswachen)<\/td>\n<td>M\u00fcssen, B\u00fcchner Stra\u00dfe<\/td>\n<\/tr>\n<tr>\n<td>30.01.2026 14:41 Uhr<\/td>\n<td>4\/2026<\/td>\n<td>Brand oder Explosion<\/td>\n<td>B\u00fcchen, Berliner Stra\u00dfe<\/td>\n<\/tr>\n<tr>\n<td>04.02.2026 20:21 Uhr<\/td>\n<td>5\/2026<\/td>\n<td>Brand oder Explosion<\/td>\n<td>Witzeeze, Am Kr\u00e4henholz<\/td>\n<\/tr>\n<tr>\n<td>09.02.2026 11:19 Uhr<\/td>\n<td>6\/2026<\/td>\n<td>Technische Hilfe (T\u00fcr\u00f6ffnung)<\/td>\n<td>Klein Pampau, Birkenredder<\/td>\n<\/tr>\n<tr>\n<td>03.04.2026 19:37 Uhr<\/td>\n<td>7\/2026<\/td>\n<td>Technische Hilfe (Ausleuchten)<\/td>\n<td>M\u00fcssen, Alte Ziegelei<\/td>\n<\/tr>\n<tr>\n<td>04.04.2026 17:00 Uhr<\/td>\n<td>8\/2026<\/td>\n<td>Sonstiger Einsatz (Sicherheitswache)<\/td>\n<td>M\u00fcssen, Freizeitgel\u00e4nde am See<\/td>\n<\/tr>\n<tr>\n<td>30.04.2026 08:20 Uhr<\/td>\n<td>9\/2026<\/td>\n<td>Technische Hilfe (\u00d6lspur)<\/td>\n<td>M\u00fcssen, Bergstra\u00dfe<\/td>\n<\/tr>\n<tr>\n<td>06.05.2026 17:30 Uhr<\/td>\n<td>10\/2026<\/td>\n<td>Technische Hilfe (Tragehilfe)<\/td>\n<td>Louisenhof<\/td>\n<\/tr>\n<\/tbody>\n<\/table>\n","protected":false},"excerpt":{"rendered":"<p>Datum \/ Zeit Nummer Einsatzart Einsatzort 21.01.2026 06:18 Uhr 1\/2026 Brandmeldeanlage B\u00fcchen, Lauenburger Stra\u00dfe 22.01.2026 17:02 Uhr 2\/2026 Technische Hilfe (Sonstige Technische Hilfe) M\u00fcssen, Schwarzenbeker Stra\u00dfe 24.01.2026 08:45 Uhr 3\/2026 Sonstiger Einsatz (Sicherheitswachen) M\u00fcssen, B\u00fcchner Stra\u00dfe 30.01.2026 14:41 Uhr 4\/2026 Brand oder Explosion B\u00fcchen, Berliner Stra\u00dfe 04.02.2026 20:21 Uhr 5\/2026 Brand oder Explosion Witzeeze, Am &hellip; <a href=\"https:\/\/feuerwehr-muessen.de\/index.php\/einsaetze-2026\/\" class=\"more-link\"><span class=\"screen-reader-text\">Eins\u00e4tze 2026<\/span> weiterlesen <span class=\"meta-nav\">&rarr;<\/span><\/a><\/p>\n","protected":false},"author":1,"featured_media":0,"parent":0,"menu_order":0,"comment_status":"closed","ping_status":"closed","template":"","meta":{"ngg_post_thumbnail":0,"footnotes":""},"class_list":["post-2130","page","type-page","status-publish","hentry"],"_links":{"self":[{"href":"https:\/\/feuerwehr-muessen.de\/index.php\/wp-json\/wp\/v2\/pages\/2130","targetHints":{"allow":["GET"]}}],"collection":[{"href":"https:\/\/feuerwehr-muessen.de\/index.php\/wp-json\/wp\/v2\/pages"}],"about":[{"href":"https:\/\/feuerwehr-muessen.de\/index.php\/wp-json\/wp\/v2\/types\/page"}],"author":[{"embeddable":true,"href":"https:\/\/feuerwehr-muessen.de\/index.php\/wp-json\/wp\/v2\/users\/1"}],"replies":[{"embeddable":true,"href":"https:\/\/feuerwehr-muessen.de\/index.php\/wp-json\/wp\/v2\/comments?post=2130"}],"version-history":[{"count":6,"href":"https:\/\/feuerwehr-muessen.de\/index.php\/wp-json\/wp\/v2\/pages\/2130\/revisions"}],"predecessor-version":[{"id":2165,"href":"https:\/\/feuerwehr-muessen.de\/index.php\/wp-json\/wp\/v2\/pages\/2130\/revisions\/2165"}],"wp:attachment":[{"href":"https:\/\/feuerwehr-muessen.de\/index.php\/wp-json\/wp\/v2\/media?parent=2130"}],"curies":[{"name":"wp","href":"https:\/\/api.w.org\/{rel}","templated":true}]}}