{"id":1977,"date":"2023-06-15T18:10:55","date_gmt":"2023-06-15T16:10:55","guid":{"rendered":"https:\/\/feuerwehr-muessen.de\/?page_id=1977"},"modified":"2023-12-17T23:15:21","modified_gmt":"2023-12-17T22:15:21","slug":"andere-vereine","status":"publish","type":"page","link":"https:\/\/feuerwehr-muessen.de\/index.php\/andere-vereine\/","title":{"rendered":"Andere Vereine"},"content":{"rendered":"<p>Auf unserer Internetseite m\u00f6chten wir gerne auch auf verschiedene Vereine verweisen, die ebenfalls Teil unserer Dorfgemeinschaft sind. Wir befinden uns regelm\u00e4\u00dfig im gegenseitigen Austausch &#8211; ohne Gemeinschaft geht es auch hier nicht. Bitte beachten Sie, dass es sich um externe Links handelt und die Feuerwehr M\u00fcssen keinen Einfluss auf die Inhalte der verlinkten Seiten hat und sich diese nicht zu Eigen macht.<\/p>\n<p>Folgende Vereine sind ebenfalls in M\u00fcssen angesiedelt:<\/p>\n<ul>\n<li><a href=\"https:\/\/gemeinde-muessen.online\/freizeit\/foerderverein-alte-schule-muessen-e-v\" target=\"_blank\" rel=\"noopener\">F\u00f6rderverein Alte Schule M\u00fcssen e.V.<\/a><\/li>\n<li>Sch\u00fctzenverein M\u00fcssen von 1954 e.V.<\/li>\n<li><a href=\"https:\/\/www.foerderverein-ffmuessen.de\" target=\"_blank\" rel=\"noopener\">F\u00f6rderverein Freiwillige Feuerwehr M\u00fcssen e.V.<\/a><\/li>\n<li><a href=\"https:\/\/jagdundnaturherzogtumlauenburg.de\" target=\"_blank\" rel=\"noopener\">Jagd und Natur Herzogtum Lauenburg e.V.<\/a><\/li>\n<li><a href=\"https:\/\/www.sv-muessen.de\" target=\"_blank\" rel=\"noopener\">Sportverein M\u00fcssen von 1948 e.V.<\/a><\/li>\n<\/ul>\n<p>Bitte beachten Sie, dass Sie beim Besuch der verlinkten Seiten die jeweiligen Datenschutz- und Nutzungsbedingungen der Vereine beachten sollten. Die freiwillige Feuerwehr M\u00fcssen \u00fcbernimmt keine Verantwortung f\u00fcr den Inhalt dieser externen Seiten.<\/p>\n","protected":false},"excerpt":{"rendered":"<p>Auf unserer Internetseite m\u00f6chten wir gerne auch auf verschiedene Vereine verweisen, die ebenfalls Teil unserer Dorfgemeinschaft sind. Wir befinden uns regelm\u00e4\u00dfig im gegenseitigen Austausch &#8211; ohne Gemeinschaft geht es auch hier nicht. Bitte beachten Sie, dass es sich um externe Links handelt und die Feuerwehr M\u00fcssen keinen Einfluss auf die Inhalte der verlinkten Seiten hat &hellip; <a href=\"https:\/\/feuerwehr-muessen.de\/index.php\/andere-vereine\/\" class=\"more-link\"><span class=\"screen-reader-text\">Andere Vereine<\/span> weiterlesen <span class=\"meta-nav\">&rarr;<\/span><\/a><\/p>\n","protected":false},"author":5,"featured_media":0,"parent":0,"menu_order":0,"comment_status":"closed","ping_status":"closed","template":"templet-no-sidebar.php","meta":{"ngg_post_thumbnail":0,"footnotes":""},"class_list":["post-1977","page","type-page","status-publish","hentry"],"_links":{"self":[{"href":"https:\/\/feuerwehr-muessen.de\/index.php\/wp-json\/wp\/v2\/pages\/1977","targetHints":{"allow":["GET"]}}],"collection":[{"href":"https:\/\/feuerwehr-muessen.de\/index.php\/wp-json\/wp\/v2\/pages"}],"about":[{"href":"https:\/\/feuerwehr-muessen.de\/index.php\/wp-json\/wp\/v2\/types\/page"}],"author":[{"embeddable":true,"href":"https:\/\/feuerwehr-muessen.de\/index.php\/wp-json\/wp\/v2\/users\/5"}],"replies":[{"embeddable":true,"href":"https:\/\/feuerwehr-muessen.de\/index.php\/wp-json\/wp\/v2\/comments?post=1977"}],"version-history":[{"count":8,"href":"https:\/\/feuerwehr-muessen.de\/index.php\/wp-json\/wp\/v2\/pages\/1977\/revisions"}],"predecessor-version":[{"id":2038,"href":"https:\/\/feuerwehr-muessen.de\/index.php\/wp-json\/wp\/v2\/pages\/1977\/revisions\/2038"}],"wp:attachment":[{"href":"https:\/\/feuerwehr-muessen.de\/index.php\/wp-json\/wp\/v2\/media?parent=1977"}],"curies":[{"name":"wp","href":"https:\/\/api.w.org\/{rel}","templated":true}]}}