{"id":1603,"date":"2021-02-09T16:38:51","date_gmt":"2021-02-09T15:38:51","guid":{"rendered":"https:\/\/feuerwehr-muessen.de\/?page_id=1603"},"modified":"2022-04-01T07:26:28","modified_gmt":"2022-04-01T05:26:28","slug":"einsaetze-2021","status":"publish","type":"page","link":"https:\/\/feuerwehr-muessen.de\/index.php\/einsaetze-2021\/","title":{"rendered":"Eins\u00e4tze 2021"},"content":{"rendered":"<p>&nbsp;<\/p>\n<p>&nbsp;<\/p>\n<table class=\"einsaetze\">\n<tbody>\n<tr>\n<th>Nr.<\/th>\n<th>Datum<\/th>\n<th>Uhrzeit<\/th>\n<th>Ort\/Stra\u00dfe<\/th>\n<th>Einsatzart<\/th>\n<th>Einsatzbeschreibung<\/th>\n<th>Einsatzmittel<\/th>\n<\/tr>\n<tr>\n<td>1<\/td>\n<td>11.01.2021<\/td>\n<td>15:49<\/td>\n<td>M\u00fcssen<\/td>\n<td>TH K<\/td>\n<td>\u00d6lspur<\/td>\n<td>STLF, TSF\/GW, MTW<\/td>\n<\/tr>\n<tr>\n<td>2<\/td>\n<td>08.02.2021<\/td>\n<td>10:38<\/td>\n<td>M\u00fcssen<\/td>\n<td>TH K<\/td>\n<td>Baum droht zu fallen<\/td>\n<td>STLF, TSF\/GW, MTW &amp; FF B\u00fcchen<\/td>\n<\/tr>\n<tr>\n<td>3<\/td>\n<td>17.02.2021<\/td>\n<td>10:22<\/td>\n<td>M\u00fcssen<\/td>\n<td>TH K<\/td>\n<td>\u00d6lspur<\/td>\n<td>STLF, TSF\/GW &amp; MTW<\/td>\n<\/tr>\n<tr>\n<td>4<\/td>\n<td>17.02.2021<\/td>\n<td>12:31<\/td>\n<td>M\u00fcssen<\/td>\n<td>TH K<\/td>\n<td>\u00d6lspur<\/td>\n<td>STLF, TSF\/GW &amp; MTW<\/td>\n<\/tr>\n<tr>\n<td>5<\/td>\n<td>19.02.2021<\/td>\n<td>09:00<\/td>\n<td>M\u00fcssen<\/td>\n<td>TH K<\/td>\n<td>\u00d6lspur<\/td>\n<td>STLF, TSF\/GW &amp; MTW<\/td>\n<\/tr>\n<tr>\n<td>6<\/td>\n<td>19.02.2021<\/td>\n<td>13:11<\/td>\n<td>B 209<\/td>\n<td>TH K<\/td>\n<td>Verkehrsunfall<\/td>\n<td>STLF, TSF\/GW, MTW, FF Schwarzenbek &amp; Rettungsdienst<\/td>\n<\/tr>\n<tr>\n<td>7<\/td>\n<td>26.02.2021<\/td>\n<td>15:17<\/td>\n<td>M\u00fcssen, Dorfstra\u00dfe<\/td>\n<td>FEU K<\/td>\n<td>Unbekannte Rauchentwicklung<\/td>\n<td>STLF, TSF\/GW, MTW &amp; FF Schulendorf<\/td>\n<\/tr>\n<tr>\n<td>8<\/td>\n<td>16.03.2021<\/td>\n<td>14:27<\/td>\n<td>M\u00fcssen, Raiffeisenstra\u00dfe<\/td>\n<td>TH K<\/td>\n<td>Baum droht zu fallen<\/td>\n<td>STLF, TSF\/GW &amp; MTW<\/td>\n<\/tr>\n<tr>\n<td>9<\/td>\n<td>31.03.2021<\/td>\n<td>00:04<\/td>\n<td>M\u00fcssen, Am Sande<\/td>\n<td>NOTF 11<\/td>\n<td>Tragehilfe<\/td>\n<td>STLF, TSF\/GW &amp; MTW<\/td>\n<\/tr>\n<tr>\n<td>10<\/td>\n<td>11.06.2021<\/td>\n<td>23:06<\/td>\n<td>M\u00fcssen<\/td>\n<td>TH K<\/td>\n<td>\u00d6lspur<\/td>\n<td>STLF, TSF\/GW &amp; MTW<\/td>\n<\/tr>\n<tr>\n<td>11<\/td>\n<td>14.06.2021<\/td>\n<td>19:31<\/td>\n<td>M\u00fcssen, Dorfstra\u00dfe<\/td>\n<td>TH K<\/td>\n<td>T\u00fcr verschlossen, hilflose Person<\/td>\n<td>STLF, TSF\/GW, MTW &amp; Rettungsdienst<\/td>\n<\/tr>\n<tr>\n<td>12<\/td>\n<td>17.06.2021<\/td>\n<td>16:05<\/td>\n<td>Schulendorf<\/td>\n<td>FEU 00<\/td>\n<td>B\u00f6schungsbrand<\/td>\n<td>STLF, TSF\/GW, MTW, FF Schulendorf &amp; FF Witzeeze<\/td>\n<\/tr>\n<tr>\n<td>13<\/td>\n<td>19.06.2021<\/td>\n<td>20:34<\/td>\n<td>M\u00fcssen, See<\/td>\n<td>TH Wasser Y<\/td>\n<td>Person im Wasser<\/td>\n<td>STLF, TSF\/GW, MTW mit Boot, FF Geesthacht, FF B\u00fcchen, FF Gr\u00fcnhof, Feuerwehr Hamburg, DLRG Gro\u00df Sarau, DLRG Lauenburg, DLRG M\u00f6lln, DLRG Ratzeburg, Rettungsdienst, Tauchergruppen, PSNV Team, Drohnen<\/td>\n<\/tr>\n<tr>\n<td>14<\/td>\n<td>24.06.2021<\/td>\n<td>10:40<\/td>\n<td>B\u00fcchen<\/td>\n<td>FEU 00<\/td>\n<td>Zimmerbrand<\/td>\n<td>STLF, TSF\/GW, MTW &amp; FF B\u00fcchen<\/td>\n<\/tr>\n<tr>\n<td>15<\/td>\n<td>25.06.2021<\/td>\n<td>13:22<\/td>\n<td>M\u00fcssen<\/td>\n<td>TH K 00<\/td>\n<td>Reh im Schacht<\/td>\n<td>STLF, TSF\/GW &amp; MTW<\/td>\n<\/tr>\n<tr>\n<td>16<\/td>\n<td>28.06.2021<\/td>\n<td>14:42<\/td>\n<td>M\u00fcssen<\/td>\n<td>TH K TV 01<\/td>\n<td>Person hinter verschlossener T\u00fcr<\/td>\n<td>STLF, TSF\/GW &amp; MTW<\/td>\n<\/tr>\n<tr>\n<td>17<\/td>\n<td>29.06.2021<\/td>\n<td>12:07<\/td>\n<td>M\u00fcssen<\/td>\n<td>TH K<\/td>\n<td>Unwettersch\u00e4den<\/td>\n<td>STLF, TSF\/GW &amp; MTW<\/td>\n<\/tr>\n<tr>\n<td>18<\/td>\n<td>16.07.2021<\/td>\n<td>14:00<\/td>\n<td>Schulendorf<\/td>\n<td>FEU K 00<\/td>\n<td>Fl\u00e4chenbrand<\/td>\n<td>STLF, TSF\/GW, MTW, FF Schulendorf &amp; FF Wangelau<\/td>\n<\/tr>\n<tr>\n<td>19<\/td>\n<td>26.07.2021<\/td>\n<td>16:46<\/td>\n<td>Klein Pampau<\/td>\n<td>FEU K BA<\/td>\n<td>Rauchmelder piept<\/td>\n<td>STLF, TSF\/GW, MTW &amp; FF Klein Pampau<\/td>\n<\/tr>\n<tr>\n<td>20<\/td>\n<td>14.08.2021<\/td>\n<td>19:31<\/td>\n<td>Schulendorf<\/td>\n<td>FEU 00<\/td>\n<td>Fl\u00e4chenbrand<\/td>\n<td>STLF, TSF\/GW, MTW &amp; FF Schulendorf<\/td>\n<\/tr>\n<tr>\n<td>21<\/td>\n<td>14.09.2021<\/td>\n<td>08:45<\/td>\n<td>Schulendorf<\/td>\n<td>TH K<\/td>\n<td>\u00d6lspur<\/td>\n<td>STLF, TSF\/GW &amp; MTW<\/td>\n<\/tr>\n<tr>\n<td>22<\/td>\n<td>14.09.2021<\/td>\n<td>09:30<\/td>\n<td>M\u00fcssen<\/td>\n<td>TH K<\/td>\n<td>\u00d6lspur<\/td>\n<td>STLF, TSF\/GW &amp; MTW<\/td>\n<\/tr>\n<tr>\n<td>23<\/td>\n<td>28.10.2021<\/td>\n<td>15:56<\/td>\n<td>B\u00fcchen<\/td>\n<td>FEU 00<\/td>\n<td>Geb\u00e4udebrand<\/td>\n<td>STLF, TSF\/GW&amp; MTW, FF B\u00fcchen<\/td>\n<\/tr>\n<tr>\n<td>24<\/td>\n<td>28.10.2021<\/td>\n<td>18:22<\/td>\n<td>M\u00fcssen<\/td>\n<td>\u00dcbung<\/td>\n<td>Einsatz\u00fcbung<\/td>\n<td>STLF, TSF\/GW &amp; MTW, FF Schulendorf, FF B\u00fcchen, FF Schwarzenbek, FF Klein Pampau<\/td>\n<\/tr>\n<tr>\n<td>25<\/td>\n<td>03.11.2021<\/td>\n<td>15:59<\/td>\n<td>M\u00fcssen<\/td>\n<td>TH K<\/td>\n<td>Wasserschaden<\/td>\n<td>STLF, TSF\/GW &amp; MTW<\/td>\n<\/tr>\n<tr>\n<td>26<\/td>\n<td>07.11.2021<\/td>\n<td>00:21<\/td>\n<td>M\u00fcssen<\/td>\n<td>TH&nbsp;<\/td>\n<td>Person in Not<\/td>\n<td>STLF, TSF\/GW &amp; MTW, FF B\u00fcchen<\/td>\n<\/tr>\n<tr>\n<td>&nbsp;<\/td>\n<td>&nbsp;<\/td>\n<td>&nbsp;<\/td>\n<td>&nbsp;<\/td>\n<td>&nbsp;<\/td>\n<td>&nbsp;<\/td>\n<td>&nbsp;<\/td>\n<\/tr>\n<\/tbody>\n<\/table>\n<p>&nbsp;<\/p>\n","protected":false},"excerpt":{"rendered":"<p>&nbsp; &nbsp; Nr. Datum Uhrzeit Ort\/Stra\u00dfe Einsatzart Einsatzbeschreibung Einsatzmittel 1 11.01.2021 15:49 M\u00fcssen TH K \u00d6lspur STLF, TSF\/GW, MTW 2 08.02.2021 10:38 M\u00fcssen TH K Baum droht zu fallen STLF, TSF\/GW, MTW &amp; FF B\u00fcchen 3 17.02.2021 10:22 M\u00fcssen TH K \u00d6lspur STLF, TSF\/GW &amp; MTW 4 17.02.2021 12:31 M\u00fcssen TH K \u00d6lspur STLF, TSF\/GW &hellip; <a href=\"https:\/\/feuerwehr-muessen.de\/index.php\/einsaetze-2021\/\" class=\"more-link\"><span class=\"screen-reader-text\">Eins\u00e4tze 2021<\/span> weiterlesen <span class=\"meta-nav\">&rarr;<\/span><\/a><\/p>\n","protected":false},"author":1,"featured_media":0,"parent":0,"menu_order":0,"comment_status":"closed","ping_status":"closed","template":"","meta":{"ngg_post_thumbnail":0,"footnotes":""},"class_list":["post-1603","page","type-page","status-publish","hentry"],"_links":{"self":[{"href":"https:\/\/feuerwehr-muessen.de\/index.php\/wp-json\/wp\/v2\/pages\/1603","targetHints":{"allow":["GET"]}}],"collection":[{"href":"https:\/\/feuerwehr-muessen.de\/index.php\/wp-json\/wp\/v2\/pages"}],"about":[{"href":"https:\/\/feuerwehr-muessen.de\/index.php\/wp-json\/wp\/v2\/types\/page"}],"author":[{"embeddable":true,"href":"https:\/\/feuerwehr-muessen.de\/index.php\/wp-json\/wp\/v2\/users\/1"}],"replies":[{"embeddable":true,"href":"https:\/\/feuerwehr-muessen.de\/index.php\/wp-json\/wp\/v2\/comments?post=1603"}],"version-history":[{"count":10,"href":"https:\/\/feuerwehr-muessen.de\/index.php\/wp-json\/wp\/v2\/pages\/1603\/revisions"}],"predecessor-version":[{"id":1706,"href":"https:\/\/feuerwehr-muessen.de\/index.php\/wp-json\/wp\/v2\/pages\/1603\/revisions\/1706"}],"wp:attachment":[{"href":"https:\/\/feuerwehr-muessen.de\/index.php\/wp-json\/wp\/v2\/media?parent=1603"}],"curies":[{"name":"wp","href":"https:\/\/api.w.org\/{rel}","templated":true}]}}