{"id":1601,"date":"2021-02-09T16:38:11","date_gmt":"2021-02-09T15:38:11","guid":{"rendered":"https:\/\/feuerwehr-muessen.de\/?page_id=1601"},"modified":"2021-10-05T17:28:57","modified_gmt":"2021-10-05T15:28:57","slug":"berichte-2021","status":"publish","type":"page","link":"https:\/\/feuerwehr-muessen.de\/index.php\/berichte-2021\/","title":{"rendered":"Berichte 2021"},"content":{"rendered":"<h3 class=\"berichte\">14.09.2021   08:45 Uhr<\/h3>\n<p>Um 08:45 Uhr wurden wir zu einer \u00d6lspur alamiert. Wir streuten die betroffenen Stellen mit \u00d6lbindemittel ab und nahmen dieses anschlie\u00dfend wieder auf.<\/p>\n<h3 class=\"berichte\">14.08.2021   19:31 Uhr<\/h3>\n<p>Um 19:31 Uhr wurden wir durch Sirene und Meldeempf\u00e4nger zu einem Fl\u00e4chenbrand in Schulendorf gerufen. Bereits auf der Anfahrt wurde uns von der FF Schulendorf &#8222;Abspann&#8220; gemeldet. Somit r\u00fcckten wir wieder in das Feuerwehrger\u00e4tehaus ein.<\/p>\n<h3 class=\"berichte\">26.07.2021   16:46 Uhr<\/h3>\n<p>Um 16:46 Uhr wurden wir zu einer Wohnung in Klein Pampau gerufen, in der ein Rauchmelder piepte. Wir unterst\u00fctzten die Feuerwehr Klein Pampau bei der T\u00fcr\u00f6ffnung. In der Wohnung konnte kein Feuer festgestellt werden. Die Wohnung wurde anschlie\u00dfend an die Polizei \u00fcbergeben.<\/p>\n<h3 class=\"berichte\">16.07.2021    14:00 Uhr<\/h3>\n<p>Um 14:00 Uhr wurden wir zu einem Fl\u00e4chenbrand auf einem Stoppelfeld, in Schulendorf, gerufen. Landwirte waren bereits mit zwei Scheibeneggen vor Ort um die betroffene Fl\u00e4che einzugrenzen. Ein Eingreifen der M\u00fcssener Kameraden war nicht erforderlich, somit r\u00fcckten diese wieder in das Feuerwehrger\u00e4tehaus ein.<\/p>\n<h3 class=\"berichte\">29.06.2021    12:07 Uhr<\/h3>\n<p>Am 29.06.2021 zog ein Unwetter \u00fcber das M\u00fcssener Ortsgebiet. Dort kam es zu mehreren \u00dcberschwemmungen der Stra\u00dfen. Wir zogen die Sieldeckel auf und sorgten somit f\u00fcr Ablauf. Als alle Stra\u00dfen wieder passierbar waren, r\u00fcckten wir wieder in das Feuerwehrger\u00e4tehaus ein.<\/p>\n<h3 class=\"berichte\">28.06.2021    14:42 Uhr<\/h3>\n<p>Um 14:42 Uhr wurden wir durch die Besatzung eines RTW zur Unterst\u00fctzung gerufen. Sie ben\u00f6tigte Hilfe bei der T\u00fcr\u00f6ffnung. Wir \u00f6ffneten die T\u00fcr und die Besatzung des RTW konnte ihre Arbeit aufnehmen.<\/p>\n<h3 class=\"berichte\">25.06.2021    13:22 Uhr<\/h3>\n<p>Um 13:22 Uhr wurden wir durch Meldeempf\u00e4nger zu einem Reh gerufen, welches in einem Schacht fest steckte. Wir befreiten das Reh und r\u00fcckten wieder in das Feuerwehrger\u00e4tehaus ein.<\/p>\n<h3 class=\"berichte\">24.06.2021 10:40<\/h3>\n<p>10:40 wurden wir nach B\u00fcchen zu einem Zimmerbrand alarmiert<br \/>\nMit allen 3 Fahrzeugen und 13 Kameraden r\u00fcckten wir aus.<br \/>\nWir unterst\u00fctzen als Sicherungstrupp und halfen beim Aufbau der L\u00f6schwasserversorgung.<br \/>\nDie Wohnung  wurde durch die FF B\u00fcchen ge\u00f6ffnet und es stellte sich als &#8222;Essen auf Herd&#8220; heraus. Nach 30 Minuten konnten alle M\u00fcssener Kr\u00e4fte Einr\u00fccken.<\/p>\n<h3 class=\"berichte\">19.06.2021 20:34 Uhr<\/h3>\n<p>Um 20:34 Uhr wurden wir zu einer vermissten Person im M\u00fcssener See gerufen. Am See angekommen lie\u00dfen wir unser Boot sofort zu Wasser, begannen die Suche und alamierten diverse Kr\u00e4fte nach. Die vermisste Person wurde nach einer aufw\u00e4ndigen Suchaktion mit mehreren Rettungsbooten und Drohnen, durch Rettungstaucher, geborgen. Um 01:16 Uhr r\u00fcckten die Kameraden wieder in das Feuerwehrger\u00e4tehaus ein.<\/p>\n<h3 class=\"berichte\">17.06.2021 16:05 Uhr<\/h3>\n<p>Um 16:05 Uhr wurden wir durch Sirene und Meldeempf\u00e4nger zu einem B\u00f6schungsbrand, an einem Feldweg, au\u00dferhalb Schulendorfs gerufen. Noch w\u00e4hrend der Anfahrt meldeten die Schulendorfer Kameraden &#8222;Feuer aus&#8220;.. Somit wurden keine weiteren Kr\u00e4fte ben\u00f6tigt und wir r\u00fcckten wieder ein.<\/p>\n<h3 class=\"berichte\">14.06.2021 19:31 Uhr<\/h3>\n<p>W\u00e4hrend des \u00dcbungsdienstes wurden wir durch Sirene und Meldeempf\u00e4nger zu einer hilflosen Person gerufen. Durch eine offene Terassent\u00fcr gelangten wir in das Geb\u00e4ude und \u00fcbernahmen die Erstversorgung der Person.. Nach eintreffen des Rettungsdienstes unterst\u00fctzten wir diesen beim Abtrangsport. Nach einer halben Stunde konnten die Kameraden den \u00dcbungsdienst fortsetzen.<\/p>\n<h3 class=\"berichte\">11.06.2021 23:06 Uhr<\/h3>\n<p>Um 23:06 Uhr wurden wir durch Meldeempf\u00e4nger zu einer \u00d6lspur im M\u00fcssener Ortsgebiet gerufen. Vor Ort streuten wir die \u00d6lspur mit \u00d6lbindemittel ab und nahmen dies anschlie\u00dfend wieder auf.<\/p>\n<h3 class=\"berichte\">31.03.2021 00:04 Uhr Uhr<\/h3>\n<p>Um 00:04 Uhr wurden wir durch Meldeempf\u00e4nger zu einem Einsatz des Rettungsdienstes gerufen. Vor Ort wurde unsere Schleifkorbtrage ben\u00f6tigt, um den Patienten aus dem Wohngeb\u00e4ude zu bringen.<br \/>\nNach 30 Minuten r\u00fcckten die Kameraden wieder in das Feuerwehrger\u00e4tehaus ein.<\/p>\n<h3 class=\"berichte\">16.03.2021 14:27 Uhr Uhr<\/h3>\n<p>Um 14:27 Uhr wurden wir durch Sirene und Meldeempf\u00e4nger zu einem Baum gerufen, der zu fallen drohte. Am Einsatzort sicherten wir den Baum mit Halteleinen. Sp\u00e4ter wurde der Baum sicher gef\u00e4llt.<\/p>\n<h3 class=\"berichte\">26.02.2021 15:17 Uhr Uhr<\/h3>\n<p>Um 15:17 Uhr wurden wir zu einem Feuer in der Dorfstra\u00dfe alamiert. Vor Ort befand sich ein Lagerfeuer in einem Garten. Es stellte sich heraus, dass dieses Feuer beim Ortnungsamt angemeldet war. Somit r\u00fcckten wir wieder in das Feuerwehrger\u00e4tehaus ein.<\/p>\n<h3 class=\"berichte\">19.02.2021 13:11 Uhr Uhr<\/h3>\n<p>Um 13:11 Uhr wurden wir zu einem leichten Verkehrsunfall auf der B209 h\u00f6he Schulendorf alamiert. An der Einsatzstelle kam es zu einem Zusammensto\u00df zweier PKW&#8217;s. Die Feuerwehr Schwarzenbek war bereits vor Ort. Somit \u00fcbernahmen wir die Sicherung der Einsatzstelle. Nach R\u00fccksprache mit der Feuerwehr Schwarzenbek r\u00fcckten wir wieder ins Ger\u00e4tehaus ein. Die FF Schwarzenbek verblieb bis zum Abtransport der PKW&#8217;s am Einsatzort.<\/p>\n<h3 class=\"berichte\">19.02.2021 9:00 Uhr Uhr<\/h3>\n<p>Durch Sirene und Meldeempf\u00e4nger wurden wir um 9:00 Uhr zu einer \u00d6lspur in die Bergstra\u00dfe gerufen. Wir streuten die Betriebsstoffe mit \u00d6lbindemittel ab und \u00fcbergaben die Einsatzstelle an die Polizei.<\/p>\n<h3 class=\"berichte\">17.02.2021 12:31 Uhr Uhr<\/h3>\n<p>Um 12:31 Uhr wurden wir erneut in die Raiffeisenstra\u00dfe gerufen. Dort befand sich erneut ein \u00d6lfilm auf der Stra\u00dfe der durch den tauenden Schnee erneut drohte in den Stra\u00dfengulli zu flie\u00dfen. Wir streuten diesen mit \u00d6lbindemittel ab.<\/p>\n<h3 class=\"berichte\">17.02.2021 10:22 Uhr Uhr<\/h3>\n<p>Um 10:22 Uhr wurden wir durch Meldeempf\u00e4nger und Sirene zu einer \u00d6lspur in der Raiffeisenstra\u00dfe gerufen. Dort drohte Kraftstoff in einen Stra\u00dfengulli zu laufen. Wir streuten die Spur mit \u00d6lbindemittel ab. Nach einer Halbe Stunde r\u00fcckten die Kameraden wieder in das Feuerwehrger\u00e4tehaus ein.<\/p>\n<h3 class=\"berichte\">08.02.2021 10:38 Uhr Uhr<\/h3>\n<p>Um 10:38 Uhr wurden wir in den M\u00fcssener Ortsteil Louisenhof alamiert. Dort drohte ein Baum auf ein Geb\u00e4ude zu fallen. Wir sperrten den Gefahrenbereich und sicherten mit Hilfe der Feuerwehr B\u00fcchen den Baum. Dieser wurde sp\u00e4ter von einer Spezialfirma gef\u00e4llt. um 13:30 Uhr r\u00fcckten die Kameraden wieder in das Feuerwehrgr\u00e4tehaus ein.<\/p>\n<h3 class=\"berichte\">11.01.2021 15:49 Uhr Uhr<\/h3>\n<p>Um 15:49 Uhr wurden wir durch Sirene und Meldeempf\u00e4nger zu einer \u00d6lspur gerufen. Diese erstreckte sich \u00fcber mehrere Kilometer durch das M\u00fcssener Ortsgebiet. Wir streuten die \u00d6lspur mit \u00d6lbindemittel ab und nahmen dies anschlie\u00dfend wieder auf.<\/p>\n","protected":false},"excerpt":{"rendered":"<p>14.09.2021 08:45 Uhr Um 08:45 Uhr wurden wir zu einer \u00d6lspur alamiert. Wir streuten die betroffenen Stellen mit \u00d6lbindemittel ab und nahmen dieses anschlie\u00dfend wieder auf. 14.08.2021 19:31 Uhr Um 19:31 Uhr wurden wir durch Sirene und Meldeempf\u00e4nger zu einem Fl\u00e4chenbrand in Schulendorf gerufen. Bereits auf der Anfahrt wurde uns von der FF Schulendorf &#8222;Abspann&#8220; &hellip; <a href=\"https:\/\/feuerwehr-muessen.de\/index.php\/berichte-2021\/\" class=\"more-link\"><span class=\"screen-reader-text\">Berichte 2021<\/span> weiterlesen <span class=\"meta-nav\">&rarr;<\/span><\/a><\/p>\n","protected":false},"author":1,"featured_media":0,"parent":0,"menu_order":0,"comment_status":"closed","ping_status":"closed","template":"","meta":{"ngg_post_thumbnail":0,"footnotes":""},"class_list":["post-1601","page","type-page","status-publish","hentry"],"_links":{"self":[{"href":"https:\/\/feuerwehr-muessen.de\/index.php\/wp-json\/wp\/v2\/pages\/1601","targetHints":{"allow":["GET"]}}],"collection":[{"href":"https:\/\/feuerwehr-muessen.de\/index.php\/wp-json\/wp\/v2\/pages"}],"about":[{"href":"https:\/\/feuerwehr-muessen.de\/index.php\/wp-json\/wp\/v2\/types\/page"}],"author":[{"embeddable":true,"href":"https:\/\/feuerwehr-muessen.de\/index.php\/wp-json\/wp\/v2\/users\/1"}],"replies":[{"embeddable":true,"href":"https:\/\/feuerwehr-muessen.de\/index.php\/wp-json\/wp\/v2\/comments?post=1601"}],"version-history":[{"count":20,"href":"https:\/\/feuerwehr-muessen.de\/index.php\/wp-json\/wp\/v2\/pages\/1601\/revisions"}],"predecessor-version":[{"id":1683,"href":"https:\/\/feuerwehr-muessen.de\/index.php\/wp-json\/wp\/v2\/pages\/1601\/revisions\/1683"}],"wp:attachment":[{"href":"https:\/\/feuerwehr-muessen.de\/index.php\/wp-json\/wp\/v2\/media?parent=1601"}],"curies":[{"name":"wp","href":"https:\/\/api.w.org\/{rel}","templated":true}]}}