{"id":14,"date":"2015-06-02T14:08:19","date_gmt":"2015-06-02T12:08:19","guid":{"rendered":"http:\/\/test.feuerwehr-muessen.de\/?page_id=14"},"modified":"2017-02-06T19:21:11","modified_gmt":"2017-02-06T18:21:11","slug":"einsaetze-2015","status":"publish","type":"page","link":"https:\/\/feuerwehr-muessen.de\/index.php\/einsaetze-2015\/","title":{"rendered":"Eins\u00e4tze 2015"},"content":{"rendered":"<br \/>\n<table class=\"einsaetze\">\n<tbody>\n<tr>\n<th>Nr.<\/th>\n<th>Datum<\/th>\n<th>Uhrzeit<\/th>\n<th>Stra\u00dfe<\/th>\n<th>Einsatzart<\/th>\n<th>Einsatzbeschreibung<\/th>\n<th>Einsatzmittel<\/th>\n<\/tr>\n<tr>\n<td>1<\/td>\n<td>01.01.2015<\/td>\n<td>23:52<\/td>\n<td>Bergstra\u00dfe<\/td>\n<td>Techn. Hilfe<\/td>\n<td>Keller unter Wasser<\/td>\n<td>Lenzpumpe<\/td>\n<\/tr>\n<tr>\n<td>2<\/td>\n<td>09.01.2015<\/td>\n<td>12:06<\/td>\n<td>Parkstra\u00dfe Ecke M\u00f6llner Stra\u00dfe<\/td>\n<td>Techn. Hilfe<\/td>\n<td>Baum auf Stra\u00dfe<\/td>\n<td><\/td>\n<\/tr>\n<tr>\n<td>3<\/td>\n<td>09.01.2015<\/td>\n<td>12:23<\/td>\n<td>Schwarzenbekerstra\u00dfe<\/td>\n<td>Techn. Hilfe<\/td>\n<td>Baum auf Stra\u00dfe<\/td>\n<td>Motorkettens\u00e4ge<\/td>\n<\/tr>\n<tr>\n<td>4<\/td>\n<td>09.01.2015<\/td>\n<td>13:48<\/td>\n<td>von Wachholtz Weg<\/td>\n<td>Techn. Hilfe<\/td>\n<td>Baum auf Stra\u00dfe<\/td>\n<td>Motorkettens\u00e4ge<\/td>\n<\/tr>\n<tr>\n<td>5<\/td>\n<td>09.01.2015<\/td>\n<td>13:48<\/td>\n<td>Dorfstra\u00dfe<\/td>\n<td>Techn. Hilfe<\/td>\n<td>Baum droht zu fallen<\/td>\n<td>Motorkettens\u00e4ge,<br \/>Drehleiter Schwarzenbek<\/td>\n<\/tr>\n<tr>\n<td>6<\/td>\n<td>09.01.2015<\/td>\n<td>15:37<\/td>\n<td>Bahnstrecke, Bereich Bahnhof<\/td>\n<td>Techn. Hilfe<\/td>\n<td>Baum auf Gleis<\/td>\n<td>Motorkettens\u00e4ge<\/td>\n<\/tr>\n<tr>\n<td>7<\/td>\n<td>09.01.2015<\/td>\n<td>16:19<\/td>\n<td>Bahnhofsstra\u00dfe<\/td>\n<td>Techn. Hilfe<\/td>\n<td>Laterne droht zu fallen<\/td>\n<td><\/td>\n<\/tr>\n<tr>\n<td>8<\/td>\n<td>10.01.2015<\/td>\n<td>10:39<\/td>\n<td>An der Bahn<\/td>\n<td>Techn. Hilfe<\/td>\n<td>Baum droht zu fallen<\/td>\n<td>Motorkettens\u00e4ge<\/td>\n<\/tr>\n<tr>\n<td>9<\/td>\n<td>10.01.2015<\/td>\n<td>12:44<\/td>\n<td>Bergstra\u00dfe<\/td>\n<td>Techn. Hilfe<\/td>\n<td>Baum droht zu fallen<\/td>\n<td>Motorkettens\u00e4ge<\/td>\n<\/tr>\n<tr>\n<td>10<\/td>\n<td>12.01.2015<\/td>\n<td>16:22<\/td>\n<td>Am Sande, Richtung alte Kieskuhle<\/td>\n<td>Techn. Hilfe<\/td>\n<td>B\u00e4ume drohten zu fallen<\/td>\n<td>Motorkettens\u00e4ge<\/td>\n<\/tr>\n<tr>\n<td>11<\/td>\n<td>16.02.2015<\/td>\n<td>09:39<\/td>\n<td>Klein Pampau, Gr\u00fcner Weg<\/td>\n<td>Amtshilfe<\/td>\n<td>Stra\u00dfensperre f\u00fcr Drehleiter<\/td>\n<td>Winkerkelle<\/td>\n<\/tr>\n<tr>\n<td>12<\/td>\n<td>20.02.2015<\/td>\n<td>13:39<\/td>\n<td>Schulendorf, Am Ehrenmal<\/td>\n<td>Feuer mittel<\/td>\n<td>Rauchentwicklung im Keller<\/td>\n<td>1 C-Rohr<\/td>\n<\/tr>\n<tr>\n<td>13<\/td>\n<td>23.03.2015<\/td>\n<td>20:00<\/td>\n<td>Schmiedestra\u00dfe<\/td>\n<td>PKW-Brand<\/td>\n<td>Einsatz\u00fcbung<\/td>\n<td>Schnellangriffsleitung<\/td>\n<\/tr>\n<tr>\n<td>14<\/td>\n<td>25.03.2015<\/td>\n<td>20:48<\/td>\n<td>R\u00e4thjenweg<\/td>\n<td>Feuer klein<\/td>\n<td>brennen Gartenabf\u00e4lle<\/td>\n<td>Schnellangriffsleitung<\/td>\n<\/tr>\n<tr>\n<td>15<\/td>\n<td>31.03.2015<\/td>\n<td>17:51 Uhr<\/td>\n<td>L 209 &#8211; Bartelsdorf<\/td>\n<td>Techn. Hilfe<\/td>\n<td>Baum droht zu fallen<\/td>\n<td>Fehlalarm<\/td>\n<\/tr>\n<tr>\n<td>16<\/td>\n<td>31.03.2015<\/td>\n<td>18:21 Uhr<\/td>\n<td>R\u00e4thjenweg<\/td>\n<td>Techn. Hilfe<\/td>\n<td>Baum droht zu fallen<\/td>\n<td>Motorkettens\u00e4ge<\/td>\n<\/tr>\n<tr>\n<td>17<\/td>\n<td>22.05.2015<\/td>\n<td>19:36 Uhr<\/td>\n<td>M\u00fcssener Stra\u00dfe, Klein Pampau<\/td>\n<td>Feuer mittel<\/td>\n<td>Rauchentwicklung<\/td>\n<td>1 C-Rohr<\/td>\n<\/tr>\n<\/tbody>\n<\/table>\n","protected":false},"excerpt":{"rendered":"<p>Nr. Datum Uhrzeit Stra\u00dfe Einsatzart Einsatzbeschreibung Einsatzmittel 1 01.01.2015 23:52 Bergstra\u00dfe Techn. Hilfe Keller unter Wasser Lenzpumpe 2 09.01.2015 12:06 Parkstra\u00dfe Ecke M\u00f6llner Stra\u00dfe Techn. Hilfe Baum auf Stra\u00dfe 3 09.01.2015 12:23 Schwarzenbekerstra\u00dfe Techn. Hilfe Baum auf Stra\u00dfe Motorkettens\u00e4ge 4 09.01.2015 13:48 von Wachholtz Weg Techn. Hilfe Baum auf Stra\u00dfe Motorkettens\u00e4ge 5 09.01.2015 13:48 Dorfstra\u00dfe &hellip; <a href=\"https:\/\/feuerwehr-muessen.de\/index.php\/einsaetze-2015\/\" class=\"more-link\"><span class=\"screen-reader-text\">Eins\u00e4tze 2015<\/span> weiterlesen <span class=\"meta-nav\">&rarr;<\/span><\/a><\/p>\n","protected":false},"author":1,"featured_media":0,"parent":0,"menu_order":0,"comment_status":"open","ping_status":"closed","template":"","meta":{"ngg_post_thumbnail":0,"footnotes":""},"class_list":["post-14","page","type-page","status-publish","hentry"],"_links":{"self":[{"href":"https:\/\/feuerwehr-muessen.de\/index.php\/wp-json\/wp\/v2\/pages\/14","targetHints":{"allow":["GET"]}}],"collection":[{"href":"https:\/\/feuerwehr-muessen.de\/index.php\/wp-json\/wp\/v2\/pages"}],"about":[{"href":"https:\/\/feuerwehr-muessen.de\/index.php\/wp-json\/wp\/v2\/types\/page"}],"author":[{"embeddable":true,"href":"https:\/\/feuerwehr-muessen.de\/index.php\/wp-json\/wp\/v2\/users\/1"}],"replies":[{"embeddable":true,"href":"https:\/\/feuerwehr-muessen.de\/index.php\/wp-json\/wp\/v2\/comments?post=14"}],"version-history":[{"count":7,"href":"https:\/\/feuerwehr-muessen.de\/index.php\/wp-json\/wp\/v2\/pages\/14\/revisions"}],"predecessor-version":[{"id":186,"href":"https:\/\/feuerwehr-muessen.de\/index.php\/wp-json\/wp\/v2\/pages\/14\/revisions\/186"}],"wp:attachment":[{"href":"https:\/\/feuerwehr-muessen.de\/index.php\/wp-json\/wp\/v2\/media?parent=14"}],"curies":[{"name":"wp","href":"https:\/\/api.w.org\/{rel}","templated":true}]}}