{"id":1295,"date":"2019-02-21T10:11:31","date_gmt":"2019-02-21T09:11:31","guid":{"rendered":"https:\/\/feuerwehr-muessen.de\/?page_id=1295"},"modified":"2020-01-02T14:58:49","modified_gmt":"2020-01-02T13:58:49","slug":"einsaetze-2019","status":"publish","type":"page","link":"https:\/\/feuerwehr-muessen.de\/index.php\/einsaetze-2019\/","title":{"rendered":"Eins\u00e4tze 2019"},"content":{"rendered":"<p>&nbsp;<\/p>\n<p>&nbsp;<\/p>\n<table class=\"einsaetze\">\n<tbody>\n<tr>\n<th>Nr.<\/th>\n<th>Datum<\/th>\n<th>Uhrzeit<\/th>\n<th>Ort\/Stra\u00dfe<\/th>\n<th>Einsatzart<\/th>\n<th>Einsatzbeschreibung<\/th>\n<th>Einsatzmittel<\/th>\n<\/tr>\n<tr>\n<td>\t1\t<\/td>\n<td>\t04.01.2019\t<\/td>\n<td>\t12:40\t<\/td>\n<td>\tM\u00fcssen\t<\/td>\n<td>\tTH \u00d6L\t<\/td>\n<td>\t\u00d6lspur abgestreut\t<\/td>\n<td>\tSTLF, TSF\/GW und MTW\t<\/td>\n<\/tr>\n<tr>\n<td>\t2\t<\/td>\n<td>\t18.02.2019\t<\/td>\n<td>\t13:49\t<\/td>\n<td>\tB\u00fcchen-P\u00f6trau \/ L205\t<\/td>\n<td>\tTH VU\t<\/td>\n<td>\tVerkehrsunfall, eingekl. Person\t<\/td>\n<td>\tSTLF, TSF\/GW, MTW u. B\u00fcchen\t<\/td>\n<\/tr>\n<tr>\n<td>\t3\t<\/td>\n<td>\t19.02.2019\t<\/td>\n<td>\t17:41\t<\/td>\n<td>\tB\u00fcchen\t<\/td>\n<td>\tTH\t<\/td>\n<td>\tRauchentwicklung\t<\/td>\n<td>\tSTLF, TSF\/GW und MTW\t<\/td>\n<\/tr>\n<tr>\n<td>\t4\t<\/td>\n<td>\t01.03.2019\t<\/td>\n<td>\t14:22\t<\/td>\n<td>\tB\u00fcchen\t<\/td>\n<td>\tTH FEU\t<\/td>\n<td>\tZimmerbrand\t<\/td>\n<td>\tSTLF, TSF\/GW und MTW\t<\/td>\n<\/tr>\n<tr>\n<td>\t5\t<\/td>\n<td>\t16.03.2019\t<\/td>\n<td>\t17:42\t<\/td>\n<td>\tM\u00fcssen\t<\/td>\n<td>\tFehlalarm\t<\/td>\n<td>\tFehlalarm\t<\/td>\n<td>\tNicht erforderlich\t<\/td>\n<\/tr>\n<tr>\n<td>\t6\t<\/td>\n<td>\t03.04.2019\t<\/td>\n<td>\t18:53\t<\/td>\n<td>\tM\u00fcssen\t<\/td>\n<td>\tTH FEU Y\t<\/td>\n<td>\tLandwirtsch.Hof (Alarm\u00fcbung)\t<\/td>\n<td>\tSTLF, TSF\/GW,MTW u. Nachbarwehren\t<\/td>\n<\/tr>\n<tr>\n<td>\t7\t<\/td>\n<td>\t22.04.2019\t<\/td>\n<td>\t12:50\t<\/td>\n<td>\tBartelsdorf\t<\/td>\n<td>\tTH FEU G\t<\/td>\n<td>\tScheunenbrand\t<\/td>\n<td>\tSTLF,TSF\/GW, MTW u. Nachbarwehren\t<\/td>\n<\/tr>\n<tr>\n<td>\t8\t<\/td>\n<td>\t20.05.2019\t<\/td>\n<td>\t16:09\t<\/td>\n<td>\tM\u00fcssen\t<\/td>\n<td>\tTH K\t<\/td>\n<td>\t\u00d6lspur   \t<\/td>\n<td>\tSTLF, TSF\/GW,MTW u. B\u00fcchen\t<\/td>\n<\/tr>\n<tr>\n<td>\t9\t<\/td>\n<td>\t30.05.2019\t<\/td>\n<td>\t17:05\t<\/td>\n<td>\tKlein Pampau\t<\/td>\n<td>\tFEU 00\t<\/td>\n<td>\tHeiz\u00f6l-Tank brennt\t<\/td>\n<td>\tSTLF, TSF\/GW, MTW u. Kl. Pampau\t<\/td>\n<\/tr>\n<tr>\n<td>\t10\t<\/td>\n<td>\t02.06.2019\t<\/td>\n<td>\t14:00\t<\/td>\n<td>\tM\u00fcssen\t<\/td>\n<td>\tTH K\t<\/td>\n<td>\t\u00d6lspur\t<\/td>\n<td>\tSTLF,TSF\/GW u. MTW\t<\/td>\n<\/tr>\n<tr>\n<td>\t11\t<\/td>\n<td>\t12.06.2019\t<\/td>\n<td>\t17:21\t<\/td>\n<td>\tKlein Pampau\t<\/td>\n<td>\tFEU K\t<\/td>\n<td>\tKabelbrand n. Blitzeinschlag\t<\/td>\n<td>\tSTLF, TSF\/GW, MTW u. Kl. Pampau\t<\/td>\n<\/tr>\n<tr>\n<td>\t12\t<\/td>\n<td>\t15.06.2019\t<\/td>\n<td>\t07:38\t<\/td>\n<td>\tM\u00fcssen\t<\/td>\n<td>\tFEU 00\t<\/td>\n<td>\tBlitzeinschlag in Wohnhaus\t<\/td>\n<td>\tSTLF, TSF\/GW, MTW u. Schulend.\t<\/td>\n<\/tr>\n<tr>\n<td>\t13-25\t<\/td>\n<td>\t15.06.2019\t<\/td>\n<td>\t08:55 &#8211; 13:00\t<\/td>\n<td>\tM\u00fcssen\t<\/td>\n<td>\tTH K\t<\/td>\n<td>\tUnwettersch\u00e4den im ges. Ort\t<\/td>\n<td>\tSTLF, TSF\/GW\t<\/td>\n<\/tr>\n<tr>\n<td>\t26\t<\/td>\n<td>\t11.07.2019\t<\/td>\n<td>\t23:30\t<\/td>\n<td>\tM\u00fcssen\t<\/td>\n<td>\tTH FEU K\t<\/td>\n<td>\tUnratbrand\t<\/td>\n<td>\tSTLF, TSF\/GW und MTW\t<\/td>\n<\/tr>\n<tr>\n<td>\t27\t<\/td>\n<td>\t15.07.2019\t<\/td>\n<td>\t09:02\t<\/td>\n<td>\tM\u00fcssen\t<\/td>\n<td>\tTH FEU 00\t<\/td>\n<td>\tK\u00fcchenbrand in B\u00fcchen\t<\/td>\n<td>\tSTLF, TSF\/GW und MTW\t<\/td>\n<\/tr>\n<tr>\n<td>\t28\t<\/td>\n<td>\t18.07.2019\t<\/td>\n<td>\t16:17\t<\/td>\n<td>\tM\u00fcssen &#8211; Grabauer Strasse\t<\/td>\n<td>\tTH FEU 00\t<\/td>\n<td>\tRundballenpresse u. Feld brennt\t<\/td>\n<td>\tSTLF, TSF\/GW, MTW u. Nachbarwehren\t<\/td>\n<\/tr>\n<tr>\n<td>\t29\t<\/td>\n<td>\t18.07.2019\t<\/td>\n<td>\t18:25\t<\/td>\n<td>\tM\u00fcssen &#8211; M\u00fchlenstra\u00dfe \t<\/td>\n<td>\tTierrettung\t<\/td>\n<td>\tSchlange an Veterin\u00e4r \u00fcbergeben\t<\/td>\n<td>\tMTW\t<\/td>\n<\/tr>\n<tr>\n<td>\t30\t<\/td>\n<td>\t24.07.2019\t<\/td>\n<td>\t14:52\t<\/td>\n<td>\tB\u00fcchen\t<\/td>\n<td>\tFEU BMA\t<\/td>\n<td>\tBrandmeldeanlage Fehlalarm\t<\/td>\n<td>\tSTLF, TSF\/GW\t<\/td>\n<\/tr>\n<tr>\n<td>\t31\t<\/td>\n<td>\t26.07.2019\t<\/td>\n<td>\t17:45\t<\/td>\n<td>\tM\u00fcssen\t<\/td>\n<td>\tTH K\t<\/td>\n<td>\tGetreide auf Stra\u00dfe\t<\/td>\n<td>\tTSF\/GW\t<\/td>\n<\/tr>\n<tr>\n<td>\t32-42\t<\/td>\n<td>\t29.07.2019\t<\/td>\n<td>\t14:15\t<\/td>\n<td>\tM\u00fcssen &#8211; gesamter Ort\t<\/td>\n<td>\tTH K\t<\/td>\n<td>\tUnwettersch\u00e4den im ges. Ort\t<\/td>\n<td>\tSTLF, TSF\/GW u. MTW\t<\/td>\n<\/tr>\n<tr>\n<td>\t43-46\t<\/td>\n<td>\t30.07.2019\t<\/td>\n<td>\t07:40\t<\/td>\n<td>\tM\u00fcssen &#8211; gesamter Ort\t<\/td>\n<td>\tTH K\t<\/td>\n<td>\tUnwettersch\u00e4den im ges. Ort\t<\/td>\n<td>\tSTLF, TSF\/GW u. MTW\t<\/td>\n<\/tr>\n<tr>\n<td>\t47\t<\/td>\n<td>\t18.08.2019\t<\/td>\n<td>\t21:01\t<\/td>\n<td>\tM\u00fcssen &#8211; Raiffeisenstrasse\t<\/td>\n<td>\tTH \t<\/td>\n<td>\tUnbekanntes akustisches Sign.\t<\/td>\n<td>\tMTW, Polizei\t<\/td>\n<\/tr>\n<tr>\n<td>\t48\t<\/td>\n<td>\t21.08.2019\t<\/td>\n<td>\t13:11\t<\/td>\n<td>\tM\u00fcssen &#8211; An der Bahn\t<\/td>\n<td>\tTH FEU K 00\t<\/td>\n<td>\tHeckenbrand\t<\/td>\n<td>\tSTLF,TSF\/GW,MTW, FF-Schulend.\t<\/td>\n<\/tr>\n<tr>\n<td>\t49\t<\/td>\n<td>\t27.08.2019\t<\/td>\n<td>\t12:55\t<\/td>\n<td>\tM\u00fcssen &#8211; Alte Ziegelei\t<\/td>\n<td>\tTH K \t<\/td>\n<td>\t\u00d6lfleck\t<\/td>\n<td>\tSTLF,TSF\/GW\t<\/td>\n<\/tr>\n<tr>\n<td>\t50\t<\/td>\n<td>\t03.09.2019\t<\/td>\n<td>\t11:31\t<\/td>\n<td>\tM\u00fcssen &#8211; Dorfstra\u00dfe\t<\/td>\n<td>\tTH K \t<\/td>\n<td>\tGefahr durch Ast\t<\/td>\n<td>\tSTLF,TSF\/GW\t<\/td>\n<\/tr>\n<tr>\n<td>\t51\t<\/td>\n<td>\t03.09.2019\t<\/td>\n<td>\t12:56\t<\/td>\n<td>\tM\u00fcssen \t<\/td>\n<td>\tTH K \t<\/td>\n<td>\t\u00d6lspur\t<\/td>\n<td>\tSTLF,TSF\/GW, MTW\t<\/td>\n<\/tr>\n<tr>\n<td>\t52 &#8211; 53\t<\/td>\n<td>\t18.10.2019\t<\/td>\n<td>\t16:27\t<\/td>\n<td>\tM\u00fcssen &#038; Kl. Pampau \t<\/td>\n<td>\tTH K \t<\/td>\n<td>\tB\u00e4ume auf Stra\u00dfe\t<\/td>\n<td>\tSTLF,TSF\/GW, MTW\t<\/td>\n<\/tr>\n<tr>\n<td>\t54\t<\/td>\n<td>\t25.10.2019\t<\/td>\n<td>\t20:00 Uhr\t<\/td>\n<td>\tM\u00fcssen \t<\/td>\n<td>\t\u00dcbung \t<\/td>\n<td>\tVoralarm Gro\u00df\u00fcbung\t<\/td>\n<td>\tF\u00fchrungskr\u00e4fte\t<\/td>\n<\/tr>\n<tr>\n<td>\t54\t<\/td>\n<td>\t26.10.2019\t<\/td>\n<td>\t08:30 Uhr\t<\/td>\n<td>\tLanglehsten \t<\/td>\n<td>\tWaldbrand \t<\/td>\n<td>\tKatastrophenschutz\u00fcbung\t<\/td>\n<td>\tTSF\/GW\t<\/td>\n<\/tr>\n<tr>\n<td>\t55\t<\/td>\n<td>\t28.10.2019\t<\/td>\n<td>\t13:50\t<\/td>\n<td>\tM\u00fcssen \t<\/td>\n<td>\tTH K \t<\/td>\n<td>\tWasser auf Stra\u00dfe\t<\/td>\n<td>\tTSF\/GW\t<\/td>\n<\/tr>\n<tr>\n<td>\t56\t<\/td>\n<td>\t31.10.2019\t<\/td>\n<td>\t20:47\t<\/td>\n<td>\tKl. Pampau \t<\/td>\n<td>\tFEU 00 \t<\/td>\n<td>\tZimmerbrand\t<\/td>\n<td>\tSTLF,TSF\/GW, MTW u. FF-Kl. Pampau\t<\/td>\n<\/tr>\n<tr>\n<td>\t57\t<\/td>\n<td>\t01.11.2019\t<\/td>\n<td>\t09:03\t<\/td>\n<td>\tM\u00fcssen \t<\/td>\n<td>\t\u00dcbung \t<\/td>\n<td>\tVoralarm Gro\u00df\u00fcbung\t<\/td>\n<td>\tF\u00fchrungskr\u00e4fte\t<\/td>\n<\/tr>\n<tr>\n<td>\t59\t<\/td>\n<td>\t05.11.2019\t<\/td>\n<td>\t14:30\t<\/td>\n<td>\tM\u00fcssen \t<\/td>\n<td>\tTH K \t<\/td>\n<td>\tWasser auf Stra\u00dfe\t<\/td>\n<td>\tSTLF,TSF\/GW u. MTW \t<\/td>\n<\/tr>\n<tr>\n<td>\t60\t<\/td>\n<td>\t31.12.2019\t<\/td>\n<td>\t23:03\t<\/td>\n<td>\tM\u00fcssen &#8211; Dorfstra\u00dfe \t<\/td>\n<td>\tFEU K \t<\/td>\n<td>\tHeckenbrand\t<\/td>\n<td>\tSTLF,TSF\/GW u. MTW \t<\/td>\n<\/tr>\n<tr>\n<td>\t\t<\/td>\n<td>\t\t<\/td>\n<td>\t\t<\/td>\n<td>\t\t<\/td>\n<td>\t\t<\/td>\n<td>\t\t<\/td>\n<td>\t\t<\/td>\n<\/tr>\n<\/tbody>\n<\/table>\n<p>&nbsp;<\/p>\n","protected":false},"excerpt":{"rendered":"<p>&nbsp; &nbsp; Nr. Datum Uhrzeit Ort\/Stra\u00dfe Einsatzart Einsatzbeschreibung Einsatzmittel 1 04.01.2019 12:40 M\u00fcssen TH \u00d6L \u00d6lspur abgestreut STLF, TSF\/GW und MTW 2 18.02.2019 13:49 B\u00fcchen-P\u00f6trau \/ L205 TH VU Verkehrsunfall, eingekl. Person STLF, TSF\/GW, MTW u. B\u00fcchen 3 19.02.2019 17:41 B\u00fcchen TH Rauchentwicklung STLF, TSF\/GW und MTW 4 01.03.2019 14:22 B\u00fcchen TH FEU Zimmerbrand STLF, &hellip; <a href=\"https:\/\/feuerwehr-muessen.de\/index.php\/einsaetze-2019\/\" class=\"more-link\"><span class=\"screen-reader-text\">Eins\u00e4tze 2019<\/span> weiterlesen <span class=\"meta-nav\">&rarr;<\/span><\/a><\/p>\n","protected":false},"author":1,"featured_media":0,"parent":0,"menu_order":0,"comment_status":"closed","ping_status":"closed","template":"","meta":{"ngg_post_thumbnail":0,"footnotes":""},"class_list":["post-1295","page","type-page","status-publish","hentry"],"_links":{"self":[{"href":"https:\/\/feuerwehr-muessen.de\/index.php\/wp-json\/wp\/v2\/pages\/1295","targetHints":{"allow":["GET"]}}],"collection":[{"href":"https:\/\/feuerwehr-muessen.de\/index.php\/wp-json\/wp\/v2\/pages"}],"about":[{"href":"https:\/\/feuerwehr-muessen.de\/index.php\/wp-json\/wp\/v2\/types\/page"}],"author":[{"embeddable":true,"href":"https:\/\/feuerwehr-muessen.de\/index.php\/wp-json\/wp\/v2\/users\/1"}],"replies":[{"embeddable":true,"href":"https:\/\/feuerwehr-muessen.de\/index.php\/wp-json\/wp\/v2\/comments?post=1295"}],"version-history":[{"count":21,"href":"https:\/\/feuerwehr-muessen.de\/index.php\/wp-json\/wp\/v2\/pages\/1295\/revisions"}],"predecessor-version":[{"id":1452,"href":"https:\/\/feuerwehr-muessen.de\/index.php\/wp-json\/wp\/v2\/pages\/1295\/revisions\/1452"}],"wp:attachment":[{"href":"https:\/\/feuerwehr-muessen.de\/index.php\/wp-json\/wp\/v2\/media?parent=1295"}],"curies":[{"name":"wp","href":"https:\/\/api.w.org\/{rel}","templated":true}]}}