{"id":128,"date":"2015-06-03T18:46:32","date_gmt":"2015-06-03T16:46:32","guid":{"rendered":"http:\/\/test.feuerwehr-muessen.de\/?page_id=128"},"modified":"2017-03-15T22:09:04","modified_gmt":"2017-03-15T21:09:04","slug":"berichte-2014","status":"publish","type":"page","link":"https:\/\/feuerwehr-muessen.de\/index.php\/berichte-2014\/","title":{"rendered":"Berichte 2014"},"content":{"rendered":"<p>&nbsp;<\/p>\n<h3 class=\"berichte\">16.12.2014 &#8211; 14:15 Uhr<\/h3>\n<p><span class=\"p_berichte\">Der Rettungsdienst ist zu einer gest\u00fcrzten Person in die Schwarzenbeker Stra\u00dfe gerufen worden. Um einen Zugang zur hilflosen Person zu bekommen, wurde die Freiwillige Feuerwehr alarmiert. Die Kameraden haben einen Zugang f\u00fcr den Rettungsdienst durch aufhebels eines Fensters mit Hilfe des Haaligantools hergestellt.<br \/>\nDie 10 im Einsatz gewesenden Kameraden konnten nach ca. einer halben Stunde wieder einr\u00fccken.<\/span><\/p>\n<h3 class=\"berichte\">24.09.2014 &#8211; 13:27 Uhr<\/h3>\n<p><span class=\"p_berichte\">Ein Traktor mit Anbauger\u00e4t ist umgekippt und auf der Stra\u00dfe sind Betriebsstoffe ausgelaufen. Eine verletzte Person wurde mit RTW ins Krankenhaus gebracht.<br \/>\nMit Hilfe von weiteren Landwirten und deren Traktoren wurde das Fahrzeug aufgerichtet und von der Stra\u00dfe geschleppt. 11 Einsatzkr\u00e4fte waren im Einsatz. Die Einsatzstelle wurde der Polizei \u00fcbergeben. Die Stra\u00dfe war w\u00e4hrend des gesamten Einsatzes gesperrt.<br \/>\n<\/span><\/p>\n<h3 class=\"berichte\">06.09.2014 &#8211; 21:45 Uhr<\/h3>\n<p><span class=\"p_berichte\">Am Samstagabend zog ein Unwetter \u00fcber Norddeutschland. Nach dem Gewitter heulten um 21:45 Uhr die Sirenen in M\u00fcssen. Die Kameraden wurden mit der Meldung &#8222;Feuer Gross, brennt Scheune&#8220; nach Sahms in die Kirchenstra\u00dfe gerufen. Beim Eintreffen waren bereits schon die Feuerwehren aus Sahms, Gro\u00df Pampau, Elmenhorst, Grove und Schwarzenbek, das DRK sowie die TEL (Technische Einsatzleitung) vor Ort, die bereits schon ab 21:08 Uhr alarmiert wurden.<br \/>\nDie M\u00fcssener Kameraden stellten nach dem Eintreffen PA-Tr\u00e4ger und unterst\u00fctzten beim Aufbau der Wasserversorgung vom L\u00f6schteich, da die Wasserversorgung bereits zusammengebrochen war. Es wurden insgesamt 3 B-Leitungen vom L\u00f6schteich zur Einsatzstelle \u00fcber ca. 400m verlegt.<br \/>\nEs brannte ein Wirtschaftsgeb\u00e4ude eines ehem. Bauernhofes. Das Feuer wurde mit einem massiven Wasserangriff aus diversen Strahlrohren sowie der Drehleiter aus Geestacht bek\u00e4mpft.<br \/>\nAnwohner haben schnell reagiert und f\u00fcr die Einsatzkr\u00e4fte Getr\u00e4nke zur Verf\u00fcgung gestellt.<br \/>\nDie Feuerwehr Schwarzenbek ist zwischendurch abger\u00fcckt, da diese einen Einsatz in Schwarzenbek fahren mussten. Die als Ersatz f\u00fcr Schwarzenbek alarmierten Kr\u00e4fte aus Dassendorf und Geestacht sind dann nach Sahms gefahren.<br \/>\nDas DRK Schwarzenbek hat im Ger\u00e4tehaus Sahms warme Essenverpflegung zur Verf\u00fcgung gestellt. Die Feuerwehren Klein Pampau und Kuddew\u00f6rde wurden ebenfalls noch nachalarmiert, um Einsatzkr\u00e4fte auszutauschen.<br \/>\nDas Geb\u00e4ude brannte im Einsatzverlauf komplett nieder. Ein \u00dcbergreifen des Feuers auf angrenzende Nachbargeb\u00e4ude konnte verhindert werden. W\u00e4hrend des Einsatzverlaufes sind 3 Feuerwehrleute verletzt worden.<br \/>\nDie Nachl\u00f6scharbeiten werden sich die Nacht \u00fcber hinziehen.<br \/>\nDie M\u00fcssener Kameraden konnten gegen 1:30 Uhr abr\u00fccken.<br \/>\nIm Einsatz waren ca. 150 Einsatzkr\u00e4fte, davon 17 M\u00fcssener Kameraden.<\/span><\/p>\n<h3 class=\"berichte\">02.09.2014 &#8211; 13:59 Uhr<\/h3>\n<p><span class=\"p_berichte\">\u201ePerson im Bahngleis\u201c<br \/>\nAm Dienstag Nachmittag wurde die FF M\u00fcssen zu einer Hilfeleistung an die Bahnstrecke Hamburg-Berlin h\u00f6he Steinkrug gerufen.<br \/>\nEine Person ist auf der Bahnstrecke zwischen Hambug und Berlin von einem Zug erfasst worden. Der Zug hielt nach einer Notbremsung ca. 100m vom Schadensort entfernt. Die verungl\u00fcckte Person konnte leider nur noch tot aus dem Gleis geborgen werden.<br \/>\nDie 29 Fahrg\u00e4ste wurden durch die Kameraden der FF M\u00fcssen und der FF B\u00fcchen mit Getr\u00e4nken versorgt und sp\u00e4ter aus dem Zug in einen bereitgestellten Linienbus geleitet, der die Fahrg\u00e4ste dann zum n\u00e4chsten Bahnhof fuhr.<br \/>\nGegen 16:00 Uhr wurde die Einsatzstelle wieder an den Notfall-Manager der DB \u00fcbergeben und die Kameraden der FF M\u00fcssen konnten wieder in die Wache einr\u00fccken.<\/span><\/p>\n<h3 class=\"berichte\">30.08.2014 &#8211; 00:17 Uhr<\/h3>\n<p><span class=\"p_berichte\">In der Nacht von Freitag auf Samstag um 00:17 Uhr wurden die Kameraden der FF M\u00fcssen zu einem Feuer nach Schuldorf alarmiert, Einsatzstichwort \u201eFeuer, brennt Wohnwagen\u201c. Beim Eintreffen der 3 Fahrzeuge aus M\u00fcssen brannte ein abgestellter Wohnwagen bereits in voller Ausdehnung.<br \/>\nDie \u00f6rtliche Wehr aus Schulendorf hatten bereits durch die Vornahme mit einem C-Rohr mit den L\u00f6scharbeiten begonnen.<br \/>\nDie M\u00fcssener Kameraden unterst\u00fctzten die Kameraden aus Schulendorf mit einem C-Rohr unter Einsatz von PA, so dass das Feuer in kurzer Zeit unter Kontrolle war und wenig sp\u00e4ter Feuer aus gemeldet werden konnte.<br \/>\nNach ca. 40 min verlie\u00dfen die 17 M\u00fcssener Kameraden die Einsatzstelle und r\u00fcckten wieder in die Wache ein.<\/span><\/p>\n<h3 class=\"berichte\">12.07.2014<\/h3>\n<p><span class=\"p_berichte\">Am Montagabend den 28.08.2014 gegen 20:00 Uhr hat sich ein B\u00fcrger bei den Kameraden der FF M\u00fcssen in der Wache gemeldet (die Kameraden hatten gerade ihren Zusatzdienst) und darauf hingewiesen das die Oberfl\u00e4chenentw\u00e4sserung im Stra\u00dfenbereich der Bergstra\u00dfe nicht richtig abl\u00e4uft, so das die Gefahr besteht, das das Wasser welches er aus seinem Drainageschacht in die Stra\u00dfenentw\u00e4sserung pumpt nicht mehr ablaufen kann und es durch den R\u00fcckstau zu einer \u00dcberschwemmung von seinem Keller kommen k\u00f6nnte.<br \/>\nDie FF r\u00fcckte mit dem LF 8 und dem STLF aus um die Verstopfung im Bereich der Bergstra\u00df zu beseitigen. Mittels einer Kanalratte und Sp\u00fclungen konnte die Verstopfung dann beseitigt werden. Der Einsatz war f\u00fcr die 10 Kameraden um 21:10 beendet und die Kameraden r\u00fcckten wieder in die Wache ein.<\/span><\/p>\n<h3 class=\"berichte\">12.07.2014 &#8211; 16:28 Uhr<\/h3>\n<p><span class=\"p_berichte\">Und wieder heulten die Sirenen. Am Samstag Nachmittag wurden die Kameraden aus Schulendorf, B\u00fcchen und M\u00fcssen in die M\u00fchlenstra\u00dfe zu einem Zweifamilienhaus gerufen. Die Einsatzmeldung lautete &#8222;brennt K\u00fcche&#8220;. Als die ersten Einsatzkr\u00e4fte nach kurzer Zeit am Einsatzort ankamen, waren die Rauchmelder zu h\u00f6ren. Unter Atemschutz ist der erste Trupp vorgegangen, und hat mit Hilfe einer Decke einen in Brand geratenen Topf vom Herd geholt. Die K\u00fcche wurde auf weitere Brandnester gepr\u00fcft und die Wohnung gel\u00fcftet.<br \/>\nEinsatzende war f\u00fcr die 20 M\u00fcssener Kameraden war nach einer 3\/4 Stunde.<\/span><\/p>\n<h3 class=\"berichte\">10.07.2014 &#8211; 16:39 Uhr<\/h3>\n<p><span class=\"p_berichte\">Am Donnerstag heulten um 16:39 Uhr die Sirenen. Es wurden die Feuerwehren Sahms, Grabau, Gro\u00df Pampau, Elmenhorst und M\u00fcssen zu einem Feldbrand nach Sahms Ortsausgang nach Gro\u00df Pampau gerufen. Dort hatte ein Feld ca. 150m\u00b2 gebrannt. Als die M\u00fcssener Kameraden eintrafen, war das Feuer bereits gel\u00f6scht.<br \/>\nIm Einsatz waren an dem Nachmittag 15 M\u00fcssener Kameraden.<\/span><\/p>\n<h3 class=\"berichte\">08.07.2014 &#8211; 19:16 Uhr<\/h3>\n<p><span class=\"p_berichte\">Die Feuerwehr wurde am Abend w\u00e4hrend einer starken Regenschauer zu einer technischen Hilfeleistung alarmiert. Nach den starken Regenf\u00e4llen der letzten Minuten kam die Kanalisation mit den anfallenden Wassermassen nicht mehr hinterher. Dies hatte zufolge, dass die Stra\u00dfen in M\u00fcssen an mehreren Stellen unter Wasser standen. In der Dorfstra\u00dfe und in der Bergstra\u00dfe sorgte die Besatzung des STLF wieder f\u00fcr freie Stra\u00dfe. Das LF war in dem neue Baugebiet im Bereich der Schmiedestra\u00dfe im Einsatz. Hier wurden die Neubauten auf eventuelle Wassereinbr\u00fcche \u00fcberpr\u00fcft. Der Einsatz war f\u00fcr die 22 im Einsatz befindlichen Kameraden nach 30 Minuten beendet.<\/span><\/p>\n<h3 class=\"berichte\">25.05.2014 &#8211; 02:43 Uhr<\/h3>\n<p><span class=\"p_berichte\">In der Nacht von Samstag den 24.05.2014 um 02:43 Uhr auf Sonntag den 25.05.2014 gab es einen Melderalarm VU \u201eHilfeleistung\/ Amtshilfe\u201c, \u201e Laterne umgefahren\u201c. Das Stlf 10\/6 ist nach einigen Minuten mit 1\/5 Kameraden ausger\u00fcckt. Nach dem Eintreffen an der Unfallstelle wurde nach Absprache mit der Polizei angefangen die auslaufenden Betriebsstoffe von dem verunfallten PKW aufzunehmen und es wurde die Reinigung der Stra\u00dfe und das Einsammeln von Fahrzeugteilen durchgef\u00fchrt. Des Weiteren wurde eine umgeknickte Stra\u00dfenlaterne, nachdem sie von einem Energieversorger stromlos gemacht wurde, beseitigt.<br \/>\nEinsatzende und Einr\u00fccken war um 04:07 Uhr <\/span><\/p>\n<h3 class=\"berichte\">22.04.2014 &#8211; 18:26 Uhr<\/h3>\n<p><span class=\"p_berichte\">Alarm\u00fcbung bei H\u00f6ltig<\/span><\/p>\n<h3 class=\"berichte\">04.04.2014 -ca 18:50 Uhr<\/h3>\n<p><span class=\"p_berichte\">Am Freitagabend wurde f\u00fcr die Kameraden der FF M\u00fcssen die kleine Melderschleife mit dem Eisatzstichwort \u201eTier in Not\u201c ausgel\u00f6st. Die Kameraden der FF M\u00fcssen wurden zu einer Tierrettung gerufen. Ein Anwohner aus M\u00fcssen hat beobachtet wie eine Katze am fr\u00fchen Morgen nach einem Fluchtversuch vor einem Hund Schutz in einem Baum gesucht hat. Da die Katze schon seit mehr als 10 Stunden im Baum sa\u00df, wurde die FF M\u00fcssen gerufen um das ver\u00e4ngstigte Tier vom Baum zu holen.<br \/>\nNach ca. 45min. gelang es den Kameraden die Katze mit ihren technischen Mitteln sicher aus ihrer misslichen Lage zu befreien.<\/span><\/p>\n<h3 class=\"berichte\">24.02.2014 &#8211; 08:44 Uhr<\/h3>\n<p><span class=\"p_berichte\">Schreck am Montagmorgen beim Bauern in Louisenhof. Im Heizungsraum des Wohngeb\u00e4udes ist ein Feuer ausgebrochen.<br \/>\nDie Freiwilligen Feuerwehren M\u00fcssen, Schulendorf, Klein Pampau und B\u00fcchen wurden zeitgleich um 8.44 Uhr \u00fcber Sirene alarmiert. Die Schulendorfer Kameraden traffen kurz nach den M\u00fcssener Kameraden an der Einsatzstelle ein und gingen sofort mit PA und der bereits aufgebauten Angriffsleitung zum l\u00f6schen vor. Die mitalarmierten Kr\u00e4fte der Polizei und des Rettungsdienstes waren bereits vor Ort. Eine Wasserversorgung wurde durch das LF8 vorsorglich vom L\u00f6schteich zur Einsatzstelle aufgebaut. Das Feuer im Heizungsraum war schnell gel\u00f6scht.<br \/>\nEinsatzende f\u00fcr die Kameraden war gegen 10 Uhr.<br \/>\nWie einigen Kameraden noch gut im Ged\u00e4chtnis, hat es vor 6 Jahren schon mal auf dem Bauernhof ein Gro\u00dffeuer gegeben, wo damals ein Wirtschaftsgeb\u00e4ude komplett Niedergebrannt ist.<\/span><\/p>\n<h3 class=\"berichte\">07.02.2014 &#8211; 18:39 Uhr<\/h3>\n<p><span class=\"p_berichte\">Am Freitag wurde es gegen Abend immer windiger. Um 18:39 Uhr heulten dann die Sirenen in M\u00fcssen. Die Kameraden der Freiwilligen Feuerwehr M\u00fcssen wurden zu einem &#8222;Baum auf Stra\u00dfe&#8220; in die Grabauer Stra\u00dfe gerufen. Ein Baum ist kurz vor einem vorbeifahrenden Fahrzeug quer \u00fcber die Stra\u00dfe gefallen, so da\u00df das Fahrzeug besch\u00e4digt wurde. Die 15 Einsatzkr\u00e4fte beseitigten den Baum von der Stra\u00dfe, so dass dieser Einsatz nach einer 3\/4 Stunde beendet war.<\/span><\/p>\n","protected":false},"excerpt":{"rendered":"<p>&nbsp; 16.12.2014 &#8211; 14:15 Uhr Der Rettungsdienst ist zu einer gest\u00fcrzten Person in die Schwarzenbeker Stra\u00dfe gerufen worden. Um einen Zugang zur hilflosen Person zu bekommen, wurde die Freiwillige Feuerwehr alarmiert. Die Kameraden haben einen Zugang f\u00fcr den Rettungsdienst durch aufhebels eines Fensters mit Hilfe des Haaligantools hergestellt. Die 10 im Einsatz gewesenden Kameraden konnten &hellip; <a href=\"https:\/\/feuerwehr-muessen.de\/index.php\/berichte-2014\/\" class=\"more-link\"><span class=\"screen-reader-text\">Berichte 2014<\/span> weiterlesen <span class=\"meta-nav\">&rarr;<\/span><\/a><\/p>\n","protected":false},"author":1,"featured_media":0,"parent":0,"menu_order":0,"comment_status":"closed","ping_status":"closed","template":"","meta":{"ngg_post_thumbnail":0,"footnotes":""},"class_list":["post-128","page","type-page","status-publish","hentry"],"_links":{"self":[{"href":"https:\/\/feuerwehr-muessen.de\/index.php\/wp-json\/wp\/v2\/pages\/128","targetHints":{"allow":["GET"]}}],"collection":[{"href":"https:\/\/feuerwehr-muessen.de\/index.php\/wp-json\/wp\/v2\/pages"}],"about":[{"href":"https:\/\/feuerwehr-muessen.de\/index.php\/wp-json\/wp\/v2\/types\/page"}],"author":[{"embeddable":true,"href":"https:\/\/feuerwehr-muessen.de\/index.php\/wp-json\/wp\/v2\/users\/1"}],"replies":[{"embeddable":true,"href":"https:\/\/feuerwehr-muessen.de\/index.php\/wp-json\/wp\/v2\/comments?post=128"}],"version-history":[{"count":3,"href":"https:\/\/feuerwehr-muessen.de\/index.php\/wp-json\/wp\/v2\/pages\/128\/revisions"}],"predecessor-version":[{"id":713,"href":"https:\/\/feuerwehr-muessen.de\/index.php\/wp-json\/wp\/v2\/pages\/128\/revisions\/713"}],"wp:attachment":[{"href":"https:\/\/feuerwehr-muessen.de\/index.php\/wp-json\/wp\/v2\/media?parent=128"}],"curies":[{"name":"wp","href":"https:\/\/api.w.org\/{rel}","templated":true}]}}