{"id":122,"date":"2015-06-03T18:44:45","date_gmt":"2015-06-03T16:44:45","guid":{"rendered":"http:\/\/test.feuerwehr-muessen.de\/?page_id=122"},"modified":"2015-06-03T18:44:45","modified_gmt":"2015-06-03T16:44:45","slug":"berichte-2011","status":"publish","type":"page","link":"https:\/\/feuerwehr-muessen.de\/index.php\/berichte-2011\/","title":{"rendered":"Berichte 2011"},"content":{"rendered":"<br \/>\n<h3 class=\"berichte\">16.11.2011<\/h3>\n<p>  <span class=\"p_berichte\">Zu einer T\u00fcr\u00f6ffnung wurden die Kameraden der Freiwilligen Feuerwehr am Mittwoch abend um 20:17 Uhr in den Tannenweg gerufen. Die Alarmierung erfolgte aufgrund eines Personennotrufmelders. Die T\u00fcr wurde mit Hilfe eines Ersatzschl\u00fcssel vom Nachbarn ge\u00f6ffnet. Die Person wurde allerdings unbeschadet angetroffen, so dass die Feuerwehr und der mitalarmierte Rettungsdienst nach kurzer Zeit wieder einr\u00fccken konnte.<\/span><\/p>\n<h3 class=\"berichte\">21.10.2011<\/h3>\n<p>  <span class=\"p_berichte\">Am Freitag abend um 19.14 Uhr heulten die Sirenen in M\u00fcssen, Schulendorf und Witzeeze. Die Einsatzmeldung war ein Scheunenbrand in der Franzhagener Stra\u00dfe in Witzeeze. Beim Eintreffen am Einsatzort stellte sich schnell heraus, das es sich um eine Alarm\u00fcbung handelte. Die 3 Alarmierten Feuerwehren trafen relativ zeitgleich am Einsatzort ein. Die FF M\u00fcssen stellte 2 PA Trupps und baute die Wasserversorgung mit der FF Witzeeze vom L\u00f6schteich zur Einsatzstelle auf.<br \/>Am Anschluss an die Alarm\u00fcbung gab es im Ger\u00e4tehaus der Feuerwehr Schulendorf noch die Einsatznachbesprechung durch den Wehrf\u00fchrer sowie den Amtswehrf\u00fchrer. Anschlie\u00df gab es noch ein Getr\u00e4nk sowie warme W\u00fcrstchen.<\/span><\/p>\n<h3 class=\"berichte\">13.08.2011<\/h3>\n<p>  <span class=\"p_berichte\">Am fr\u00fchen Samstag morgen um 5:08 Uhr heulten in Schulendorf und M\u00fcssen die Sirenen. Die M\u00fcssener Kameraden, die am Freitag alles f\u00fcr die am Samstag anstehende 90 Jahr Feier aufgebaut hatten, mussten erst durch das vor dem Ger\u00e4tehaus aufgebaute Festzelt, um in die Fahrzeughalle zu gelangen. Die Einsatzfahrzeuge, die \u00fcber Nacht in einer Scheune abgestellt waren, trafen nach kurzer Zeit auch am Ger\u00e4tehaus an.<br \/>Die beiden Feuerwehren sowie ein RTW (Rettungswagen), ein NEF (Noteinsatzfahrzeug) und die Polizei wurden nach Bartelsdorf zu einem Verkehrsunfall mit eingeklemmter Person gerufen. Nach kurzer Erkundung wurde schnell klar, das sich die Person selbst aus dem Fahrzeugwrack befreit hatte. Nach Feststellung dieser Lage wurde der Verletzte im RTW versorgt und die Feuerwehr M\u00fcssen r\u00fcckten wieder ein. Die Feuerwehr Schulendorf nahm die auslaufenden Betriebsstoffe auf und begann mit den Aufr\u00e4umarbeiten.<br \/>Durch das Unfallfahrzeug ist erheblicher Sachschaden am Vorgarten des Hauses in der Schwarzenbeker Stra\u00dfe, sowie am Haltestellenbereich in Bartelsdorf entstanden.<!--<a href=\"..\/bilder\/vu_bartelsdorf\/index.html\" target=\"_blank\">Bilder zum Einsatz<\/a>--><\/span><\/p>\n<h3 class=\"berichte\">31.07.2011<\/h3>\n<p>  <span class=\"p_berichte\">Am Sonntag hat ein Landwirt den Wehrf\u00fchrer per Telefon um Hilfe gebeten, da dieser vermutet hat, das sich das Heu selbst erw\u00e4rmt und Feuer fangen k&amp;oouml;nnte. Der Wehrf\u00fchrer hat dann mit Hilfe einer Heusonde die Temperaturen in einem Heustapel  \u00fcberpr\u00fcft. Es wurden dabei Temperaturen zwischen 20 bis 26 Grad gemessen &#8211; eine Gefahr der Selbstentz\u00fcndung bestand nicht.<\/span><\/p>\n<h3 class=\"berichte\">20.07.2011<\/h3>\n<p>  <span class=\"p_berichte\">Am Mittwochabend wurde der stellv. Wehrf\u00fchrer zu einer Einsatzstelle auf dem Gel\u00e4nde der Raiffeisen durch einen Vertreter der Raiffeisen gerufen. Bei Reparaturarbeiten durch eine Fremdfirma waren ca. 30ltr. Hydraulik\u00f6l ausgelaufen. Ma\u00dfnahemne  zur Aufnahme des \u00d6ls waren bereits durch die Raiffeisenmitarbeiter getroffen worden. Auf anraten des stellv. Wehrf\u00fchrers wurde das Siel zur B\u00e4k abgedichtet und eine Firma zur Reinigung des Siels sowie Ablaufkanals gerufen. Weitere Einsatzkr\u00e4fte der Freiwilligen Feuerwehr M\u00fcssen wurden nicht t\u00e4tig.<\/span><\/p>\n<h3 class=\"berichte\">12.05.2011<\/h3>\n<p>  <span class=\"p_berichte\">Am Donnerstag Mittag wurde wieder eine unklare Rauchentwicklung in der Schwarzenbeker Stra\u00dfe bzw. R\u00e4tjenweg gesichtet. Die ausger\u00fcckten Kameraden konnten allerdings keine Rauchentwicklung entdecken und sind nach kurzer Zeit wieder einger\u00fcckt.<\/span><\/p>\n<h3 class=\"berichte\">27.04.2011<\/h3>\n<p>  <span class=\"p_berichte\">Nur 2 Tage nach dem letzten Einsatz gingen wieder die Sirenen in M\u00fcssen. Es wurde ein unklare Rauchentwicklung am Bauhof in klein Pampau gemeldet, so das die Feuerwehren Klein Pampau und M\u00fcssen gerufen worden sind. Die Einsatzfahrt wurde allerdings abgebrochen, da sich das um ein angemeldetes Buschfeuer handelte. Somit konnte die 17 Kameraden wieder nach Hause fahren.<\/span><\/p>\n<h3 class=\"berichte\">25.04.2011<\/h3>\n<p>  <span class=\"p_berichte\">Am fr\u00fchen Ostermontag Morgen gingen die Sirenen im Amt B\u00fcchen. Die Feuerwehren B\u00fcchen, B\u00fcchen-Dorf, Witzeeze sowie M\u00fcssen wurden zu einem Feuer eines Einfamilienhauses im &#8222;Gr\u00fcnen Weg&#8220; in B\u00fcchen gerufen. Das Feuer ist im Carport ausgebrochen und ist dann im des Dachstuhls des anliegenden Geb\u00e4udes \u00fcbergesprungen. Beim Eintreffen der M\u00fcssener Wehr hat der Dachstuhl bereits linksseits gebrannt und hat sich dann im Obergeschoss des Geb\u00e4udes ausgebreitet. Den im Geb\u00e4ude arbeitenen Atemschutztrupp der B\u00fcchener Wehr wurde durch 2 Kameraden der M\u00fcssener Wehr abgel\u00f6st, die ebenfalls zum Innenangriff vorgingen. Im Geb\u00e4ude waren deutlich die Rauchmelder zu h\u00f6ren, die der sich der zum Brandausbruch befundenen Person im Geb\u00e4ude das Leben gerettet hat. Inzwischen ist die TEL (Technische Einsatzleitung des Kreises), ein RTW (Rettungswagen) sowie die Freiwilligen Feuerwehr Schwarzenbek mit ihren DLK (Drehleiterkorb) und weiteren Fahrzeugen eingetroffen. Das Feuer wurde mit diversen C-Strahlrohren sowie mit einem Trupp \u00fcber DLK bek\u00e4mft. Die Wasserversorgung wurde von den anliegenden Hydranten sowie von der Steinau aufgebaut. Nachdem das Feuer unter Kontrolle war, sind mehrere Trupps mit Steckleitern ins Obergeschoss vorgedrungen, um die Brandnester abzul\u00f6schen. Der Ger\u00e4tewagen des Kreises ist sp\u00e4ter ebenfalls an der Einsatzstelle erschienen, damit die im Einsatz gewesenen Fahrzeuge wieder mit neuer PA-Ausr\u00fcstung und Schl\u00e4uchen Einsatzbereit gemacht worden konnten. Das Geb\u00e4ude ist durch das L\u00f6schwasser stark in Mitleidenschaft gezogen worden.Insgesamt hat die Freiwillige Feuerwehr M\u00fcssen 6  Kameraden mit PA (Pressluftatmern) gestellt. Einsatzende f\u00fcr die 24 im Einsatz gewesenen Kameraden der Freiwilligen Feuerwehr M\u00fcssener war um 5.30 Uhr. Die Nachl\u00f6scharbeiten der B\u00fcchener Wehr zogen sich bis ca. 7 Uhr noch hin. Die ebenfalls alarmierte Polizei hat die Ermittlungen des Brandes \u00fcbernommen. <!--<a href=\"..\/bilder\/gruenerweg_buechen\/index.html\" target=\"_blank\">Bilder zum Einsatz<\/a>--><\/span><\/p>\n<h3 class=\"berichte\">22.04.2011<\/h3>\n<p>  <span class=\"p_berichte\">Am fr\u00fchen Abend des Karfeitages sind 3 Kameraden der Freiwilligen Feuerwehr M\u00fcssen zu einer Fl\u00e4chenbrand ohne Alarmierung ausger\u00fcckt. Auf der dem Gemeindegel\u00e4nde am R\u00e4tjenweg konnte das Feuer mit einem C-Rohr und ca. 400 Liter Wasser4 innerhalb einer halben Stunde gel\u00f6scht werden.<\/span><\/p>\n<h3 class=\"berichte\">22.04.2011<\/h3>\n<p>  <span class=\"p_berichte\">Im Morgen des Karfreitages wurden die Kameraden der Freiwilligen Feuerwehren M\u00fcssen und Schulendorf um 1.37 Uhr zu einem Feuer im Alexander von Wachholtsweg gerufen. Es brannte der &#8222;Imbiss am See&#8220; im Vollbrand. Mit 3 Hohlstrahlrohren wurden die Flammen bek\u00e4mft. Es konnte ein \u00fcbergreifen der Flammen auf die anliegenden Sozialr\u00e4me verhindert werden, allerdings sind die Scheiben der Umkleide geborsten. Der Imbiss mit seinen Anbauten ist v\u00f6llig ausgebrannt. Eine Gasflasche, die sich noch im Imbiss befunden hat, konnte rechzeitig geborgen werden. Die Wasserversorgung wurde von Hydranten im Alexander von Wachholtsweg sowie vom See her aufgebaut.<br \/> Nachdem die Einsatzstelle der Polizei \u00fcbergeben wurde, konnten die Kameraden der Feuerwehren wieder einr\u00fccken.<\/span><\/p>\n<h3 class=\"berichte\">19.04.2011<\/h3>\n<p>  <span class=\"p_berichte\">Die Feuerwehr M\u00fcssen wurde zusammen mit den Feuerwehren Klein Pampau, B\u00fcchen und Siebeneichen zu einem B\u00f6schungsbrand zwischen B\u00fcchen und Klein Pampau gerufen.<\/span><\/p>\n<h3 class=\"berichte\">30.03.2011<\/h3>\n<p>  <span class=\"p_berichte\">Am Mittwoch liefen gegen halb 8 Uhr morgens die Sirenen im Ort. Die Freiwillige Feuerwehr M\u00fcssen musste zu Feuer am Bahnhof fahren. Dort brannte am Gleis 1 ein M\u00fclleimer, welcher nach kurzer Zeit mit der K\u00fcbelspritze abgel\u00f6scht war.<\/span><\/p>\n<h3 class=\"berichte\">24.02.2011<\/h3>\n<p>  <span class=\"p_berichte\">Am Donnerstag Nachmittag wurde von einem Kameraden wurde in der Dorfstra\u00dfe und M\u00fchlenstra\u00dfe Abschnitte mit einer \u00d6lverunreinigung gesichtet. Um nicht die ganze Wehr alarmieren zu m\u00fcssen, wurden telefonisch 4 Kameraden informiert, um die betroffene Stellen mit \u00d6lbindemittel abzustreuen.<\/span><\/p>\n<h3 class=\"berichte\">30.01.2011<\/h3>\n<p>  <span class=\"p_berichte\">Am Sonntagnachmittag um 15.12 Uhr wurden die Kameraden zu einer T\u00fcr\u00f6ffnung gerufen. Eine Person, die im Kellerfenster eingeklemmt war, wurde bewustlos von einer Verwandten aufgefunden. Der mit alarmierte Rettungsdienst konnte nur noch den Tod der eingeklemmten Person feststellen. Die Einsatzstelle wurde danach an die Polizei \u00fcbergeben.<\/span><\/p>\n<h3 class=\"berichte\">22.01.2011<\/h3>\n<p>  <span class=\"p_berichte\">Am Samstagnachmittag heulten in M\u00fcssen gegen 16:30 Uhr die Sirenen. Der Wehrf\u00fchrer selbst hatte diese Alarmierung ausl\u00f6sen lassen. Dieser wurde vorher Telefonisch informiert, das die Freiwillige Feuerwehr M\u00fcssen ebenfalls zur Unterst\u00fctzung bei der Schadensverringerung bei der Flutkatastrophe der Elbe nach Lauenburg in die Altstadt ausr\u00fccken solle. Die heran geeilten Kameraden wurden in 2 Gruppen aufgeteilt. Die erste Gruppe ist dann um 17.30 Uhr nach Lauenburg gefahren. Diese wurde sp\u00e4ter durch die 2te Gruppe um 1 Uhr Nachts abgel\u00f6st. Die M\u00fcssener Kameraden wurden im Bereich des &#8222;Rufers&#8220; eingesetzt, um weitere Sandsackbarrieren zu errichten bzw. zu verst\u00e4rken, oder die Pumpen in den direkt an der Elbe anliegenden H\u00e4usern regelm\u00e4\u00dfig zu kontrollieren.<br \/>In der Altstadt hatte das THW bereits mehrere gro\u00dfe Pumpen im Einsatz, um das Wasser aus der Kanalisation zur\u00fcck in die Elbe zu pumpen. Weitere Feuerwehren hatten ihre Pumpen ebenfalls in Stellung gebracht, um gegen die Wassermassen gegen anzupumpen. Das DRK hat alle Einsatzkr\u00e4fte mit warmen und kaltem Essen und Getr\u00e4nken sowie Heizgetr\u00e4nken versorgt.<br \/>Am Samstagabend erreichte der Pegel der Elbe die 9.22m \u00fcber NN. Die M\u00fcssener Kameraden wurde am Sonntag morgen von der n\u00e4chsten Feuerwehr abgel\u00f6st, so da\u00df diese wieder einr\u00fccken konnten. <!--<a href=\"..\/bilder\/hochwasser_lauenburg\/index.html\" target=\"_blank\">Bilder zum Einsatz<\/a>--><\/span><\/p>\n<h3 class=\"berichte\">05.01.2011<\/h3>\n<p>  <span class=\"p_berichte\">Um 15:25 Uhr am Mittwochnachmittag wurden die Freiwilligen Feuerwehren M\u00fcssen, Witzeeze, B\u00fcchen-Dorf und Br\u00f6then, sowie die TEL (Technische Einsatzleitung) zu einem Feuer eines Einfamilienhauses im Lindenweg in B\u00fcchen gerufen. Die Feuerwehr B\u00fcchen wurde kurze Zeit vorher alarmiert. Es r\u00fcsteten sich die PA-Trupps w\u00e4hrend der Anfahrt zur Einsatzstelle aus, und gingen dann auch gleich zur Brandbek\u00e4mpfung des Feuer am Dachstuhl des Geb\u00e4udes \u00fcber Steckleitern vor. PA-Trupps anderen Feuerwehren waren zu dieser Zeit schon im Innenangriff, um das Feuer innerhalb des Geb\u00e4udes zu bek\u00e4mpfen. Um an die Flammen heranzukommen, wurden die Dachpfannen mit Einreishaken heruntergerissen. Die L\u00f6schwasserversorgung erfolgte \u00fcber die Unterflurhydranten, die aber erst von Schnee und Eis befreit werden mussten. Im Einsatz waren gesamt \u00fcber 50 Feuerwehrkameraden sowie ein alarmierter Rettungswagen und der Schlauchwagen des Kreises. Einsatzende f\u00fcr die 21 im Einsatz gewesenen M\u00fcssener Kameraden war gegen 17:45 Uhr.<br \/><!--<a href=\"lindenstrasse_buechen.htm\">Bilder zum Einsatz<\/a>--><\/p>\n","protected":false},"excerpt":{"rendered":"<p>16.11.2011 Zu einer T\u00fcr\u00f6ffnung wurden die Kameraden der Freiwilligen Feuerwehr am Mittwoch abend um 20:17 Uhr in den Tannenweg gerufen. Die Alarmierung erfolgte aufgrund eines Personennotrufmelders. Die T\u00fcr wurde mit Hilfe eines Ersatzschl\u00fcssel vom Nachbarn ge\u00f6ffnet. Die Person wurde allerdings unbeschadet angetroffen, so dass die Feuerwehr und der mitalarmierte Rettungsdienst nach kurzer Zeit wieder einr\u00fccken &hellip; <a href=\"https:\/\/feuerwehr-muessen.de\/index.php\/berichte-2011\/\" class=\"more-link\"><span class=\"screen-reader-text\">Berichte 2011<\/span> weiterlesen <span class=\"meta-nav\">&rarr;<\/span><\/a><\/p>\n","protected":false},"author":1,"featured_media":0,"parent":0,"menu_order":0,"comment_status":"closed","ping_status":"closed","template":"","meta":{"ngg_post_thumbnail":0,"footnotes":""},"class_list":["post-122","page","type-page","status-publish","hentry"],"_links":{"self":[{"href":"https:\/\/feuerwehr-muessen.de\/index.php\/wp-json\/wp\/v2\/pages\/122","targetHints":{"allow":["GET"]}}],"collection":[{"href":"https:\/\/feuerwehr-muessen.de\/index.php\/wp-json\/wp\/v2\/pages"}],"about":[{"href":"https:\/\/feuerwehr-muessen.de\/index.php\/wp-json\/wp\/v2\/types\/page"}],"author":[{"embeddable":true,"href":"https:\/\/feuerwehr-muessen.de\/index.php\/wp-json\/wp\/v2\/users\/1"}],"replies":[{"embeddable":true,"href":"https:\/\/feuerwehr-muessen.de\/index.php\/wp-json\/wp\/v2\/comments?post=122"}],"version-history":[{"count":1,"href":"https:\/\/feuerwehr-muessen.de\/index.php\/wp-json\/wp\/v2\/pages\/122\/revisions"}],"predecessor-version":[{"id":123,"href":"https:\/\/feuerwehr-muessen.de\/index.php\/wp-json\/wp\/v2\/pages\/122\/revisions\/123"}],"wp:attachment":[{"href":"https:\/\/feuerwehr-muessen.de\/index.php\/wp-json\/wp\/v2\/media?parent=122"}],"curies":[{"name":"wp","href":"https:\/\/api.w.org\/{rel}","templated":true}]}}