{"id":120,"date":"2015-06-03T18:44:07","date_gmt":"2015-06-03T16:44:07","guid":{"rendered":"http:\/\/test.feuerwehr-muessen.de\/?page_id=120"},"modified":"2017-04-19T20:06:00","modified_gmt":"2017-04-19T18:06:00","slug":"berichte-2010","status":"publish","type":"page","link":"https:\/\/feuerwehr-muessen.de\/index.php\/berichte-2010\/","title":{"rendered":"Berichte 2010"},"content":{"rendered":"<br \/>\n<h3 class=\"berichte\">24.12.2010<\/h3>\n<p>  <span class=\"p_berichte\">Am Heiligabend gegen ca. 22 Uhr wurde die Melderschleife der Feuerwehr M\u00fcssen ausgel\u00f6st. Die Stra\u00dfe zwischen M\u00fcssen und Louisenhof musste aufgrund starker Schneeverwehungen in Amtshilfe f\u00fcr die Polizei gesperrt werden. Es r\u00fcckten 6 Kameraden mit dem neuen STLF 10\/6 aus, um mit Verkehrsleitkegeln und Absperrband die Stra\u00dfe zu sperren. Die Sperrung wurde morgens am 1ten Weihnachtstag durch den Winterdienst aufgehoben. <\/span><\/p>\n<h3 class=\"berichte\">06.12.2010<\/h3>\n<p>  <span class=\"p_berichte\">Am Montagmittag um 12.15 Uhr gingen im Amt B\u00fcchen die Sirenen in diversen Ortschaften. Der Grund daf\u00fcr: es brennt in Klein Pampau ein Bauernhof in der Dorfstra\u00dfe. Es r\u00fccken die Freiwilligen Feuerwehren Klein Pampau, M\u00fcssen, B\u00fcchen, Siebeneichen, Roseburg, einen Rettungswagen aus Lanken sowie die TEL (Technische Einsatzleitung) aus. Nach dem eintreffen und kurzer Lageerkundung wurde gleich die Drehleiter der Feuerwehr Schwarzenbek alarmiert, kurze Zeit sp\u00e4ter eine weitere Drehleiter, die aus M\u00f6lln anger\u00fcckt ist. Zus\u00e4tzlich wurde auch noch der Schlauchwagen des Kreisfeuerverbandes aus Elmenhorst alarmiert. Mit diversen C-Strahl Rohren wurde von allen Geb\u00e4udeseiten versucht, das Feuer zu bek\u00e4mpfen. An einen Innenangriff durch eine der beiden Wohnungen war nicht zu denken, da die Flammen bereits aus dem Dachstuhl kamen. Das L\u00f6schwasser wurde mit 3 TS (Tragkraftspritzenpumpen) und dem Schwarzenbeker HLF aus der 300m entfernten Steinau zur Einsatzstelle gepumpt. <!-- Die zum Anfang aufgebaute Wasserversorgung aus dem Hydrantennetz musste nach einer Stunde wieder abgebaut werden, da das Wasserwerk B&uuml;chen nicht ausreichend Wasser liefern konnte.\/\/--> Als Teile des Daches einst\u00fcrzten konnten die Flammen direkt bek\u00e4mpft werden, da vorher die Blecheindeckung des Daches L\u00f6scharbeiten erschwerten.<br \/>Die beiden Wohnungen im Hauptgeb\u00e4ude sind unbewohnbar, Teile des Wirtschaftbereiches des Haupthauses wurden mit einem Bagger eingerissen. Die in einem Nebengeb\u00e4ude befindliche Tischlerei ist komplett durch das Feuer zerst\u00f6rt worden.<br \/>Die schnelle Einsatzgruppe des DRK Schwarzenbek hat die Einsatzkr\u00e4fte mit hei\u00dfen Getr\u00e4nken und einer Suppe versorgt. Um 16.00Uhr sind alle Ortsumliegende Wehren wieder einger\u00fcckt, w\u00e4hrend sich die Feurwehr Klein Pampau um die Nachl\u00f6scharbeiten k\u00fcmmerte.<\/p>\n<p>Um 18:25 Uhr wurde die Freiwillige Feuerwehr M\u00fcssen wieder zur Einsatzstelle gerufen. Die zu dem Zeitpunkt noch andauerten Nachl\u00f6scharbeiten wurden mit 1 PA-Trupp und 2-C Strahlrohren unterst\u00fctzt. Zus\u00e4tzlich wurde durch die M\u00fcssener Kameraden noch die Einsatzstelle ausgeleuchtet.<br \/>Nach ca. 1,5 Stunden r\u00fcckten die Kameraden das zweite Mal an diesem Tag von der Einsatzstelle ab. Bilder zur <!--<a href=\"brandruinebauernhofkleinpampau.htm\">Brandruine<\/a>--><\/span><\/p>\n<h3 class=\"berichte\">11.11.2010<\/h3>\n<p>  <span class=\"p_berichte\">Am Donnerstag morgen um 0:44 Uhr wurden die Feuerwehren Klein Pampau und M\u00fcssen wieder zum Bauhof in Klein Pampau alarmiert. Diesmal brannte das damals gehaltene Hauptgeb\u00e4ude des Bauhofes. Vom M\u00fcssener TLF ging sofort 1 PA Trupp mit einem C-Rohr vor. W\u00e4hrend dessen brachten die Feuerwehr Klein Paumpau und das M\u00fcssener LF8 jeweils eine TS an der Steinau in Stellung. Unter PA wurde ein Innenangriff durchgef\u00fchrt, der aber vorerst wieder eingestellt wurde, nachdem die sich mit Wassere vollgesoogene Gipskartondecke des Bauhofes einzust\u00fcrzen drohte. Als weitere Ma\u00dfnahme wurde das Dach mit der Ketters\u00e4ge aufgeschnitten, um das Feuer unterhalb des Daches zu l\u00f6schen. Weitere Rohre wurden von Aussen vorgenommen. Die Feuerwehren Siebeneichen und Schulendorf wurden noch zus\u00e4tzlich alarmiert. Sp\u00e4ter wurde mit einem Trecker Teile des Daches des Bauhofes angehoben, um die Brandnester unterhalb des Daches zul\u00f6schen. Ab ca. 03.30 Uhr begannen die Nachl\u00f6scharbeiten. Gegen ca. 4 Uhr r\u00fccken die M\u00fcssener Kameraden von der Einsatzstelle ab. Die letzten Feuerwehrkr\u00e4fte der Feuerwehr Klein Pampau r\u00fcckten gegen 08.30 Uhr ab.<br \/>Am Bauhof in der Waldstra\u00dfe in Klein Pampau hatte vor 2 Monaten schon eine Garage sowie eine Lagerhalle gebrannt. <\/span><\/p>\n<h3 class=\"berichte\">15.10.2010<\/h3>\n<p>  <span class=\"p_berichte\">Am 15.10 gegen 12:00 Uhr war das TLF ohne Sirenenalarmierung mit 3 Mann zur Reinigung von ca. 20m Stra\u00dfe ausgr\u00fcckt. Die Ursache der Verschmutzung in der Bergstra\u00dfe h\u00f6he Bahnhofsstra\u00dfe war ein defekt an einem G\u00fcllewagen. Das Sp\u00fclen der Stra\u00dfe mit ca. 2000 Ltr. Wasser dauerte ca. 1\/2 Std.<\/span><\/p>\n<h3 class=\"berichte\">07.10.2010<\/h3>\n<p>  <span class=\"p_berichte\">Am 7.10.2010 um ca 11:30 Uhr wurde eine R\u00e4umungs\u00fcbung in der Grundschule M\u00fcssen durchgef\u00fchrt. Mit 12 Kameraden, davon 2 Kameraden unter PA ist die Freiwillige Feuerwehr M\u00fcssen mit Blaulicht und Marinshorn zur Schule ausger\u00fcckt. In diesem Moment hat dann auch der Hausmeister, der sowie die Schulleiterin in die \u00dcbung eingeweiht waren, den Feueraralrm in der Schule ausgel\u00f6st. Die Kinder wurden aus dem Geb\u00e4ude evakuiert und mussten sich auf dem Schulhof sammeln, 2 Kameraden unter PA durchsuchten das Geb\u00e4ude. 1 C-Rohr wurde ebenfalls vorgenommen. Die \u00dcbung dauert rund 45 min.<\/span><\/p>\n<h3 class=\"berichte\">15.09.2010<\/h3>\n<p>  <span class=\"p_berichte\">Am Mittwoch den 15.09.2010 um 02:25 Uhr wurde die Freiwillige Feuerwehr M\u00fcssen zu einem Einsatz nach Klein Pampau gerufen. Einsatz Stichwort \u201eFeuer\u201c, brennt Bauhof, in der Dorfstra\u00dfe in Klein Pampau. Wenige Minuten nach der Alarmierung r\u00fcckte die FF M\u00fcssen mit dem LF8 aus und kam ca. 4 Minuten nach dem Ausr\u00fccken zeitgleich mit der Freiwilligen Feuerwehr Klein Pampau an der Einsatzstelle an. Schon auf der Anfahrt konnte man den Feuerschein sehen. Es brannten auf dem Bauhof eine Lagerhalle aus Holz und eine Garage. Noch w\u00e4hrend der Anfahrt r\u00fcsteten sich zwei Kameraden mit PA aus. Nach kurzer Erkundung der Lage wurde eine Wasserf\u00f6rderung aus einer offenen Wasserentnahmestelle, der nahegelegenden Steinau, aufgebaut. Die eingesetzten Kr\u00e4fte gingen zum Teil unter PA vor, da es eine starke Rauchentwicklung gab. Insgesamt wurden von der Freiwilligen Feuerwehr M\u00fcssen 2 PA Trupps eingesetzt und einer blieben in Bereitschaft. Die FF M\u00fcssen war mit zwei Fahrzeugen vor Ort, dem LF8 und dem MTW, sowie mit zwei privaten PKW`S. Das 32 Jahre alte TLF mit 2400 Liter Wasser an Board musste leider am Montag aus technischen Gr\u00fcnden ausser Dienst genommen werden und stand zur Einsatzzeit in einer Werkstatt. Somit waren 25 Kameraden der M\u00fcssener Wehr im Einsatz. Die Kameraden bauten zwei Wasserversorgungen auf und nahmen insgesamt 4 C-Rohre und ein B-Rohr vor. Des Weiteren wurde die Beleuchtung aufgebaut um die Einsatzstelle auszuleuchten. Zus\u00e4tzlich wurde die Freiwillige Feuerwehr aus Siebeneichen nach alarmiert. <br \/>Einsatzende f\u00fcr die M\u00fcssener Kameraden war um ca. 04:45 Uhr<\/h3>\n<h3 class=\"berichte\">16.07.2010<\/h3>\n<p>  <span class=\"p_berichte\">Am Freitagmittag heulten im gro\u00dfen Umkreis von Siebeneichen die Sirenen. Ein M\u00e4hdrescher war bei Ernteeinsatz im Getreidefeld zwischen B\u00fcchen und Siebeneichen in Brand geraten. Durch die anhaltende Trockenheit, breitete sich das Feuer rasend schnell aus. Die mehr als 90 Feuerwehrleute aus den Wehren B\u00fcchen, Siebeneichen, Roseburg, Klein-Pampau, G\u00fcster, Br\u00f6then, Witzeeze, Tramm, Schwarzenbek sowie die TEL waren bis ca. 15:30 Uhr im Einsatz. Die Feuerwehr M\u00fcssen wurde nach telefonischer R\u00fcckfrage mit der Leitstelle ohne Sirene alarmiert. Es r\u00fcckte das TLF 8\/24 mit einer Truppbesatzung zur Unterst\u00fctzung der Wasserversorgung aus. Das M\u00fcssener Tankl\u00f6schfahrzeug hat ca. 12000l Wasser im Pendelverkehr zum einspeisen anderer Fahrzeuge transportiert.<\/span><\/p>\n<h3 class=\"berichte\">12.07.2010<\/h3>\n<p>  <span class=\"p_berichte\">An diesen Montagabend hatte die Freiwillige Feuerwehr M\u00fcssen gerade \u00dcbungsdienst. Etwa 10 Minuten nach Dienstbeginn gingen die Melder einiger Kameraden los, etwa 10 Sekunden sp\u00e4ter liefen die Sirenen im Dorf an. Nach kurzer R\u00fcckfrage bei der &#8222;Leitstelle S\u00fcd&#8220;, ist die FF M\u00fcssen zu einer Personenrettung mit dem Boot zum M\u00fcssener Badesee ausger\u00fcckt. Die Badeg\u00e4ste am See waren etwas verdutzt, als die Freiwillige Feuerwehr M\u00fcssen mit Martinshorn und Blaulicht zum See gefahren ist. Es wurde das Boot, was vorher im MTW verlasset wurde, in Einsatzstellung aufgebaut und kurze Zeit sp\u00e4ter zu Wasser gelassen wurde. Da ein M\u00e4dchen sehr aufgebracht war, und zu den Kameraden meinte, Ihre Schwester drohe zu ertrinken, sind 2 Kameraden  ohne Einsatzbekleidung direkt zu der um Hilfe schreienden Person geschwommen. 2 weitere Kameraden sind mit dem Schlauchboot der Freiwilligen Feuerwehr M\u00fcssen direkt hinterher gepaddelt. Nach dem die zu ertrinkende Person aus dem Wasser gerettet wurde, war den Kameraden klar, das sich dieser Einsatz um eine Alarm\u00fcbung gehandelt hat. Die zu rettende Person war die Tochter eines Gruppenf\u00fchrers, die angebliche Schwester eine Freundin. Nach dem Gruppenf\u00fchrer war als zweiter der Wehrf\u00fchrer in diese \u00dcbung eingeweiht. Bei der nach dem Einsatz anschlie\u00dfenden Einsatzbesprechung wurde festgestellt, dass der Rettungsweg am Parkplatz am Kindergarten zum am See f\u00fcr Einsatzfahrzeuge immer schwierig zu befahren ist, da dort immer wieder Autos zu dicht an der Zufahrt parken. Des Weiteren ist durch den vorderen Anbau des Imbisses am See die Durchfahrt ebenfalls eingeschr\u00e4nkt, so dass sie Maschinisten der Einsatzfahrzeuge sehr stark auf die Passanten achten m\u00fcssen. Einsatzende der Alarm\u00fcbung war gegen ca. 21.00 Uhr.<\/span><\/p>\n<h3 class=\"berichte\">15.05.2010<\/h3>\n<p>  <span class=\"p_berichte\">Am Samstag Vormittag hat die Polizei der Leitstelle \u00fcbermittelt, dass ein ca. 30cm starker Baum auf der Stra\u00dfe zwischen M\u00fcssen und Schulendorf liegt. Die Leitstelle hat in M\u00fcssen um 11.36 Uhr die Sirenen ausgel\u00f6st, und somit die Feuerwehr gerufen. Die Freiwillige Feuerwehr M\u00fcssen ist mit dem LF8 und dem MTW ausger\u00fcckt, um den Baum von der Stra\u00dfe zu entfernen. Der Einsatz f\u00fcr die ca. 16 Kameraden war gegen 12.25 Uhr beendet.<\/span><\/p>\n<h3 class=\"berichte\">29.03.2010<\/h3>\n<p>  <span class=\"p_berichte\">Am Montagabend um 19:38 Uhr ist die Feuerwehr M\u00fcssen nach Sirenen Alarmierung nach Schwarzenbek ausger\u00fcckt. Einsatzort war eine \u00dcbung im Melusinental, die zusammen mit den Feuerwehren Schwarzenbek, Grabau, G\u00fclzow, M\u00fcssen und Kollow sowie dem Kreisfeuerwehrverband durchgef\u00fchrt wurde. Es wurde eine lange Wasserf\u00f6rderung vom Bauern &#8222;Langeloh&#8220; \u00fcber lange Wegstrecke bis zum Waldgebiet &#8222;Bartelsdorfer Holz&#8220; aufgebaut. Auf der gesamten L\u00e4nge von 1600m wurden insgesamt 5 Pumpen zwischengeschaltet. F\u00fcr die im Einsatz gewesenen 22 Kameraden der M\u00fcssener Wehr war um 21:42 Uhr \u00dcbungsende.<\/span><\/p>\n<h3 class=\"berichte\">13.02.2010<\/h3>\n<p>  <span class=\"p_berichte\">Am Samstag Nachmittag hat die Gemeinde die Freiwillige Feuerwehr zur Hilfe gerufen. Die Kameraden wurden gegen 13:47 Uhr \u00fcber Sirenenalarmierung zum Ger\u00e4tehaus gerufen. Auf den D\u00e4chern der Sporthalle, der Schule, sowie der Alten Schule (Haus der Gernerationen) ist die Schneelast zu hoch geworden, so da\u00df Kameraden diese mit Schneeschiebern vom Dach schaufeln mussten. Da Schneeschieber kein Grundarbeitsmaterial der Feuerwehr ist, haben sich die Kameraden diese schnell von zu Haus geholt.<br \/>Einsatzende: 15 Uhr. <!--<a href=\"schneelasten.htm\">Bilder <\/a>zum Einsatz--><\/span><\/p>\n<h3 class=\"berichte\">12.02.2010<\/h3>\n<p>  <span class=\"p_berichte\">Die Freiwillige Feuerwehr M\u00fcssen wurde zu ihrem ersten Einsatz im Jahr 2010 gegen 14.40 Uhr zu einer \u00d6lspur in der Grabauer und B\u00fcchener Stra\u00dfe gerufen. 12 Kameraden waren 1 Stunde im Einsatz, um die \u00d6spur, die durch den Verkehr auch bis in die Bergstra\u00dfe verteilt wurde, mit ca. 300 KG \u00d6lbindemittel zu beseitigen.<\/span><\/p>\n","protected":false},"excerpt":{"rendered":"<p>24.12.2010 Am Heiligabend gegen ca. 22 Uhr wurde die Melderschleife der Feuerwehr M\u00fcssen ausgel\u00f6st. Die Stra\u00dfe zwischen M\u00fcssen und Louisenhof musste aufgrund starker Schneeverwehungen in Amtshilfe f\u00fcr die Polizei gesperrt werden. Es r\u00fcckten 6 Kameraden mit dem neuen STLF 10\/6 aus, um mit Verkehrsleitkegeln und Absperrband die Stra\u00dfe zu sperren. Die Sperrung wurde morgens am &hellip; <a href=\"https:\/\/feuerwehr-muessen.de\/index.php\/berichte-2010\/\" class=\"more-link\"><span class=\"screen-reader-text\">Berichte 2010<\/span> weiterlesen <span class=\"meta-nav\">&rarr;<\/span><\/a><\/p>\n","protected":false},"author":1,"featured_media":0,"parent":0,"menu_order":0,"comment_status":"closed","ping_status":"closed","template":"","meta":{"ngg_post_thumbnail":0,"footnotes":""},"class_list":["post-120","page","type-page","status-publish","hentry"],"_links":{"self":[{"href":"https:\/\/feuerwehr-muessen.de\/index.php\/wp-json\/wp\/v2\/pages\/120","targetHints":{"allow":["GET"]}}],"collection":[{"href":"https:\/\/feuerwehr-muessen.de\/index.php\/wp-json\/wp\/v2\/pages"}],"about":[{"href":"https:\/\/feuerwehr-muessen.de\/index.php\/wp-json\/wp\/v2\/types\/page"}],"author":[{"embeddable":true,"href":"https:\/\/feuerwehr-muessen.de\/index.php\/wp-json\/wp\/v2\/users\/1"}],"replies":[{"embeddable":true,"href":"https:\/\/feuerwehr-muessen.de\/index.php\/wp-json\/wp\/v2\/comments?post=120"}],"version-history":[{"count":3,"href":"https:\/\/feuerwehr-muessen.de\/index.php\/wp-json\/wp\/v2\/pages\/120\/revisions"}],"predecessor-version":[{"id":745,"href":"https:\/\/feuerwehr-muessen.de\/index.php\/wp-json\/wp\/v2\/pages\/120\/revisions\/745"}],"wp:attachment":[{"href":"https:\/\/feuerwehr-muessen.de\/index.php\/wp-json\/wp\/v2\/media?parent=120"}],"curies":[{"name":"wp","href":"https:\/\/api.w.org\/{rel}","templated":true}]}}