{"id":116,"date":"2015-06-03T18:40:27","date_gmt":"2015-06-03T16:40:27","guid":{"rendered":"http:\/\/test.feuerwehr-muessen.de\/?page_id=116"},"modified":"2017-04-19T20:10:09","modified_gmt":"2017-04-19T18:10:09","slug":"berichte-2008","status":"publish","type":"page","link":"https:\/\/feuerwehr-muessen.de\/index.php\/berichte-2008\/","title":{"rendered":"Berichte 2008"},"content":{"rendered":"<h3 class=\"berichte\">18.12.2008<\/h3>\n<p><span class=\"p_berichte\">Am Donnerstag abend gegen 18:45 Uhr wurden die Kameraden wieder zu einer \u00d6lspur gerufen. Der Einsatz f\u00fcr die etwa 4m lange \u00d6lspur in der Raiffeisenstra\u00dfe dauerte eine halbe Stunde.<\/span><\/p>\n<h3 class=\"berichte\">12.12.2008<\/h3>\n<p><span class=\"p_berichte\">Die Feuerwehr M\u00fcssen wurde gegen 15.04 Uhr zu einer \u00d6lspur im Louisenhof alarmiert. 25 Kameraden sind mit allen 3 Fahrzeugen zu der ca. 500m langen und 1,5m breiten \u00d6lspur gefahren. F\u00fcr die Abstreuung der \u00d6lspur wurde die Fahrbahnen einseitig gesperrt. Einsatz Ende war nach ca. 1,5 Stunden.<\/span><\/p>\n<h3 class=\"berichte\">10.12.2008<\/h3>\n<p><span class=\"p_berichte\">Gegen 9.34 Uhr wurde die Feuerwehr M\u00fcssen zu einer \u00d6lspur in der Stra\u00dfe Klusterriede Ecke Neue M\u00fchle alarmiert. Die etwa 100m lange \u00d6lspur verlief von der Kurve Klusterriede bis hinter die Bahnunterf\u00fchrung der Stra\u00dfe Neue M\u00fchle. Es waren 7 Kameraden zum abstreuen der \u00d6spur etwa 1 Stunde lang im Einsatz.<\/span><\/p>\n<h3 class=\"berichte\">08.12.2008<\/h3>\n<p><span class=\"p_berichte\">Gro\u00dfalarm rund um Gro\u00df Pampau. Die Wehren Grabau, Elmenhorst, Sahms, Gro\u00df Pampau, Klein Pampau, Kankelau, Talkau und M\u00fcssen wurden zu einem Feuer auf einem Bauernhof gerufen. In einer Scheune, in der allerlei sachen gelagert sind, ist aus ungekl\u00e4rter Ursache das Feuer ausgebrochen. Die Feuerwehr Schwarzenbek wurde mit ihrer Drehleiter nachlarmiert, kam aber nicht zu Einsatz. Das Feuer war nach kurzer Zeit gel\u00f6scht. Im Einsatz waren 13 Kameraden der Freiwilligen Feuerwehr M\u00fcssen. <!--<a href=\"grosspampau.htm\">Bilder <\/a>zum Einsatz.<\/span>--><\/span><\/p>\n<h3 class=\"berichte\">10.10.2008<\/h3>\n<p><span class=\"p_berichte\">Am Freitag abend gegen 19.30 Uhr musste die Feuerwehr M\u00fcssen eine ca. 400m lange \u00d6lspur in der Dorf- und Bergstra\u00dfe abstreuen. Kurz nach der Alarmierung wurde die Feuerwehr Schulendorf ebenfalls zu eine \u00d6lspur in ihrem Ortsbereich gerufen. Einsatzende f\u00fcr die 24 eingesetzten M\u00fcssener Kameraden war gegen 20.15 Uhr.<\/span><\/p>\n<h3 class=\"berichte\">11.08.2008<\/h3>\n<p><span class=\"p_berichte\">Eine undefinierbare Rauchentwicklung wurde durch Passanten an die Leitstelle gemeldet. Die Feuerwehr r\u00fcckte gegen 14.55 Uhr in die Dorfstra\u00dfe aus, und fanden eine brennende Matratze. Der Besitzer hat versucht, sich der Fachgerechten Entsorgung zu umgehen, und diese zu verbrennen. Die Matratze wurde mit ca. 300l Wasser abgel\u00f6scht.<\/span><\/p>\n<h3 class=\"berichte\">07.08.2008<\/h3>\n<p><span class=\"p_berichte\">Bei dem schweren Sturm ist in der Schwarzenbeker Stra\u00dfe ein Ast eines Baumes abgebrochen. Zu dem Windbruch wurde die Feuerwehr gegen 19.55 Uhr alarmiert. Der Ast lag aber sicher eingeklemmt hinter dem Baum ausserhalb der Stra\u00dfe, so da\u00df kein handlungsbedarf f\u00fcr die Feuerwehr bestand.<\/span><\/p>\n<h3 class=\"berichte\">02.08.2008<\/h3>\n<p><span class=\"p_berichte\">Alarmierung gegen 12:10 Uhr durch einen vorbeifahrenden Autofahrer zu einem Fl\u00e4chenbrand zwischen M\u00fcssen und B\u00fcchen stellte sich als Fehlalarm heraus. Nach erfolglose Suche durch alle m\u00f6glichen Stra\u00dfen durch die Feuerwehren B\u00fcchen, M\u00fcssen und Schulendorf wurde der Einsatz abgebrochen. Einsatzende gegen 12:40 Uhr.<\/span><\/p>\n<h3 class=\"berichte\">29.07.2008<\/h3>\n<p><span class=\"p_berichte\">Gegen 0.44 Uhr wurde die Feuerwehr M\u00fcssen zu einer ca. 5m\u00b2 brennden Fl\u00e4che am Wald in der Grabauer Stra\u00dfe gerufen. Dank der Alarmierung eines vorbeifahrenden Passanten konnte das Feuer mit dem Schnellangriff und ca. 250l Wasser schnell abgel\u00f6scht werden. Einige Minuten sp\u00e4ter h\u00e4tte das in einen gro\u00dfen Waldbrand enden k\u00f6nnen, weshalb die Feuerwehr Schulendorf laut Alarmierungsplan mitalarmiert. wurde Brandursache vermutlich eine unachtsam weggeworfene Zigarette. Einsatzende war gegen 1.03 Uhr<\/span><\/p>\n<h3 class=\"berichte\">28.07.2008<\/h3>\n<p><span class=\"p_berichte\">Alarmierung durch einen Passanten zu einer Getreidespur innerhalb der Kurve Raiffeisenstra\u00dfe Ecke Dorfstra\u00dfe ist die Feuerwehr mit dem LF und dem MTW gegen 21.50 Uhr ohne Sirenalarmierung gefahren. Ca. 2 Zentner Getreide wurden durch 9 Kameraden von der Stra\u00dfe entfernt und bei der Raiffeisen abgegeben.<\/span><\/p>\n<h3 class=\"berichte\">26.07.2008<\/h3>\n<p><span class=\"p_berichte\">Am Samstag Nachmittag ist die Freiwillige Feuerwehr M\u00fcssen zusammen mit der Wehren Schulendorf und B\u00fcchen zu einem M\u00e4hdrescherbrand auf einer Koppel zwischen M\u00fcssen und Schulendorf gerufen worden. Das Feuer hat sich rasend schnell auf dem zum Teil schon abgedroschenen Feld verbreitet. Durch drehende Winde flammte das Feuer immer wieder an Ecken auf, aber ein \u00fcbergreifen auf den nahegelegenen Wald konnte verhindert werden. Die Wasserversorgung war nur durch Tankl\u00f6schfahrzeuge m\u00f6glich, so das ein Wasserf\u00fchrendes Fahrzeug der Feuerwehr Schwarzenbek noch nachalarmiert wurde. Doch die wirksame Methode dennoch war es, die brennenden Stoppel mit Hilfe der Scheibeneggen zweier Landwirte unter die Erde zu bef\u00f6rdern. Insgesamt hat es auf einer Fl\u00e4che von ca. 10 ha gebrannt. Der M\u00e4hdrescher brannte dabei v\u00f6llig aus. <!--<a href=\"maehdrescher_stoppelbrand.htm\">Bilder <\/a>zum Einsatz. Weitere Bilder folgen.--><\/span><\/p>\n<h3 class=\"berichte\">23.07.2008<\/h3>\n<p><span class=\"p_berichte\">Am Mittwochabend gegen 21:50 Uhr wurde die Feuerwehr M\u00fcssen zu einer \u00d6lspur in der B\u00fcchener Stra\u00dfe gerufen. Die sich in einer starken Kurve ausserhalb der Ortschaft etwa 200m lange \u00d6lspur wurde mit \u00d6lbindemittelabgestreut und die Einsatzstelle an die Polizei \u00fcbergeben. Einsatzende gegen 22:55 Uhr.<\/span><\/p>\n<h3 class=\"berichte\">12.07.2008<\/h3>\n<p><span class=\"p_berichte\">Die Feuerwehr M\u00fcssen wurde gegen 22.20 Uhr zusammen mit den Feuerwehren B\u00fcchen, B\u00fcchen-Dorf, Br\u00f6then und Schwarzenbek zu einem Gro\u00dffeuer nach B\u00fcchen gerufen. Die Feuerwehr M\u00fcssen r\u00fcckte mit allen drei Fahrzeugen und insgesamt 21 Kameraden aus. In B\u00fcchen im Industriegbiet &#8222;auf der Heide&#8220; brannte das Holzlager der Zimmerei &#8222;R\u00e4th&#8220;. Unsere Aufgabe war es eine Wasserversorgung von einem Hydranten herzustellen, und den L\u00f6schangriff vorzunehmen. Au\u00dferdem wurde Beleuchtung aufgestellt. Zus\u00e4tzlich war noch ein PA-Trupp im DG des Geb\u00e4udes und drei weitere Kameraden standen als PA Reserve bereit. Mit insgesamt f\u00fcnf Wehren war das Feuer ziemlich schnell unter Kontrolle so dass der Einsatz nach ca. zwei Stunden f\u00fcr die Feuerwehr M\u00fcssen beendet war. Das Einsatzende war gegen ca. 00:10 Uhr.<\/span><\/p>\n<h3 class=\"berichte\">03.07.2008<\/h3>\n<p><span class=\"p_berichte\">Und es geht abends gleich weiter. Der 4te Einsatz innerhalb von 60 Stunden. Um ca. 21.00 Uhr wurde die Feuerwehr M\u00fcssen zu einem Knickbrand am Louisenhof gerufen. Es Stellte sich heraus, da\u00df sich das Stroh, welches beim Gro\u00dffeuer am 01.07.08 aus dem Stallgeb\u00e4ude entfernt und auf der Koppel abgel\u00f6scht wurde, wieder stark zu qualmen begann. Das Stroh wurde mit 2 Schleppern auseinander gezogen und dann abgel\u00f6scht. Hierzu wurde das TLF und 3.G\u00fcllewagen der hiesigen Bauern benutzt. Einsatz Ende war gegen 22.45 Uhr.<\/span><\/p>\n<h3 class=\"berichte\">03.07.2008<\/h3>\n<p><span class=\"p_berichte\">Und die Einsatzserie reist nicht ab. Beim 3ten Einsatz in 3 Tagen wurde die Feuerwehr M\u00fcssen gegen 17.50 Uhr zu einer ca 400-500m langen \u00d6lspur in der Raiffeisenstra\u00dfe gerufen. Grund der \u00d6lspur ist eine geplatzte Hydraulik Leitung eines Traktors. 15 Kameraden waren damit besch\u00e4ftigt, die zu dem Zeitpunkt auseinander gefahrene Schmierspur von der Stra\u00dfe zu entfernen. Einsatzende war gegen 18.40 Uhr.<\/span><\/p>\n<h3 class=\"berichte\">02.07.2008<\/h3>\n<p><span class=\"p_berichte\">Kaum 13 Stunden nach dem die letzten Einsatzkr\u00e4fte den Einsatz beendet hatten, wurde die Feuerwehr M\u00fcssen und die Feuerwehr Schulendorf gegen 13.17 Uhr wieder zu einem Feuer gerufen. Diesesmal war es ein B\u00f6schungsbrand an der Bahnstrecke Hamburg &#8211; Berlin. Die Zuwegung dahin erbot sich als schwirig, da die alte Ladestra\u00dfe kaum noch f\u00fcr Fahrzeuge zug\u00e4ngig ist. Die B\u00f6schung war schnell abgel\u00f6scht, so das gegen 13.40 Uhr Einsatzende war.<\/span><\/p>\n<h3 class=\"berichte\">01.07.2008<\/h3>\n<p><span class=\"p_berichte\">Alarmierung gegen 9.50 Uhr zu einem Gro\u00dffeuer auf einem Bauernhof in Loisenhof. Es brannte ein Wirtschaftsgeb\u00e4ude mit ca. 4000 Strohballen auf dem Boden, welches zwischen dem Wohnhaus und dem Kuhstall stand.<br \/>\nweiteres folgt&#8230;<\/span><\/p>\n<h3 class=\"berichte\">21.06.2008<\/h3>\n<p><span class=\"p_berichte\">Am Samstag um 20.50 Uhr wurde die Feuerwehr zur Beseitigung einer 75 m langen und 40 cm breiten \u00d6lspur auf der Kreisstrasse in Richtung Grabau gerufen. Die \u00d6lspur wurde mit \u00d6lbindemittel abgestreut und danach wurde die Fahrbahn wieder gereinigt und der Polizei \u00fcbergeben. Einsatzende war gegen 21.30 Uhr.<br \/>\n<\/span><\/p>\n<h3 class=\"berichte\">08.06.2008<\/h3>\n<p><span class=\"p_berichte\">Am Sonntagabend gegen 23.30 Uhr wurde die Feuerwehr zu einem Feuer im R\u00e4tjenweg gerufen. Zu dem Zeitpunkt waren schon 70qm\u00b2 Wald in Flammen. Mit 2 Strahlrohren und ca. 4000 Liter Wasser wurde das Feuer abgel\u00f6scht. Einsatz Ende war gegen 0.30 Uhr.<\/span><\/p>\n<h3 class=\"berichte\">29.05.2008<\/h3>\n<p><span class=\"p_berichte\">Am Donnerstag gegen 17.05 Uhr wurde die Feuerwehr in den R\u00e4tjenweg zu einer 25m langen, 20cm breite \u00d6lspur gerufen. Die Fahrbahn wurde mit \u00d6lbindemittel abgestreut und danach gereinigt. Einsatzende gegen 17.35Uhr.<\/span><\/p>\n<h3 class=\"berichte\">07.05.2008<\/h3>\n<p><span class=\"p_berichte\">Alarmierung gegen 18:40 Uhr f\u00fcr die Feuerwehren Schulendorf, M\u00fcssen und ein Rettungswagen zu einem Kellerbrand in der Schwarzenbeker Stra\u00dfe 11. Zu dem Feuer an der \u00d6lheizung wurden 3 PA-Tr\u00e4ger mit dem Schaumangriff eingesetzt. 2 Trupps mit C-Rohren wurden zur Sicherheit bereitgestellt. Die nachalarmierte Feuerwehr B\u00fcchen hat ihr Bel\u00fcftungsger\u00e4t zum Einsatz gebracht. Einsatzende war gegen 20:45 Uhr.<\/span><\/p>\n<h3 class=\"berichte\">04.05.2008<\/h3>\n<p><span class=\"p_berichte\">Gegen 22.00 Uhr w\u00fcrde die Feuerwehr zu einer \u00d6lspur im Bereich einer Kurve auf der Schwarzenbeker Stra\u00dfe in Richtung R\u00e4thjenweg gerufen. F\u00fcr die Arbeiten wurde die Fahrbahn gesperrt und die etwa 100m lange starke \u00d6lspur wurde abgestreut. An der Einsatzstelle wurde die Schilder &#8222;\u00d6lspur&#8220; aufgestellt und an die Polizei \u00fcbergeben.<\/span><\/p>\n<h3 class=\"berichte\">03.05.2008 &#8211; 17.00 Uhr<\/h3>\n<p><span class=\"p_berichte\">Von einem Passanten wurde Rauchentwicklung am R\u00e4thjenweg gemeldet. Das zur \u00dcberpr\u00fcfung ausger\u00fcckte TLF konnte an der genannten Einsatzstelle kein Feuer feststellen.<\/span><\/p>\n<h3 class=\"berichte\">10.03.2008<\/h3>\n<p><span class=\"p_berichte\">Am Montag um 16.57Uhr wurde die Freiwillige Feuerwehr M\u00fcssen und div. Rettungsdienste zu einem Verkehrsunfall auf der Grabauer Stra\u00dfe mit eingeklemmter Person gerufen. Das Fahrzeug ist in der linkskurve in Richtung B\u00fcchen von der Fahrbahn gekommen und gegen einen Baum geprallt. Die feuerwehren B\u00fcchen und M\u00fcssen musste die geklemmte Person mit Schere und Spreitzer aus dem Fahrzeug schneiden. Der Beifahrer ist mit schweren Verletzungen ins Krankenhaus gekommen. Die Fahrerin ist am Unfallort verstorben.<\/span><\/p>\n<h3 class=\"berichte\">26.01.2008<\/h3>\n<p><span class=\"p_berichte\">Die Feuerwehr wurde Samstag gegen 18.15 Uhr alarmiert um auf die Stra\u00dfe gewehte \u00c4ster in der Bergstra\u00dfe von der Fahrbahn zu entfernen.<br \/>\nEinsatzende gegen 19.15 Uhr.<\/span><\/p>\n<h3 class=\"berichte\">07.01.2008<\/h3>\n<p><span class=\"p_berichte\">In den Alten Gutsweg wurde die Feuerwehr gegen 13 Uhr zu einer \u00d6lspur gerufen. Das \u00d6l drohte in den nahegelegenden Teich zu laufen. Es wurden ca. 60 KG \u00d6lbindemittel verarbeitet. Einsatzende gegen 14 Uhr.<\/span><\/p>\n<h3 class=\"berichte\">04.01.2008<\/h3>\n<p><span class=\"p_berichte\">Die Feuerwehr wurde gegen 13 Uhr zu einer T\u00fcr\u00f6ffnung f\u00fcr den RTW aus Lanken in die Raiffeisenstra\u00dfe gerufen. Die Einsatzstelle wurde nach eintreffen des RTWs an diesen \u00fcbergegeben.<\/span><\/p>\n","protected":false},"excerpt":{"rendered":"<p>18.12.2008 Am Donnerstag abend gegen 18:45 Uhr wurden die Kameraden wieder zu einer \u00d6lspur gerufen. Der Einsatz f\u00fcr die etwa 4m lange \u00d6lspur in der Raiffeisenstra\u00dfe dauerte eine halbe Stunde. 12.12.2008 Die Feuerwehr M\u00fcssen wurde gegen 15.04 Uhr zu einer \u00d6lspur im Louisenhof alarmiert. 25 Kameraden sind mit allen 3 Fahrzeugen zu der ca. 500m &hellip; <a href=\"https:\/\/feuerwehr-muessen.de\/index.php\/berichte-2008\/\" class=\"more-link\"><span class=\"screen-reader-text\">Berichte 2008<\/span> weiterlesen <span class=\"meta-nav\">&rarr;<\/span><\/a><\/p>\n","protected":false},"author":1,"featured_media":0,"parent":0,"menu_order":0,"comment_status":"closed","ping_status":"closed","template":"","meta":{"ngg_post_thumbnail":0,"footnotes":""},"class_list":["post-116","page","type-page","status-publish","hentry"],"_links":{"self":[{"href":"https:\/\/feuerwehr-muessen.de\/index.php\/wp-json\/wp\/v2\/pages\/116","targetHints":{"allow":["GET"]}}],"collection":[{"href":"https:\/\/feuerwehr-muessen.de\/index.php\/wp-json\/wp\/v2\/pages"}],"about":[{"href":"https:\/\/feuerwehr-muessen.de\/index.php\/wp-json\/wp\/v2\/types\/page"}],"author":[{"embeddable":true,"href":"https:\/\/feuerwehr-muessen.de\/index.php\/wp-json\/wp\/v2\/users\/1"}],"replies":[{"embeddable":true,"href":"https:\/\/feuerwehr-muessen.de\/index.php\/wp-json\/wp\/v2\/comments?post=116"}],"version-history":[{"count":4,"href":"https:\/\/feuerwehr-muessen.de\/index.php\/wp-json\/wp\/v2\/pages\/116\/revisions"}],"predecessor-version":[{"id":749,"href":"https:\/\/feuerwehr-muessen.de\/index.php\/wp-json\/wp\/v2\/pages\/116\/revisions\/749"}],"wp:attachment":[{"href":"https:\/\/feuerwehr-muessen.de\/index.php\/wp-json\/wp\/v2\/media?parent=116"}],"curies":[{"name":"wp","href":"https:\/\/api.w.org\/{rel}","templated":true}]}}