{"id":112,"date":"2015-06-03T18:08:24","date_gmt":"2015-06-03T16:08:24","guid":{"rendered":"http:\/\/test.feuerwehr-muessen.de\/?page_id=112"},"modified":"2017-03-15T22:37:00","modified_gmt":"2017-03-15T21:37:00","slug":"berichte-2006","status":"publish","type":"page","link":"https:\/\/feuerwehr-muessen.de\/index.php\/berichte-2006\/","title":{"rendered":"Berichte 2006"},"content":{"rendered":"<p>&nbsp;<\/p>\n<h3 class=\"berichte\">01.11.2006<\/h3>\n<p><span class=\"p_berichte\">Um 07:30 Uhr war in der M\u00fchlenstra\u00dfe eine ca. 10 m hohe Kiefer durch den starken Wind umgeknickt. Der Baum wurde von der Feuerwehr zers\u00e4gt und am Stra\u00dfenrand abgelegt. <\/span><\/p>\n<h3 class=\"berichte\">04.09.2006<\/h3>\n<p><span class=\"p_berichte\"> 08:30 Uhr erfolgte die Alarmierung zur Technischen Hilfe in die Bergstra\u00dfe. Nach starkem Wind drohte ein ca. 10 m hoher Baum auf ein Dach zu st\u00fcrzen. F\u00fcr die Abnahme des Baumes musste die Stra\u00dfe kurzfristig gesperrt werden. Ohne weiteren Schaden zu verursachen, wurde mit Hilfe eines Traktors der Baum in die gew\u00fcnschte Richtung gezogen und abges\u00e4gt. <\/span><\/p>\n<h3 class=\"berichte\">17.08.2006<\/h3>\n<p><span class=\"p_berichte\">Um 17: 08 Uhr r\u00fcckte die Wehr zu einem Einsatz in Schulendorf aus. Die Leitstelle meldete Person klemmt unter PKW. Als die Wehr am Einsatzort eintraf, waren die Schulendorfer Kameraden schon vor Ort. Es stellte sich schnell heraus, dass sich die Person schon selbst &#8222;Befreit&#8220; hatte und somit konnten wir ohne T\u00e4tig geworden zu sein, wieder einr\u00fccken. <\/span><\/p>\n<h3 class=\"berichte\">29.07.2006<\/h3>\n<p><span class=\"p_berichte\">Noch nicht im Ger\u00e4tehaus angekommen, zeichnete sich der n\u00e4chste Einsatz f\u00fcr die Wehr ab. Nach starken Regenf\u00e4llen bemerkte die Besatzung des LF, dass die Kanalisation die auftretenden Wassermassen nicht aufnahmen. In der Dorfstra\u00dfe h\u00f6he Siemers war ein Befahren der Stra\u00dfe mit PKW nicht mehr m\u00f6glich. Nach einer weiteren Erkundung durch das MZF wurde bemerkt, dass die M\u00fchlenstra\u00dfe in H\u00f6he der Pumpstation bereits so \u00fcberschwemmt war, dass das Wasser rechts und links \u00fcber die Gehwege lief. Nun wurde auch der Rest der Wehr \u00fcber Sirene alarmiert. Mit vereinten Kr\u00e4ften wurde die Schadenslage beseitigt. <!--<a href=\"wasser.htm\" class=\"Stil11\">Bilder zum Einsatz <\/a>--><\/span><\/p>\n<h3 class=\"berichte\">29.07.2006<\/h3>\n<p><span class=\"p_berichte\">Um 14:40 Uhr r\u00fcckte die Wehr mit dem LF zu einer Beseitigung von Betriebsstoffen nach VU auf der B 209 aus. Der Stellv. Wehrf\u00fchrer Ingwer Paulsen hatte mit der Polizei vor Ort gesprochen und diese hatte uns dann zur Beseitigung der Betriebsstoffe angefordert. <\/span><\/p>\n<h3 class=\"berichte\">27.07.2006<\/h3>\n<p><span class=\"p_berichte\">15:20 Uhr r\u00fcckte die Wehr zu einem Getreidestoppelbrand auf der Strecke Klein Pampau Richtung Siebeneichen aus. Es brannte dort auf einer Fl\u00e4che von ca 2000 qm. Das Feuer konnte schnell mit den Wasserf\u00fchrenden Fahrzeugen sowie durch den Einsatz von Feuerpatschen unter Kontrolle gebracht werden. Im Einsatz waren die Wehren aus Klein Pampau, Siebeneichen, Roseburg, Br\u00f6then und M\u00fcssen mit insgesamt 37 Feuerwehrkameraden. <!--<a href=\"flaechenbrand.htm\"><span class=\"Stil11\">Bilder zum Einsatz <\/span><\/a>--><\/span><\/p>\n<h3 class=\"berichte\">24.07.2006<\/h3>\n<p><span class=\"p_berichte\">14:50 Uhr r\u00fcckte eine Gruppe der Wehr mit LF 8 und MTW aus um eine Fahrbahnverunreinigung im Bereich Louisenhof Auffahrt auf die B209 zu beseitigen. Ein unbekanntes Landwirtschaftliches Transportfahrzeug hatte dort eine gr\u00f6\u00dfere Menge Raps verloren. Der Raps wurde mit Schaufel und Besen von der Fahrbahn entfernt. Bei der R\u00fcckfahrt von der Einsatzstelle wurde auch im Bereich einer weiteren Kreuzung eine erhebliche Menge Raps entdeckt und von den Kameraden entfernt. <\/span><\/p>\n<h3 class=\"berichte\">20.07.2006<\/h3>\n<p><span class=\"p_berichte\">Um 18.34 Uhr kam der zweite Sirenenalarm f\u00fcr die Feuerwehr. Gerufen wurden wir zu einem Waldbrand n\u00e4he Br\u00f6then. Die Wehr fuhr geschlossen zu diesem Einsatz. Es brannten ca. 1000 m\u00b2 Kiefernwald. Bei diesem Einsatz waren die Wehren aus Br\u00f6then, M\u00fcssen, B\u00fcchen, B\u00fcchen-Dorf, Fitzen und Witzeeze vor Ort. Es waren insgesamt 6 C-Rohre im Einsatz. <!--<a href=\"waldbrand.htm\"><span class=\"Stil11\">Bilder zum Einsatz. <\/span><\/a>--><\/span><\/p>\n<h3 class=\"berichte\">20.07.2006<\/h3>\n<p><span class=\"p_berichte\">Um 13:45 wurde die Sirene der Feuerwehr ausgel\u00f6st. Jemand hatte eine Rauchentwicklung zwischen M\u00fcssen und Schulendorf gesehen und die Leitstelle angerufen. Nach einer Erkundungsfahrt mit LF und TLF stellte sich heraus, dass es sich um eine Staubwolke eines M\u00e4hdreschers handelte. Die Kameraden erreichten nach dem Fehlalarm um 14:20 Uhr das Ger\u00e4tehaus.<\/span><\/p>\n<h3 class=\"berichte\">19.07.2006<\/h3>\n<p><span class=\"p_berichte\">Um ca. 17.45 Uhr wurde der Stellv. Wehrf\u00fchrer I.Paulsen von einer Passantin angesprochen, diese hatte eine Rauchentwicklung zwischen M\u00fcssen und B\u00fcchen gesehen und bat darum, sich das doch einmal anzusehen. Telefonisch wurde das TLF 8 mit drei Kameraden besetzt, die sich der Sache annahmen. Nach einer Erkundungsfahrt stellte sich heraus, dass es sich um eine Staubwolke eines M\u00e4hdreschers handelte. Die Kameraden erreichten nach dem Fehlalarm um 18.10 Uhr das Ger\u00e4tehaus.<\/span><\/p>\n<h3 class=\"berichte\">31.05.2006<\/h3>\n<p><span class=\"p_berichte\">Alarmierung um 22.20 Uhr durch Sirenenausl\u00f6sung, f\u00fcr die Wehren aus M\u00fcssen, Schulendorf und B\u00fcchen zum Schornsteinbrand in der Dorfstr.8 in M\u00fcssen. Durch den schnellen Einsatz der Wehren konnte Schlimmeres verhindert werden. Die M\u00fcssener Kameraden brachten die Leiter in Stellung und der Schulendorfer Kamerad und Schornsteinfeger Henning B. kehrte den Zug. Durch den schnellen Einsatz der Kameraden aus M\u00fcssen und Schulendorf konnte die B\u00fcchener Wehr den Einsatz schon auf der Anfahrt wieder beenden. Um 23.00 Uhr wurde die Einsatzstelle dem zust\u00e4ndigen Schornsteinfeger \u00fcbergeben und der Einsatz beendet. <\/span><\/p>\n<h3 class=\"berichte\">30.05.2006<\/h3>\n<p><span class=\"p_berichte\">Um 18.55 Uhr wurde die Wehr zu einer Personensuche an der Bahnstrecke Hamburg-Berlin alamiert. Als Ortsangabe kam \u00fcber die Leistelle S\u00fcd der Bereich bei KM 246, wo sich laut Meldung eines Bahnreisenden K\u00f6rperteile im Bereich des Gleisbettes befinden sollten. Nachdem die Strecke in beiden Richtungen f\u00fcr den Bahnverkehr gesperrt wurde, nahmen die Kameraden, unter Mithilfe der Polizei und des Rettungsdienstes, die Suche auf. Wie es sich nach \u00fcber einer Stunde vergeblichen Suchens heraustellte, war es zur Erleichterung aller Beteiligten ein Fehlalarm. Der sich vor Ort befindliche Bahnmanager hob die Sperrung, nachdem ein Intercity die Strecke mit ca. 25 Kmh nochmals kontrolliert hatte, um 20.20 Uhr auf. Einsatzende f\u00fcr die Wehr war um 20.25 Uhr. <\/span><\/p>\n<h3 class=\"berichte\">15.05.2006<\/h3>\n<p><span class=\"p_berichte\">Gegen 19.20 Uhr wurde die Wehr mal wieder zu einer \u00d6lspur alarmiert. Im Kreuzungsbereich Bergstra\u00dfe \/ Dorfstra\u00dfe hatte ein Radlader Hydraulik\u00f6l verloren. Der Kreuzungsbereich wurde teilweise gesperrt und von den 18 anwesenden Kameraden mit ca. 60 KG \u00d6lbindemittel abgestreut. Um 20.10 Uhr war der Einsatz beendet. <\/span><\/p>\n<h3 class=\"berichte\">13.05.2006<\/h3>\n<p><span class=\"p_berichte\">Einen Einsatz der kuriosen Art hatte der Wehrf\u00fchrer, als sich am Samstag um 10.35 eine \u00e4ltere Frau bei ihm meldete. Sie hatte ihre Geldb\u00f6rse aus Versehen mit in einen Papiercontainer geworfen. Weil der Papiercontainer schon halb gef\u00fcllt war, konnte nach kurzem Suchen und mit dem langen Arm des Wehrf\u00fchrers die Geldb\u00f6rse gefunden und somit der gl\u00fccklichen Besitzerin \u00fcbergeben werden. ( Jeden Tag eine Gute Tat ) <\/span><\/p>\n<h3 class=\"berichte\">01.05.2006<\/h3>\n<p><span class=\"p_berichte\">Gegen 17:45 verungl\u00fcckte auf der B209 Richtung Lauenburg im M\u00fcssener Ortsteil R\u00fclau ein mit 186 Schweinen beladener LKW. Im Einsatz waren die Feuerwehren aus M\u00fcssen, Schulendorf und Schwarzenbek. Die Schweine wurden von der Feuerwehr aus dem LKW gerettet\/geborgen und in einem, aus Leiterteilen bestehenden Abteil zusammengehalten bis sie zum Weitertransport auf einen Ersatz-LKW getrieben werden konnten. Leider mussten auch 37 Schweine an der Einsatzstelle get\u00f6tet werden. Nach der Rettung der Schweine wurde der Transporter durch eine Bergungsfirma aus dem Graben gezogen. Einsatzende war um 23:55 Uhr. <\/span><\/p>\n<p><span class=\"p_berichte\"><!--<a href=\"einsatzviehtransporter.htm\" class=\"Stil11\">Bilder<\/a> zum Einsatz --><\/span><\/p>\n<h3 class=\"berichte\">30.04.2006<\/h3>\n<p><span class=\"p_berichte\">Um 23:33 Uhr wurde die Wehr alarmiert um eine Verunreinigung auf der Kreisstra\u00dfe H\u00f6he Louisenhof 4 zu beseitigen. Die Verunreinigungen stellten sich als Verschmutzungen durch Landwirtschaftliche Fahrzeuge da. Acht Kameraden, die nicht am Kameradschaftsabend teilnahmen, beseitigten das \u00dcbel mit dem S-Rohr und 600 Liter Wasser. Einsatzende war um 0:10 Uhr. <\/span><\/p>\n<h3 class=\"berichte\">23.04.2006<\/h3>\n<p><span class=\"p_berichte\">Alarmiert wurde die Feuerwehr gegen 09:15 Uhr zu einer \u00d6lspur auf der B\u00fcchener Stra\u00dfe. Ein PKW hatte dort \u00fcber ca 300m sein Motor\u00f6l verloren. Die verschmutzte Fahrbahn wurde abgestreut und die Einsatzstelle der Polizei \u00fcbergeben. Im Auftrag der Polizei wurden Schilder &#8222;Achtung \u00d6lspur&#8220; aufgestellt. Um 10:40 war der Einsatz f\u00fcr die Feuerwehr beendet.<\/span><\/p>\n<h3 class=\"berichte\">21.02.2006<\/h3>\n<p><span class=\"p_berichte\">Alarmiert wurde die Feuerwehr gegen 19:00 Uhr zu einer \u00d6lspur in der Dorfstra\u00dfe. Ausgelaufenes Motor\u00f6l wurde auf einer L\u00e4nge von ca. 20 m mit \u00d6lbindemittel abgestreut. <\/span><\/p>\n","protected":false},"excerpt":{"rendered":"<p>&nbsp; 01.11.2006 Um 07:30 Uhr war in der M\u00fchlenstra\u00dfe eine ca. 10 m hohe Kiefer durch den starken Wind umgeknickt. Der Baum wurde von der Feuerwehr zers\u00e4gt und am Stra\u00dfenrand abgelegt. 04.09.2006 08:30 Uhr erfolgte die Alarmierung zur Technischen Hilfe in die Bergstra\u00dfe. Nach starkem Wind drohte ein ca. 10 m hoher Baum auf ein &hellip; <a href=\"https:\/\/feuerwehr-muessen.de\/index.php\/berichte-2006\/\" class=\"more-link\"><span class=\"screen-reader-text\">Berichte 2006<\/span> weiterlesen <span class=\"meta-nav\">&rarr;<\/span><\/a><\/p>\n","protected":false},"author":1,"featured_media":0,"parent":0,"menu_order":0,"comment_status":"closed","ping_status":"closed","template":"","meta":{"ngg_post_thumbnail":0,"footnotes":""},"class_list":["post-112","page","type-page","status-publish","hentry"],"_links":{"self":[{"href":"https:\/\/feuerwehr-muessen.de\/index.php\/wp-json\/wp\/v2\/pages\/112","targetHints":{"allow":["GET"]}}],"collection":[{"href":"https:\/\/feuerwehr-muessen.de\/index.php\/wp-json\/wp\/v2\/pages"}],"about":[{"href":"https:\/\/feuerwehr-muessen.de\/index.php\/wp-json\/wp\/v2\/types\/page"}],"author":[{"embeddable":true,"href":"https:\/\/feuerwehr-muessen.de\/index.php\/wp-json\/wp\/v2\/users\/1"}],"replies":[{"embeddable":true,"href":"https:\/\/feuerwehr-muessen.de\/index.php\/wp-json\/wp\/v2\/comments?post=112"}],"version-history":[{"count":3,"href":"https:\/\/feuerwehr-muessen.de\/index.php\/wp-json\/wp\/v2\/pages\/112\/revisions"}],"predecessor-version":[{"id":717,"href":"https:\/\/feuerwehr-muessen.de\/index.php\/wp-json\/wp\/v2\/pages\/112\/revisions\/717"}],"wp:attachment":[{"href":"https:\/\/feuerwehr-muessen.de\/index.php\/wp-json\/wp\/v2\/media?parent=112"}],"curies":[{"name":"wp","href":"https:\/\/api.w.org\/{rel}","templated":true}]}}