{"id":110,"date":"2015-06-03T18:04:28","date_gmt":"2015-06-03T16:04:28","guid":{"rendered":"http:\/\/test.feuerwehr-muessen.de\/?page_id=110"},"modified":"2017-03-15T22:14:54","modified_gmt":"2017-03-15T21:14:54","slug":"berichte-2005","status":"publish","type":"page","link":"https:\/\/feuerwehr-muessen.de\/index.php\/berichte-2005\/","title":{"rendered":"Berichte 2005"},"content":{"rendered":"<h3 class=\"berichte\">29.12.2005<\/h3>\n<p><span class=\"p_berichte\">Alarmierung durch Sirenenausl\u00f6sung um 14:30 Uhr. Bei der ersten Funkabfrage durch eintreffende Kameraden am Ger\u00e4tehaus, stellte sich heraus, dass es eine Fehlalarmierung war. &#8222;Auch so etwas kommt mal vor.&#8220; <\/span><\/p>\n<h3 class=\"berichte\">04.12.2005<\/h3>\n<p><span class=\"p_berichte\">Alarmierung f\u00fcr Feuer auf dem Raiffeisengel\u00e4nde in M\u00fcssen. Um 13:35 Uhr wurden wir \u00fcber Sirene zu einem Feuer auf dem Raiffeisengel\u00e4nde alarmiert. Das TLF r\u00fcckte als erstes Fahrzeug aus und meldete w\u00e4hrend das LF 8 auf der Anfahrt war, dass es sich um brennenden Unrat hinter den gro\u00dfen Silos auf dem Raiffeisengel\u00e4nde handelt. Der Unrat wurde mit einem Trupp mittels 500 Liter Wasser abgel\u00f6scht. Die Gruppe vom LF 8 kam nicht mehr zum Einsatz. <\/span><\/p>\n<h3 class=\"berichte\">08.11.2005<\/h3>\n<p><span class=\"p_berichte\">Alarmierung um 5:30 Uhr \u00fcber Sirene, die Meldung lautete &#8222;brennt Papiercontainer&#8220;. Das TLF und das LF r\u00fcckten mit voller Besetzung um 5:35 Uhr aus. Auf dem LF 8 r\u00fcsteten sich zwei Kameraden mit PA aus und gingen mit dem Schnellangriff vom TLF vor. Der Papiercontainer wurde vom PA-Trupp auf die Seite gelegt und mit ca. 300 Ltr. Wasser abgel\u00f6scht. Der Einsatz war um 6:00 Uhr abgearbeitet. <\/span><\/p>\n<h3 class=\"berichte\">26.10.2005<\/h3>\n<p><span class=\"p_berichte\">Einsatz\u00fcbung an der Grundschule in M\u00fcssen. Um 9:30 Uhr wurde die Sirene ausgel\u00f6st und Zeitgleich lief der interne Schulalarm bei Feuer. Die Grundschulkinder der 1.-4. Klassen verliesen daraufhin zusammen mit den Lehrern das Schulgeb\u00e4ude. Zwei Klassen war der Fluchtweg durch Rauchgase versperrt und wurden mit Hilfe der Feuerwehr durch die Fenster gerettet. Ein PA-Trupp begab sich in die Schule und sorgte mittels Bel\u00fcften f\u00fcr Abhilfe. Die Schulkinder und die Lehrer begaben sich wie ge\u00fcbt sehr geordnet in die Turnhalle, bis die \u00dcbung beendet war.<!--<a href=\"schuluebung.htm\" class=\"Stil11\"> Bildmaterial der \u00dcbung <\/a>--><\/span><\/p>\n<h3 class=\"berichte\">30.07.2005<\/h3>\n<p><span class=\"p_berichte\">Um 1:02 Uhr wurden wir zu einem Gro\u00dfbrand in B\u00fcchen alarmiert. Dort stand im Gewerbegebiet am Heideweg eine 3000 Quadratmeter gro\u00dfe Halle der Heilmann GmbH, einem Kartoffel-Gro\u00dfhandel, in Flammen. Wir r\u00fcckten mit allen 3 Fahrzeugen und 24 Einsatzkr\u00e4ften zu diesem Einsatz aus. Insgesamt waren etwa 200 Feuerwehrleute mit rund 20 Strahlrohren, Wenderohren und Wasserwerfern im Einsatz. Durch den geballten Einsatz konnte ein \u00dcbergreifen der Flammen auf den n\u00e4chsten Brandabschnitt mit einer Grundfl\u00e4che von 3500 Quadratmetern verhindert werden. Der Schaden wurde zun\u00e4chst auf mehr als eine Million Euro gesch\u00e4tzt. Um 6:30 Uhr wurden wir durch die Kameraden aus Witzeeze abgel\u00f6st und r\u00fcckten wieder in die Wache ein. Das war bereits der dritte Einsatz innerhalb von 24 Stunden f\u00fcr die M\u00fcssener Wehr.<\/span><\/p>\n","protected":false},"excerpt":{"rendered":"<p>29.12.2005 Alarmierung durch Sirenenausl\u00f6sung um 14:30 Uhr. Bei der ersten Funkabfrage durch eintreffende Kameraden am Ger\u00e4tehaus, stellte sich heraus, dass es eine Fehlalarmierung war. &#8222;Auch so etwas kommt mal vor.&#8220; 04.12.2005 Alarmierung f\u00fcr Feuer auf dem Raiffeisengel\u00e4nde in M\u00fcssen. Um 13:35 Uhr wurden wir \u00fcber Sirene zu einem Feuer auf dem Raiffeisengel\u00e4nde alarmiert. Das TLF &hellip; <a href=\"https:\/\/feuerwehr-muessen.de\/index.php\/berichte-2005\/\" class=\"more-link\"><span class=\"screen-reader-text\">Berichte 2005<\/span> weiterlesen <span class=\"meta-nav\">&rarr;<\/span><\/a><\/p>\n","protected":false},"author":1,"featured_media":0,"parent":0,"menu_order":0,"comment_status":"closed","ping_status":"closed","template":"","meta":{"ngg_post_thumbnail":0,"footnotes":""},"class_list":["post-110","page","type-page","status-publish","hentry"],"_links":{"self":[{"href":"https:\/\/feuerwehr-muessen.de\/index.php\/wp-json\/wp\/v2\/pages\/110","targetHints":{"allow":["GET"]}}],"collection":[{"href":"https:\/\/feuerwehr-muessen.de\/index.php\/wp-json\/wp\/v2\/pages"}],"about":[{"href":"https:\/\/feuerwehr-muessen.de\/index.php\/wp-json\/wp\/v2\/types\/page"}],"author":[{"embeddable":true,"href":"https:\/\/feuerwehr-muessen.de\/index.php\/wp-json\/wp\/v2\/users\/1"}],"replies":[{"embeddable":true,"href":"https:\/\/feuerwehr-muessen.de\/index.php\/wp-json\/wp\/v2\/comments?post=110"}],"version-history":[{"count":3,"href":"https:\/\/feuerwehr-muessen.de\/index.php\/wp-json\/wp\/v2\/pages\/110\/revisions"}],"predecessor-version":[{"id":715,"href":"https:\/\/feuerwehr-muessen.de\/index.php\/wp-json\/wp\/v2\/pages\/110\/revisions\/715"}],"wp:attachment":[{"href":"https:\/\/feuerwehr-muessen.de\/index.php\/wp-json\/wp\/v2\/media?parent=110"}],"curies":[{"name":"wp","href":"https:\/\/api.w.org\/{rel}","templated":true}]}}